{"id":800,"date":"2024-10-30T07:26:48","date_gmt":"2024-10-30T07:26:48","guid":{"rendered":"https:\/\/lopiaseczno.waw.pl\/?page_id=800"},"modified":"2024-10-30T07:34:03","modified_gmt":"2024-10-30T07:34:03","slug":"erasmus-edukacja-ku-przyszlosci","status":"publish","type":"page","link":"https:\/\/lopiaseczno.waw.pl\/index.php\/erasmus-edukacja-ku-przyszlosci\/","title":{"rendered":"Erasmus+ \u201eEdukacja ku przysz\u0142o\u015bci\u201d"},"content":{"rendered":"\t\t<div data-elementor-type=\"wp-page\" data-elementor-id=\"800\" class=\"elementor elementor-800\" data-elementor-post-type=\"page\">\n\t\t\t\t<div class=\"elementor-element elementor-element-501df70 e-flex e-con-boxed e-con e-parent\" data-id=\"501df70\" data-element_type=\"container\" data-settings=\"{&quot;background_background&quot;:&quot;classic&quot;}\">\n\t\t\t\t\t<div class=\"e-con-inner\">\n\t\t\t\t<div class=\"elementor-element elementor-element-e4ec392 elementor-widget elementor-widget-heading\" data-id=\"e4ec392\" data-element_type=\"widget\" data-widget_type=\"heading.default\">\n\t\t\t\t<div class=\"elementor-widget-container\">\n\t\t\t\t\t<h2 class=\"elementor-heading-title elementor-size-default\">Erasmus+ \u201eEdukacja ku przysz\u0142o\u015bci\u201d<\/h2>\t\t\t\t<\/div>\n\t\t\t\t<\/div>\n\t\t\t\t\t<\/div>\n\t\t\t\t<\/div>\n\t\t<div class=\"elementor-element elementor-element-5164822 e-flex e-con-boxed e-con e-parent\" data-id=\"5164822\" data-element_type=\"container\" data-settings=\"{&quot;background_background&quot;:&quot;classic&quot;}\">\n\t\t\t\t\t<div class=\"e-con-inner\">\n\t\t<div class=\"elementor-element elementor-element-6eb4aa8 e-con-full e-flex e-con e-child\" data-id=\"6eb4aa8\" data-element_type=\"container\">\n\t\t<div class=\"elementor-element elementor-element-b72bb8a e-con-full e-flex e-con e-child\" data-id=\"b72bb8a\" data-element_type=\"container\">\n\t\t<div class=\"elementor-element elementor-element-ff32369 e-con-full e-flex e-con e-child\" data-id=\"ff32369\" data-element_type=\"container\">\n\t\t\t\t<div class=\"elementor-element elementor-element-1ae66a1 elementor-widget elementor-widget-text-editor\" data-id=\"1ae66a1\" data-element_type=\"widget\" data-widget_type=\"text-editor.default\">\n\t\t\t\t<div class=\"elementor-widget-container\">\n\t\t\t\t\t\t\t\t\t<p>Serdecznie zapraszamy na funpage projektu Erasmus+ \u201eEdukacja ku przysz\u0142o\u015bci\u201d klikaj\u0105c\u00a0<a role=\"link\" href=\"https:\/\/www.facebook.com\/groups\/1156300474510831\/\">TUTAJ<\/a><\/p><p>\u2014\u2014\u2014\u2014\u2014\u2014\u2014\u2014\u2014\u2014\u2014\u2014\u2014\u2014\u2014\u2014\u2014\u2014\u2014\u2014\u2014<\/p><p>Projekt \u201eEdukacja ku przysz\u0142o\u015bci\u201d realizowany b\u0119dzie w IV Liceum Og\u00f3lnokszta\u0142c\u0105cym im. I Dywizji Ko\u015bciuszkowskiej w Piasecznie w terminie od 02\/10\/2017 do 01\/05\/2019. Projekt odpowiada na potrzeby naszej plac\u00f3wki zdefiniowane w ramach Europejskiego Planu Rozwoju Szko\u0142y. Jego g\u0142\u00f3wne cele to:<\/p><ol><li>podniesienie poziomu nauczania poprzez wzrost motywacji uczni\u00f3w dzi\u0119ki zastosowaniu innowacyjnych i kreatywnych metod nauczania przez wszystkich nauczycieli.<\/li><li>opracowanie katalogu innowacyjnych metod pracy do wykorzystania na wielu r\u00f3\u017cnych przedmiotach<\/li><li>zwi\u0119kszenie liczby godzin lekcyjnych, na kt\u00f3rych nauczyciele b\u0119d\u0105 stosowali innowacyjne metody pracy oparte na urz\u0105dzeniach mobilnych i mediach spo\u0142eczno\u015bciowych.<\/li><li>opracowanie prezentacji multimedialnej prezentuj\u0105cej przyk\u0142ady wykorzystania medi\u00f3w spo\u0142eczno\u015bciowych na lekcjach<\/li><li>podniesienie jako\u015bci dydaktyki w zakresie nauczania j\u0119zyk\u00f3w obcych.<\/li><li>podniesienie poziomu kompetencji mi\u0119kkich wszystkich nauczycieli, jako wk\u0142ad w ich rozw\u00f3j osobisty<\/li><li>polepszenie relacji na linii ucze\u0144-nauczyciel, mniejsza ilo\u015b\u0107 konflikt\u00f3w, wzrost zaufania do nauczycieli<\/li><li>podniesienie stopnia wiedzy i umiej\u0119tno\u015bci kadry pedagogicznej z zakresu organizacji procesu dydaktycznego w klasach wielokulturowych<\/li><li>zniwelowanie problemu wyklucze\u0144 z powodu r\u00f3\u017cnic kulturowych i j\u0119zykowych<\/li><li>opracowanie zestawu zalece\u0144 post\u0119powania w klasach wielokulturowych<\/li><li>pog\u0142\u0119bienie przez uczestnik\u00f3w projektu stopnia znajomo\u015bci j\u0119zyka angielskiego do poziomu co najmniej B1+ podczas doskonalenia zawodowego polegaj\u0105cego na udziale w kursie j\u0119zyka angielskiego.<\/li><\/ol><p>Uczestnikami projektu b\u0119dzie 17 nauczycieli \u2013 dyrektor i vice-dyrektor szko\u0142y, psycholog i pedagog szkolny, dwoje nauczycieli polonist\u00f3w, nauczyciel geografii, 7 nauczycieli j\u0119zyka angielskiego, nauczyciel j\u0119zyka francuskiego oraz nauczyciel j\u0119zyka rosyjskiego<\/p><p>G\u0142\u00f3wne dzia\u0142ania projektowe to udzia\u0142 w szkoleniach z zakresu: stosowania kreatywnych metod aktywizuj\u0105cych, korzystania z TIK (urz\u0105dzenia mobilne i media spo\u0142eczno\u015bciowe), metodyki nauczania j\u0119zyk\u00f3w obcych, rozwijania kompetencji mi\u0119kkich oraz nauczania klas wielokulturowych. Uzyskanie za\u0142o\u017conych cel\u00f3w odbywa\u0107 si\u0119 b\u0119dzie poprzez wymian\u0119 nabytej wiedzy i umiej\u0119tno\u015bci pomi\u0119dzy uczestnikami projektu. Do rezultat\u00f3w projektu zaliczamy zrealizowanie wszystkich cel\u00f3w opisanych wy\u017cej.<\/p><p>Podj\u0119te zostan\u0105\u00a0 dzia\u0142ania upowszechniaj\u0105ce rezultaty projektu zar\u00f3wno w obr\u0119bie instytucji jak i poza ni\u0105. W czasie trwania projektu b\u0119dzie on poddawany sta\u0142ej ewaluacji.<\/p><p>The project \u201eEducation for the Future\u201d reflects the needs of our school as defined under the European School Development Plan. Its main objectives are:<\/p><ul><li>to raise the level and quality of education by increasing students\u2019 motivation through implementation of innovative and creative teaching methods,<\/li><li>to develop a catalogue of innovative working methods to be used in a variety of subjects<\/li><li>to implement the use of mobile devices and social media in increasing number of lessons<\/li><li>to develop a multimedia presentation of various uses of social media in the classroom<\/li><li>to improve the quality of teaching in the field of foreign language teaching<\/li><li>to increase the level of soft skills of all teachers<\/li><li>to improve the relations between the student and the teacher \u2013 to reduce the number of conflicts and increase the confidence in teachers<\/li><li>to increase the level of knowledge and skills of the teaching staff in conducting educational processes in multicultural classroom,<\/li><li>to eliminate the problem of exclusion due to cultural and linguistic differences<\/li><li>to develop a set of recommendations of conduct in multicultural classes<\/li><li>to improve the participants\u2019 level of English language proficiency to the level of at least B1+ during the training involving the participation in an English language course.<\/li><\/ul><p>The participants of the project will be 17 teachers \u2013 the director and vice-director of the school psychologist and counsellor, two Polish teachers, a geography teacher, 7 teachers of English, a 3 teachers of foreign languages \u2013 French, Russian and German.<\/p><p>The main project activities include participation in trainings in the field of: implementing creative and activating methods, the use of ICT (mobile devices and social media), the methodology of teaching foreign languages, the development of soft skills and teaching multicultural classes. The goals are planned to be achieved through the exchange of acquired knowledge and skills between the participants. By the outcome of the project we understand achieving all the objectives listed above.<\/p><p>Efforts will be undertaken to popularise the project results both within the institution and outside it. During the project, it will be subjected to continual evaluation.<\/p>\t\t\t\t\t\t\t\t<\/div>\n\t\t\t\t<\/div>\n\t\t\t\t<div class=\"elementor-element elementor-element-cc1675d elementor-widget elementor-widget-gallery\" data-id=\"cc1675d\" data-element_type=\"widget\" data-settings=\"{&quot;columns&quot;:3,&quot;lazyload&quot;:&quot;yes&quot;,&quot;gallery_layout&quot;:&quot;grid&quot;,&quot;columns_tablet&quot;:2,&quot;columns_mobile&quot;:1,&quot;gap&quot;:{&quot;unit&quot;:&quot;px&quot;,&quot;size&quot;:10,&quot;sizes&quot;:[]},&quot;gap_tablet&quot;:{&quot;unit&quot;:&quot;px&quot;,&quot;size&quot;:10,&quot;sizes&quot;:[]},&quot;gap_mobile&quot;:{&quot;unit&quot;:&quot;px&quot;,&quot;size&quot;:10,&quot;sizes&quot;:[]},&quot;aspect_ratio&quot;:&quot;3:2&quot;,&quot;overlay_background&quot;:&quot;yes&quot;,&quot;content_hover_animation&quot;:&quot;fade-in&quot;}\" data-widget_type=\"gallery.default\">\n\t\t\t\t<div class=\"elementor-widget-container\">\n\t\t\t\t\t\t\t<div class=\"elementor-gallery__container\">\n\t\t\t\t\t\t\t<div class=\"e-gallery-item elementor-gallery-item elementor-animated-content\">\n\t\t\t\t\t<div class=\"e-gallery-image elementor-gallery-item__image\" data-thumbnail=\"https:\/\/lopiaseczno.waw.pl\/wp-content\/uploads\/2024\/10\/drama1-300x225-1.jpg\" data-width=\"300\" data-height=\"225\" aria-label=\"\" role=\"img\" ><\/div>\n\t\t\t\t\t\t\t\t\t\t\t<div class=\"elementor-gallery-item__overlay\"><\/div>\n\t\t\t\t\t\t\t\t\t\t\t\t\t\t<\/div>\n\t\t\t\t\t\t\t<div class=\"e-gallery-item elementor-gallery-item elementor-animated-content\">\n\t\t\t\t\t<div class=\"e-gallery-image elementor-gallery-item__image\" data-thumbnail=\"https:\/\/lopiaseczno.waw.pl\/wp-content\/uploads\/2024\/10\/drama2-300x225-1.jpg\" data-width=\"300\" data-height=\"225\" aria-label=\"\" role=\"img\" ><\/div>\n\t\t\t\t\t\t\t\t\t\t\t<div class=\"elementor-gallery-item__overlay\"><\/div>\n\t\t\t\t\t\t\t\t\t\t\t\t\t\t<\/div>\n\t\t\t\t\t\t\t<div class=\"e-gallery-item elementor-gallery-item elementor-animated-content\">\n\t\t\t\t\t<div class=\"e-gallery-image elementor-gallery-item__image\" data-thumbnail=\"https:\/\/lopiaseczno.waw.pl\/wp-content\/uploads\/2024\/10\/drama3-300x225-1.jpg\" data-width=\"300\" data-height=\"225\" aria-label=\"\" role=\"img\" ><\/div>\n\t\t\t\t\t\t\t\t\t\t\t<div class=\"elementor-gallery-item__overlay\"><\/div>\n\t\t\t\t\t\t\t\t\t\t\t\t\t\t<\/div>\n\t\t\t\t\t\t\t<div class=\"e-gallery-item elementor-gallery-item elementor-animated-content\">\n\t\t\t\t\t<div class=\"e-gallery-image elementor-gallery-item__image\" data-thumbnail=\"https:\/\/lopiaseczno.waw.pl\/wp-content\/uploads\/2024\/10\/IMG_20180715_150328-225x300-1.jpg\" data-width=\"225\" data-height=\"300\" aria-label=\"\" role=\"img\" ><\/div>\n\t\t\t\t\t\t\t\t\t\t\t<div class=\"elementor-gallery-item__overlay\"><\/div>\n\t\t\t\t\t\t\t\t\t\t\t\t\t\t<\/div>\n\t\t\t\t\t\t\t<div class=\"e-gallery-item elementor-gallery-item elementor-animated-content\">\n\t\t\t\t\t<div class=\"e-gallery-image elementor-gallery-item__image\" data-thumbnail=\"https:\/\/lopiaseczno.waw.pl\/wp-content\/uploads\/2024\/10\/IMG_20180716_115238-225x300-1.jpg\" data-width=\"225\" data-height=\"300\" aria-label=\"\" role=\"img\" ><\/div>\n\t\t\t\t\t\t\t\t\t\t\t<div class=\"elementor-gallery-item__overlay\"><\/div>\n\t\t\t\t\t\t\t\t\t\t\t\t\t\t<\/div>\n\t\t\t\t\t\t\t<div class=\"e-gallery-item elementor-gallery-item elementor-animated-content\">\n\t\t\t\t\t<div class=\"e-gallery-image elementor-gallery-item__image\" data-thumbnail=\"https:\/\/lopiaseczno.waw.pl\/wp-content\/uploads\/2024\/10\/IMG_20180716_120234-225x300-1.jpg\" data-width=\"225\" data-height=\"300\" aria-label=\"\" role=\"img\" ><\/div>\n\t\t\t\t\t\t\t\t\t\t\t<div class=\"elementor-gallery-item__overlay\"><\/div>\n\t\t\t\t\t\t\t\t\t\t\t\t\t\t<\/div>\n\t\t\t\t\t\t\t<div class=\"e-gallery-item elementor-gallery-item elementor-animated-content\">\n\t\t\t\t\t<div class=\"e-gallery-image elementor-gallery-item__image\" data-thumbnail=\"https:\/\/lopiaseczno.waw.pl\/wp-content\/uploads\/2024\/10\/IMG_20180721_120940-300x225-1.jpg\" data-width=\"300\" data-height=\"225\" aria-label=\"\" role=\"img\" ><\/div>\n\t\t\t\t\t\t\t\t\t\t\t<div class=\"elementor-gallery-item__overlay\"><\/div>\n\t\t\t\t\t\t\t\t\t\t\t\t\t\t<\/div>\n\t\t\t\t\t<\/div>\n\t\t\t\t\t<\/div>\n\t\t\t\t<\/div>\n\t\t\t\t<\/div>\n\t\t\t\t<\/div>\n\t\t\t\t<\/div>\n\t\t\t\t\t<\/div>\n\t\t\t\t<\/div>\n\t\t\t\t<\/div>\n\t\t","protected":false},"excerpt":{"rendered":"<p>Erasmus+ \u201eEdukacja ku przysz\u0142o\u015bci\u201d Serdecznie zapraszamy na funpage projektu Erasmus+ \u201eEdukacja ku przysz\u0142o\u015bci\u201d klikaj\u0105c\u00a0TUTAJ \u2014\u2014\u2014\u2014\u2014\u2014\u2014\u2014\u2014\u2014\u2014\u2014\u2014\u2014\u2014\u2014\u2014\u2014\u2014\u2014\u2014 Projekt \u201eEdukacja ku przysz\u0142o\u015bci\u201d realizowany b\u0119dzie w IV Liceum Og\u00f3lnokszta\u0142c\u0105cym im. I Dywizji Ko\u015bciuszkowskiej w Piasecznie w terminie od 02\/10\/2017 do 01\/05\/2019. Projekt odpowiada na potrzeby naszej plac\u00f3wki zdefiniowane w ramach Europejskiego Planu Rozwoju Szko\u0142y. Jego g\u0142\u00f3wne cele to: podniesienie [&hellip;]<\/p>\n","protected":false},"author":1,"featured_media":0,"parent":0,"menu_order":0,"comment_status":"closed","ping_status":"closed","template":"elementor_header_footer","meta":{"_acf_changed":false,"inline_featured_image":false,"footnotes":""},"class_list":["post-800","page","type-page","status-publish","hentry"],"acf":[],"_links":{"self":[{"href":"https:\/\/lopiaseczno.waw.pl\/index.php\/wp-json\/wp\/v2\/pages\/800","targetHints":{"allow":["GET"]}}],"collection":[{"href":"https:\/\/lopiaseczno.waw.pl\/index.php\/wp-json\/wp\/v2\/pages"}],"about":[{"href":"https:\/\/lopiaseczno.waw.pl\/index.php\/wp-json\/wp\/v2\/types\/page"}],"author":[{"embeddable":true,"href":"https:\/\/lopiaseczno.waw.pl\/index.php\/wp-json\/wp\/v2\/users\/1"}],"replies":[{"embeddable":true,"href":"https:\/\/lopiaseczno.waw.pl\/index.php\/wp-json\/wp\/v2\/comments?post=800"}],"version-history":[{"count":14,"href":"https:\/\/lopiaseczno.waw.pl\/index.php\/wp-json\/wp\/v2\/pages\/800\/revisions"}],"predecessor-version":[{"id":824,"href":"https:\/\/lopiaseczno.waw.pl\/index.php\/wp-json\/wp\/v2\/pages\/800\/revisions\/824"}],"wp:attachment":[{"href":"https:\/\/lopiaseczno.waw.pl\/index.php\/wp-json\/wp\/v2\/media?parent=800"}],"curies":[{"name":"wp","href":"https:\/\/api.w.org\/{rel}","templated":true}]}}