{"id":747,"date":"2024-10-30T07:05:49","date_gmt":"2024-10-30T07:05:49","guid":{"rendered":"https:\/\/lopiaseczno.waw.pl\/?page_id=747"},"modified":"2024-10-30T07:10:01","modified_gmt":"2024-10-30T07:10:01","slug":"narzedzia-dla-nauczycieli-i-uczniow","status":"publish","type":"page","link":"https:\/\/lopiaseczno.waw.pl\/index.php\/narzedzia-dla-nauczycieli-i-uczniow\/","title":{"rendered":"Narz\u0119dzia dla nauczycieli i uczni\u00f3w"},"content":{"rendered":"\t\t<div data-elementor-type=\"wp-page\" data-elementor-id=\"747\" class=\"elementor elementor-747\" data-elementor-post-type=\"page\">\n\t\t\t\t<div class=\"elementor-element elementor-element-501df70 e-flex e-con-boxed e-con e-parent\" data-id=\"501df70\" data-element_type=\"container\" data-settings=\"{&quot;background_background&quot;:&quot;classic&quot;}\">\n\t\t\t\t\t<div class=\"e-con-inner\">\n\t\t\t\t<div class=\"elementor-element elementor-element-e4ec392 elementor-widget elementor-widget-heading\" data-id=\"e4ec392\" data-element_type=\"widget\" data-widget_type=\"heading.default\">\n\t\t\t\t<div class=\"elementor-widget-container\">\n\t\t\t\t\t<h2 class=\"elementor-heading-title elementor-size-default\">Narz\u0119dzia dla nauczycieli i uczni\u00f3w<\/h2>\t\t\t\t<\/div>\n\t\t\t\t<\/div>\n\t\t\t\t\t<\/div>\n\t\t\t\t<\/div>\n\t\t<div class=\"elementor-element elementor-element-5164822 e-con-full e-flex e-con e-parent\" data-id=\"5164822\" data-element_type=\"container\" data-settings=\"{&quot;background_background&quot;:&quot;classic&quot;}\">\n\t\t<div class=\"elementor-element elementor-element-6eb4aa8 e-con-full e-flex e-con e-child\" data-id=\"6eb4aa8\" data-element_type=\"container\">\n\t\t<div class=\"elementor-element elementor-element-b72bb8a e-con-full e-flex e-con e-child\" data-id=\"b72bb8a\" data-element_type=\"container\">\n\t\t<div class=\"elementor-element elementor-element-ff32369 e-con-full e-flex e-con e-child\" data-id=\"ff32369\" data-element_type=\"container\">\n\t\t\t\t<div class=\"elementor-element elementor-element-1ae66a1 elementor-widget elementor-widget-text-editor\" data-id=\"1ae66a1\" data-element_type=\"widget\" data-widget_type=\"text-editor.default\">\n\t\t\t\t<div class=\"elementor-widget-container\">\n\t\t\t\t\t\t\t\t\t<p><strong>Strony www dla nauczycieli<\/strong><\/p><p><a role=\"link\" href=\"http:\/\/www.tes.com\/\">www.tes.com<\/a>\u00a0(interaktywne lekcje, projekty, prezentacje)<\/p><p><a role=\"link\" href=\"http:\/\/www.edpuzzle.com\/\">www.edpuzzle.com<\/a>\u00a0(przyk\u0142adowe lekcje, biblioteka online,\u00a0 dostosowywanie film\u00f3w z youtube do potrzeb lekcji)<\/p><p><a role=\"link\" href=\"http:\/\/www.learningapps.org\/\">www.learningapps.org<\/a>\u00a0(tworzenie test\u00f3w wyboru, test\u00f3w luk, puzzli, krzy\u017c\u00f3wek itp.)<\/p><p><a role=\"link\" href=\"http:\/\/www.blogger.com\/\">www.blogger.com<\/a>\u00a0(tworzenie bloga)<\/p><p><a role=\"link\" href=\"http:\/\/www.wix.com\/\">www.wix.com<\/a>\u00a0(tworzenie stron www)<\/p><p><a role=\"link\" href=\"http:\/\/www.tondoo.com\/\">www.tondoo.com<\/a>\u00a0(tworzenie komiks\u00f3w)<\/p><p><a role=\"link\" href=\"http:\/\/www.wordart.com\/\">www.wordart.com<\/a>\u00a0(tworzenie Word Clouds i Mind Maps)<\/p><p><a role=\"link\" href=\"http:\/\/www.visuwords.com\/\">www.visuwords.com<\/a>\u00a0(bardzo dobry s\u0142ownik)<\/p><p><a role=\"link\" href=\"http:\/\/www.classtools.net\/\">www.classtools.net<\/a>\u00a0(przydatne aplikacje do wykorzystania na lekcji)<\/p><p><a role=\"link\" href=\"http:\/\/www.kahoot.com\/\">www.kahoot.com<\/a>\u00a0(interaktywne quizy)<\/p><p><a role=\"link\" href=\"http:\/\/www.linguahouse.com\/\">www.linguahouse.com<\/a>\u00a0(przyk\u0142adowe scenariusze lekcji)<\/p><p><a role=\"link\" href=\"http:\/\/www.bbc.co.uk\/learningenglish\">www.bbc.co.uk\/learningenglish<\/a>\u00a0(wiadomo\u015bci, artyku\u0142y, kr\u00f3tkie lekcje)<\/p><p><strong>\u00a0<\/strong><\/p><p><strong>Strony www dla uczni\u00f3w<\/strong><\/p><p><strong>S\u0142owniki<\/strong><\/p><p><a role=\"link\" href=\"http:\/\/www.macmillandictionary.com\/\">www.macmillandictionary.com<\/a><\/p><p><a role=\"link\" href=\"http:\/\/www.oxforddictionaries.com\/\">www.oxforddictionaries.com<\/a><\/p><p><a role=\"link\" href=\"http:\/\/www.visuwords.com\/\">www.visuwords.com<\/a><\/p><p><a role=\"link\" href=\"http:\/\/www.thesaurus.com\/\">www.thesaurus.com<\/a><\/p><p><strong>\u00a0<\/strong><\/p><p><strong>Strony do tworzenia avatar\u00f3w<\/strong><\/p><p><a role=\"link\" href=\"http:\/\/www.voki.com\/\">www.voki.com<\/a><\/p><p><a role=\"link\" href=\"http:\/\/www.hexatar.com\/\">www.hexatar.com<\/a><\/p><p><a role=\"link\" href=\"http:\/\/www.home.mywebface.com\/\">www.home.mywebface.com<\/a><\/p><p>\u00a0<\/p><p><b>Strony do samodzielnej nauki<\/b><\/p><p><a role=\"link\" href=\"http:\/\/www.bbc.co.uk\/learningenglish\">www.bbc.co.uk\/learningenglish<\/a><\/p>\t\t\t\t\t\t\t\t<\/div>\n\t\t\t\t<\/div>\n\t\t\t\t<\/div>\n\t\t\t\t<\/div>\n\t\t\t\t<\/div>\n\t\t\t\t<\/div>\n\t\t\t\t<\/div>\n\t\t","protected":false},"excerpt":{"rendered":"<p>Narz\u0119dzia dla nauczycieli i uczni\u00f3w Strony www dla nauczycieli www.tes.com\u00a0(interaktywne lekcje, projekty, prezentacje) www.edpuzzle.com\u00a0(przyk\u0142adowe lekcje, biblioteka online,\u00a0 dostosowywanie film\u00f3w z youtube do potrzeb lekcji) www.learningapps.org\u00a0(tworzenie test\u00f3w wyboru, test\u00f3w luk, puzzli, krzy\u017c\u00f3wek itp.) www.blogger.com\u00a0(tworzenie bloga) www.wix.com\u00a0(tworzenie stron www) www.tondoo.com\u00a0(tworzenie komiks\u00f3w) www.wordart.com\u00a0(tworzenie Word Clouds i Mind Maps) www.visuwords.com\u00a0(bardzo dobry s\u0142ownik) www.classtools.net\u00a0(przydatne aplikacje do wykorzystania na lekcji) www.kahoot.com\u00a0(interaktywne [&hellip;]<\/p>\n","protected":false},"author":1,"featured_media":0,"parent":0,"menu_order":0,"comment_status":"closed","ping_status":"closed","template":"elementor_header_footer","meta":{"_acf_changed":false,"inline_featured_image":false,"footnotes":""},"class_list":["post-747","page","type-page","status-publish","hentry"],"acf":[],"_links":{"self":[{"href":"https:\/\/lopiaseczno.waw.pl\/index.php\/wp-json\/wp\/v2\/pages\/747","targetHints":{"allow":["GET"]}}],"collection":[{"href":"https:\/\/lopiaseczno.waw.pl\/index.php\/wp-json\/wp\/v2\/pages"}],"about":[{"href":"https:\/\/lopiaseczno.waw.pl\/index.php\/wp-json\/wp\/v2\/types\/page"}],"author":[{"embeddable":true,"href":"https:\/\/lopiaseczno.waw.pl\/index.php\/wp-json\/wp\/v2\/users\/1"}],"replies":[{"embeddable":true,"href":"https:\/\/lopiaseczno.waw.pl\/index.php\/wp-json\/wp\/v2\/comments?post=747"}],"version-history":[{"count":13,"href":"https:\/\/lopiaseczno.waw.pl\/index.php\/wp-json\/wp\/v2\/pages\/747\/revisions"}],"predecessor-version":[{"id":768,"href":"https:\/\/lopiaseczno.waw.pl\/index.php\/wp-json\/wp\/v2\/pages\/747\/revisions\/768"}],"wp:attachment":[{"href":"https:\/\/lopiaseczno.waw.pl\/index.php\/wp-json\/wp\/v2\/media?parent=747"}],"curies":[{"name":"wp","href":"https:\/\/api.w.org\/{rel}","templated":true}]}}