{"id":732,"date":"2024-10-30T06:46:42","date_gmt":"2024-10-30T06:46:42","guid":{"rendered":"https:\/\/lopiaseczno.waw.pl\/?page_id=732"},"modified":"2024-10-30T07:10:35","modified_gmt":"2024-10-30T07:10:35","slug":"wiedziec-wiecej-dzialac-lepiej","status":"publish","type":"page","link":"https:\/\/lopiaseczno.waw.pl\/index.php\/wiedziec-wiecej-dzialac-lepiej\/","title":{"rendered":"Wiedzie\u0107 wi\u0119cej &#8211; dzia\u0142a\u0107 lepiej"},"content":{"rendered":"\t\t<div data-elementor-type=\"wp-page\" data-elementor-id=\"732\" class=\"elementor elementor-732\" data-elementor-post-type=\"page\">\n\t\t\t\t<div class=\"elementor-element elementor-element-501df70 e-flex e-con-boxed e-con e-parent\" data-id=\"501df70\" data-element_type=\"container\" data-settings=\"{&quot;background_background&quot;:&quot;classic&quot;}\">\n\t\t\t\t\t<div class=\"e-con-inner\">\n\t\t\t\t<div class=\"elementor-element elementor-element-e4ec392 elementor-widget elementor-widget-heading\" data-id=\"e4ec392\" data-element_type=\"widget\" data-widget_type=\"heading.default\">\n\t\t\t\t<div class=\"elementor-widget-container\">\n\t\t\t\t\t<h2 class=\"elementor-heading-title elementor-size-default\">Wiedzie\u0107 wi\u0119cej - dzia\u0142a\u0107 lepiej<\/h2>\t\t\t\t<\/div>\n\t\t\t\t<\/div>\n\t\t\t\t\t<\/div>\n\t\t\t\t<\/div>\n\t\t<div class=\"elementor-element elementor-element-5164822 e-flex e-con-boxed e-con e-parent\" data-id=\"5164822\" data-element_type=\"container\" data-settings=\"{&quot;background_background&quot;:&quot;classic&quot;}\">\n\t\t\t\t\t<div class=\"e-con-inner\">\n\t\t<div class=\"elementor-element elementor-element-6eb4aa8 e-con-full e-flex e-con e-child\" data-id=\"6eb4aa8\" data-element_type=\"container\">\n\t\t<div class=\"elementor-element elementor-element-b72bb8a e-con-full e-flex e-con e-child\" data-id=\"b72bb8a\" data-element_type=\"container\">\n\t\t<div class=\"elementor-element elementor-element-ff32369 e-con-full e-flex e-con e-child\" data-id=\"ff32369\" data-element_type=\"container\">\n\t\t\t\t<div class=\"elementor-element elementor-element-1ae66a1 elementor-widget elementor-widget-text-editor\" data-id=\"1ae66a1\" data-element_type=\"widget\" data-widget_type=\"text-editor.default\">\n\t\t\t\t<div class=\"elementor-widget-container\">\n\t\t\t\t\t\t\t\t\t<p>Projekt \u201eWiedzie\u0107 wi\u0119cej \u2013 dzia\u0142a\u0107 lepiej\u201d realizowany w IV Liceum Og\u00f3lnokszta\u0142c\u0105cym w Piasecznie jest finansowany ze \u015brodk\u00f3w unijnych w ramach programu POWER. Projekt trwa od 15.11.2016 r. do 14.04.2018 r.<\/p>\t\t\t\t\t\t\t\t<\/div>\n\t\t\t\t<\/div>\n\t\t\t\t<div class=\"elementor-element elementor-element-12cad29 elementor-widget elementor-widget-image\" data-id=\"12cad29\" data-element_type=\"widget\" data-widget_type=\"image.default\">\n\t\t\t\t<div class=\"elementor-widget-container\">\n\t\t\t\t\t\t\t\t\t\t\t\t\t\t\t<img fetchpriority=\"high\" decoding=\"async\" width=\"640\" height=\"480\" src=\"https:\/\/lopiaseczno.waw.pl\/wp-content\/uploads\/2024\/10\/e12.jpg\" class=\"attachment-full size-full wp-image-736\" alt=\"\" srcset=\"https:\/\/lopiaseczno.waw.pl\/wp-content\/uploads\/2024\/10\/e12.jpg 640w, https:\/\/lopiaseczno.waw.pl\/wp-content\/uploads\/2024\/10\/e12-300x225.jpg 300w\" sizes=\"(max-width: 640px) 100vw, 640px\" \/>\t\t\t\t\t\t\t\t\t\t\t\t\t\t\t<\/div>\n\t\t\t\t<\/div>\n\t\t\t\t<div class=\"elementor-element elementor-element-1ec90af elementor-widget elementor-widget-text-editor\" data-id=\"1ec90af\" data-element_type=\"widget\" data-widget_type=\"text-editor.default\">\n\t\t\t\t<div class=\"elementor-widget-container\">\n\t\t\t\t\t\t\t\t\t<p>G\u0142\u00f3wnym celem projektu jest zwi\u0119kszenie kompetencji kadry nauczycielskiej, kt\u00f3re przyczyni\u0105 si\u0119 do ulepszenia jako\u015bci nauczania m\u0142odzie\u017cy szkolnej. Nowa wiedza, umiej\u0119tno\u015bci i do\u015bwiadczenie uzyskane w innych krajach Unii Europejskiej wzmocni\u0105 otwarto\u015b\u0107 nauczycieli na spo\u0142eczno\u015b\u0107 mi\u0119dzynarodow\u0105, u\u0142atwi\u0105 korzystanie z dorobku naukowego pa\u0144stw cz\u0142onkowskich (korzystanie z OER \u2013 otwartych zasob\u00f3w edukacyjnych), pozwol\u0105 wdro\u017cy\u0107 innowacyjne, efektywne formy i metody nauczania z wykorzystaniem narz\u0119dzi ICT, a tak\u017ce przyczyni\u0105 si\u0119 do nawi\u0105zania kontakt\u00f3w partnerskich i stworzenia sieci kontakt\u00f3w mi\u0119dzynarodowych.<\/p><p>W projekcie uczestniczy 17 nauczycieli (w\u015br\u00f3d nich znajduje si\u0119 dyrektor szko\u0142y, pedagog i psycholog szkolny). Wszyscy uczestnicy s\u0105 zaanga\u017cowani w realizacj\u0119 programu, kt\u00f3rego celem jest pomoc uczniom klas humanistycznych w prze\u0142amaniu barier i niech\u0119ci wobec nauk \u015bcis\u0142ych oraz wzmocnienie ich umiej\u0119tno\u015bci analitycznego i krytycznego my\u015blenia, przedsi\u0119biorczo\u015bci oraz kompetencji j\u0119zykowych. Wierzymy, \u017ce dzi\u0119ki naszym dzia\u0142aniom wzmocnimy ich szanse na rynku pracy.<\/p>\t\t\t\t\t\t\t\t<\/div>\n\t\t\t\t<\/div>\n\t\t\t\t<div class=\"elementor-element elementor-element-d663ae3 elementor-widget elementor-widget-image\" data-id=\"d663ae3\" data-element_type=\"widget\" data-widget_type=\"image.default\">\n\t\t\t\t<div class=\"elementor-widget-container\">\n\t\t\t\t\t\t\t\t\t\t\t\t\t\t\t<img decoding=\"async\" width=\"768\" height=\"576\" src=\"https:\/\/lopiaseczno.waw.pl\/wp-content\/uploads\/2024\/10\/e13-768x576-1.jpg\" class=\"attachment-full size-full wp-image-737\" alt=\"\" srcset=\"https:\/\/lopiaseczno.waw.pl\/wp-content\/uploads\/2024\/10\/e13-768x576-1.jpg 768w, https:\/\/lopiaseczno.waw.pl\/wp-content\/uploads\/2024\/10\/e13-768x576-1-300x225.jpg 300w\" sizes=\"(max-width: 768px) 100vw, 768px\" \/>\t\t\t\t\t\t\t\t\t\t\t\t\t\t\t<\/div>\n\t\t\t\t<\/div>\n\t\t\t\t<div class=\"elementor-element elementor-element-c2ac683 elementor-widget elementor-widget-text-editor\" data-id=\"c2ac683\" data-element_type=\"widget\" data-widget_type=\"text-editor.default\">\n\t\t\t\t<div class=\"elementor-widget-container\">\n\t\t\t\t\t\t\t\t\t<p>Realizacji cel\u00f3w i zada\u0144 stawianych sobie przez szko\u0142\u0119 w obszarze rozwoju europejskiego maj\u0105 s\u0142u\u017cy\u0107 planowane aktywno\u015bci:<\/p><p>\u2013 udzia\u0142 w kursach j\u0119zykowych w celu podnoszenia kompetencji j\u0119zykowych,<\/p><p>\u2013 wyjazdy nauczycieli na warsztaty doskonal\u0105ce metody nauczania, stosowanie \u015brodk\u00f3w ICT w nauczaniu,<\/p><p>\u2013 wyjazdy nauczycieli j\u0119zyk\u00f3w obcych na warsztaty doskonal\u0105ce metody i techniki nauczania j\u0119zyk\u00f3w obcych oraz doskonal\u0105ce umiej\u0119tno\u015bci j\u0119zykowe i wiedz\u0119 kulturow\u0105.<\/p><p>\u2013 udzia\u0142 w kursie obserwacyjnym w celu poznania sposobu funkcjonowania szk\u00f3\u0142 w innych systemach edukacyjnych.<\/p><p>Mobilno\u015bci nauczycieli odbywaj\u0105 si\u0119 w Wielkiej Brytanii, Irlandii, Francji, Niemczech, Austrii, Hiszpanii oraz na Malcie.<\/p>\t\t\t\t\t\t\t\t<\/div>\n\t\t\t\t<\/div>\n\t\t\t\t<div class=\"elementor-element elementor-element-868eb40 elementor-widget elementor-widget-image\" data-id=\"868eb40\" data-element_type=\"widget\" data-widget_type=\"image.default\">\n\t\t\t\t<div class=\"elementor-widget-container\">\n\t\t\t\t\t\t\t\t\t\t\t\t\t\t\t<img decoding=\"async\" width=\"640\" height=\"480\" src=\"https:\/\/lopiaseczno.waw.pl\/wp-content\/uploads\/2024\/10\/e14.jpg\" class=\"attachment-full size-full wp-image-738\" alt=\"\" srcset=\"https:\/\/lopiaseczno.waw.pl\/wp-content\/uploads\/2024\/10\/e14.jpg 640w, https:\/\/lopiaseczno.waw.pl\/wp-content\/uploads\/2024\/10\/e14-300x225.jpg 300w\" sizes=\"(max-width: 640px) 100vw, 640px\" \/>\t\t\t\t\t\t\t\t\t\t\t\t\t\t\t<\/div>\n\t\t\t\t<\/div>\n\t\t\t\t<div class=\"elementor-element elementor-element-43b7fcd elementor-widget elementor-widget-text-editor\" data-id=\"43b7fcd\" data-element_type=\"widget\" data-widget_type=\"text-editor.default\">\n\t\t\t\t<div class=\"elementor-widget-container\">\n\t\t\t\t\t\t\t\t\t<p>Oczekiwanym rezultatem projektu b\u0119dzie nabycie przez nauczycieli kompetencji\u00a0 j\u0119zykowych i merytorycznych pozwalaj\u0105cych im pracowa\u0107 z wykorzystaniem nowoczesnych metod u\u017cywaj\u0105c Otwartych Zasob\u00f3w Edukacyjnych i innych materia\u0142\u00f3w autentycznych. Zak\u0142ada si\u0119 r\u00f3wnie\u017c wzrost jako\u015bci nauczania j\u0119zyk\u00f3w obcych, ze szczeg\u00f3lnym uwzgl\u0119dnieniem komponentu kulturowego.<\/p>\t\t\t\t\t\t\t\t<\/div>\n\t\t\t\t<\/div>\n\t\t\t\t<\/div>\n\t\t\t\t<\/div>\n\t\t\t\t<\/div>\n\t\t\t\t\t<\/div>\n\t\t\t\t<\/div>\n\t\t<div class=\"elementor-element elementor-element-b5b96af e-flex e-con-boxed e-con e-parent\" data-id=\"b5b96af\" data-element_type=\"container\">\n\t\t\t\t\t<div class=\"e-con-inner\">\n\t\t\t\t\t<\/div>\n\t\t\t\t<\/div>\n\t\t\t\t<\/div>\n\t\t","protected":false},"excerpt":{"rendered":"<p>Wiedzie\u0107 wi\u0119cej &#8211; dzia\u0142a\u0107 lepiej Projekt \u201eWiedzie\u0107 wi\u0119cej \u2013 dzia\u0142a\u0107 lepiej\u201d realizowany w IV Liceum Og\u00f3lnokszta\u0142c\u0105cym w Piasecznie jest finansowany ze \u015brodk\u00f3w unijnych w ramach programu POWER. Projekt trwa od 15.11.2016 r. do 14.04.2018 r. G\u0142\u00f3wnym celem projektu jest zwi\u0119kszenie kompetencji kadry nauczycielskiej, kt\u00f3re przyczyni\u0105 si\u0119 do ulepszenia jako\u015bci nauczania m\u0142odzie\u017cy szkolnej. Nowa wiedza, umiej\u0119tno\u015bci [&hellip;]<\/p>\n","protected":false},"author":1,"featured_media":0,"parent":0,"menu_order":0,"comment_status":"closed","ping_status":"closed","template":"elementor_header_footer","meta":{"_acf_changed":false,"inline_featured_image":false,"footnotes":""},"class_list":["post-732","page","type-page","status-publish","hentry"],"acf":[],"_links":{"self":[{"href":"https:\/\/lopiaseczno.waw.pl\/index.php\/wp-json\/wp\/v2\/pages\/732","targetHints":{"allow":["GET"]}}],"collection":[{"href":"https:\/\/lopiaseczno.waw.pl\/index.php\/wp-json\/wp\/v2\/pages"}],"about":[{"href":"https:\/\/lopiaseczno.waw.pl\/index.php\/wp-json\/wp\/v2\/types\/page"}],"author":[{"embeddable":true,"href":"https:\/\/lopiaseczno.waw.pl\/index.php\/wp-json\/wp\/v2\/users\/1"}],"replies":[{"embeddable":true,"href":"https:\/\/lopiaseczno.waw.pl\/index.php\/wp-json\/wp\/v2\/comments?post=732"}],"version-history":[{"count":17,"href":"https:\/\/lopiaseczno.waw.pl\/index.php\/wp-json\/wp\/v2\/pages\/732\/revisions"}],"predecessor-version":[{"id":4559,"href":"https:\/\/lopiaseczno.waw.pl\/index.php\/wp-json\/wp\/v2\/pages\/732\/revisions\/4559"}],"wp:attachment":[{"href":"https:\/\/lopiaseczno.waw.pl\/index.php\/wp-json\/wp\/v2\/media?parent=732"}],"curies":[{"name":"wp","href":"https:\/\/api.w.org\/{rel}","templated":true}]}}