{"id":584,"date":"2024-10-29T13:21:27","date_gmt":"2024-10-29T13:21:27","guid":{"rendered":"https:\/\/lopiaseczno.waw.pl\/?page_id=584"},"modified":"2024-10-29T13:34:23","modified_gmt":"2024-10-29T13:34:23","slug":"historia-szkoly","status":"publish","type":"page","link":"https:\/\/lopiaseczno.waw.pl\/index.php\/historia-szkoly\/","title":{"rendered":"Historia szko\u0142y"},"content":{"rendered":"\t\t<div data-elementor-type=\"wp-page\" data-elementor-id=\"584\" class=\"elementor elementor-584\" data-elementor-post-type=\"page\">\n\t\t\t\t<div class=\"elementor-element elementor-element-501df70 e-flex e-con-boxed e-con e-parent\" data-id=\"501df70\" data-element_type=\"container\" data-settings=\"{&quot;background_background&quot;:&quot;classic&quot;}\">\n\t\t\t\t\t<div class=\"e-con-inner\">\n\t\t\t\t<div class=\"elementor-element elementor-element-e4ec392 elementor-widget elementor-widget-heading\" data-id=\"e4ec392\" data-element_type=\"widget\" data-widget_type=\"heading.default\">\n\t\t\t\t<div class=\"elementor-widget-container\">\n\t\t\t\t\t<h2 class=\"elementor-heading-title elementor-size-default\">Historia szko\u0142y<\/h2>\t\t\t\t<\/div>\n\t\t\t\t<\/div>\n\t\t\t\t\t<\/div>\n\t\t\t\t<\/div>\n\t\t<div class=\"elementor-element elementor-element-5164822 e-flex e-con-boxed e-con e-parent\" data-id=\"5164822\" data-element_type=\"container\" data-settings=\"{&quot;background_background&quot;:&quot;classic&quot;}\">\n\t\t\t\t\t<div class=\"e-con-inner\">\n\t\t<div class=\"elementor-element elementor-element-6eb4aa8 e-con-full e-flex e-con e-child\" data-id=\"6eb4aa8\" data-element_type=\"container\">\n\t\t<div class=\"elementor-element elementor-element-b72bb8a e-con-full e-flex e-con e-child\" data-id=\"b72bb8a\" data-element_type=\"container\">\n\t\t<div class=\"elementor-element elementor-element-bfd5090 e-con-full e-flex e-con e-child\" data-id=\"bfd5090\" data-element_type=\"container\">\n\t\t\t\t<div class=\"elementor-element elementor-element-2eea989 elementor-widget elementor-widget-heading\" data-id=\"2eea989\" data-element_type=\"widget\" data-widget_type=\"heading.default\">\n\t\t\t\t<div class=\"elementor-widget-container\">\n\t\t\t\t\t<h2 class=\"elementor-heading-title elementor-size-default\">Poznaj histori\u0119 swojej szko\u0142y<\/h2>\t\t\t\t<\/div>\n\t\t\t\t<\/div>\n\t\t\t\t<div class=\"elementor-element elementor-element-1ae66a1 elementor-widget elementor-widget-text-editor\" data-id=\"1ae66a1\" data-element_type=\"widget\" data-widget_type=\"text-editor.default\">\n\t\t\t\t<div class=\"elementor-widget-container\">\n\t\t\t\t\t\t\t\t\t<p style=\"text-align: left;\">Na przestrzeni swojej historii pod kierownictwem kolejnych dyrektor\u00f3w szko\u0142a skutecznie realizuje podstawowe cele dydaktyczne i wychowawcze. Wychowankowie Liceum zdobywaj\u0105 laury, absolwenci Liceum zdaj\u0105 egzaminy na wy\u017csze studia, zajmuj\u0105 odpowiedzialne stanowiska zawodowe. Uczni\u00f3w przybywa, powi\u0119ksza si\u0119 te\u017c baza szkolna, powstaje m.in. pracownia komputerowa. Wysoki poziom nauki zapewnia fachowa kadra.<\/p>\t\t\t\t\t\t\t\t<\/div>\n\t\t\t\t<\/div>\n\t\t\t\t<\/div>\n\t\t<div class=\"elementor-element elementor-element-9a78831 e-con-full e-flex e-con e-child\" data-id=\"9a78831\" data-element_type=\"container\">\n\t\t\t\t<div class=\"elementor-element elementor-element-f9e7702 elementor-widget elementor-widget-image\" data-id=\"f9e7702\" data-element_type=\"widget\" data-widget_type=\"image.default\">\n\t\t\t\t<div class=\"elementor-widget-container\">\n\t\t\t\t\t\t\t\t\t\t\t\t\t\t\t<img fetchpriority=\"high\" decoding=\"async\" width=\"325\" height=\"236\" src=\"https:\/\/lopiaseczno.waw.pl\/wp-content\/uploads\/2024\/10\/s2.jpg\" class=\"attachment-full size-full wp-image-586\" alt=\"\" srcset=\"https:\/\/lopiaseczno.waw.pl\/wp-content\/uploads\/2024\/10\/s2.jpg 325w, https:\/\/lopiaseczno.waw.pl\/wp-content\/uploads\/2024\/10\/s2-300x218.jpg 300w\" sizes=\"(max-width: 325px) 100vw, 325px\" \/>\t\t\t\t\t\t\t\t\t\t\t\t\t\t\t<\/div>\n\t\t\t\t<\/div>\n\t\t\t\t<\/div>\n\t\t\t\t<\/div>\n\t\t\t\t<\/div>\n\t\t\t\t\t<\/div>\n\t\t\t\t<\/div>\n\t\t<div class=\"elementor-element elementor-element-3415a35 e-flex e-con-boxed e-con e-parent\" data-id=\"3415a35\" data-element_type=\"container\" data-settings=\"{&quot;background_background&quot;:&quot;classic&quot;}\">\n\t\t\t\t\t<div class=\"e-con-inner\">\n\t\t<div class=\"elementor-element elementor-element-221f204 e-con-full e-flex e-con e-child\" data-id=\"221f204\" data-element_type=\"container\">\n\t\t<div class=\"elementor-element elementor-element-b47f7b4 e-con-full e-flex e-con e-child\" data-id=\"b47f7b4\" data-element_type=\"container\">\n\t\t<div class=\"elementor-element elementor-element-8a41843 e-con-full e-flex e-con e-child\" data-id=\"8a41843\" data-element_type=\"container\">\n\t\t\t\t<div class=\"elementor-element elementor-element-8df9339 elementor-widget elementor-widget-text-editor\" data-id=\"8df9339\" data-element_type=\"widget\" data-widget_type=\"text-editor.default\">\n\t\t\t\t<div class=\"elementor-widget-container\">\n\t\t\t\t\t\t\t\t\t<div class=\"icon_box vc_custom_1512939509133 standart clearfix\"><div class=\"icon_alignment_left\"><div class=\"icon_text\"><p><strong>1946<\/strong> Zygmunt Dworakowski, burmistrz Piaseczna, p\u00f3\u017aniejszy prezydent Warszawy organizuje Spo\u0142eczne Liceum Og\u00f3lnokszta\u0142c\u0105ce przy ulicy Zgoda (4 izby lekcyjne, 2 zmiany, 15 pierwszych absolwent\u00f3w w 1949 roku).<\/p><\/div><\/div><\/div><div class=\"icon_box vc_custom_1512939563645 standart clearfix\"><div class=\"icon_alignment_left\"><div class=\"icon vc_custom_1512939563643\">\u00a0<\/div><div class=\"icon_text\"><p><strong>1950<\/strong> Upa\u0144stwowienie szko\u0142y, dyrektor Stanis\u0142aw Strzy\u017cewski. Dzi\u0119ki staraniom dyrektora Lewkowskiego i rodzic\u00f3w buduje si\u0119 szko\u0142\u0119. Nowa szko\u0142a to jedenastolatka. Klasy podstawowe i licealne.<\/p><\/div><\/div><\/div><div class=\"icon_box vc_custom_1512942529124 standart clearfix\"><div class=\"icon_alignment_left\"><div class=\"icon vc_custom_1512942529121\">\u00a0<\/div><div class=\"icon_text\"><p><strong>1959<\/strong> Tadeusz Tokarski, dyrektor Liceum Og\u00f3lnokszta\u0142c\u0105cego, mgr matematyki. Dzi\u0119ki osobistemu zaanga\u017cowaniu dyrektora i nauczycieli, zw\u0142aszcza polonisty Tadeusza Trzeciaka powstaj\u0105 nowe pracownie przedmiotowe.<\/p><p>W kronice szkolnej zachowa\u0142 si\u0119 wpis:<\/p><p>\u201eW imieniu Dow\u00f3dztwa, Oficer\u00f3w i \u017bo\u0142nierzy I-szej Warszawskiej Dywizji Zmechanizowanej im. T. Ko\u015bciuszki. W dniu przemianowania szko\u0142y nr 34 i nadania Jej Imienia naszej Dywizji, moc serdecznych \u017cycze\u0144 dla Kierownictwa, grona Nauczycieli, Komitetu Rodzicielskiego i m\u0142odzie\u017cy szkolnej. Od delegacji Ko\u015bciuszkowskiej\u201d<\/p><\/div><\/div><\/div><div class=\"icon_box vc_custom_1512942590513 standart clearfix\"><div class=\"icon_alignment_left\"><div class=\"icon vc_custom_1512942590511\">\u00a0<\/div><div class=\"icon_text\"><p><strong>1960.X.22<\/strong> Przekazanie Szkole sztandaru<strong><br \/><\/strong>Szko\u0142a przygotowywa\u0142a si\u0119 do tej uroczysto\u015bci ju\u017c od pierwszego wrze\u015bnia. Sztandar to znak honoru tej szko\u0142y oraz naszej gotowo\u015bci w s\u0142u\u017cbie Nauki<\/p><\/div><\/div><\/div><div class=\"icon_box vc_custom_1512939598678 standart clearfix\"><div class=\"icon_alignment_left\"><div class=\"icon vc_custom_1512939598675\">\u00a0<\/div><div class=\"icon_text\"><p><strong>1967<\/strong> Zorganizowanie wystawy post\u0119pu pedagogicznego. Wystawa zwiedzana przez nauczycieli z ca\u0142ego kraju. Nast\u0119puje po\u0142\u0105czenie LO w Piasecznie z LO w Zalesiu Dolnym i LO w Skolimowie. Klasy podstawowe przesz\u0142y do nowej szko\u0142y. R\u00f3wnoczenie funkcjonowa\u0142o w tym budynku LO wieczorowe dla pracuj\u0105cych.<\/p><\/div><\/div><\/div><div class=\"icon_box vc_custom_1512939609962 standart clearfix\"><div class=\"icon_alignment_left\"><div class=\"icon vc_custom_1512939609960\">\u00a0<\/div><div class=\"icon_text\"><p><strong>1979<\/strong> Wraca do budynku szko\u0142a podstawowa klasy IV \u2013 VIII. Powstaje zesp\u00f3\u0142 szk\u00f3\u0142 og\u00f3lnokszta\u0142c\u0105cych. Dyrektorem zostaje Bogus\u0142aw Micza.<\/p><\/div><\/div><\/div><div class=\"icon_box vc_custom_1512939621308 standart clearfix\"><div class=\"icon_alignment_left\"><div class=\"icon vc_custom_1512939621306\">\u00a0<\/div><div class=\"icon_text\"><p><strong>1991<\/strong> Szko\u0142a staje si\u0119 plac\u00f3wk\u0105 samorz\u0105dow\u0105 prowadzon\u0105 przez gmin\u0119 Piaseczno, dyr. Ma\u0142gorzata Szamocka \u2013 pierwszy dyrektor z konkursu w kuratorium warszawskim.<\/p><\/div><\/div><\/div><div class=\"icon_box vc_custom_1512939632460 standart clearfix\"><div class=\"icon_alignment_left\"><div class=\"icon vc_custom_1512939632458\">\u00a0<\/div><div class=\"icon_text\"><p><strong>1992<\/strong> W wyniku konkursu dyrektorem zostaje Waldemar Kosakowski.<\/p><\/div><\/div><\/div><div class=\"icon_box vc_custom_1512939644866 standart clearfix\"><div class=\"icon_alignment_left\"><div class=\"icon vc_custom_1512939644864\">\u00a0<\/div><div class=\"icon_text\"><p><strong>1994<\/strong> Po odej\u015bciu ostatniej klasy podstawowej wszystkie pracownie i pomieszczenia s\u0105 wykorzystywane wy\u0142\u0105cznie przez uczni\u00f3w LO.<\/p><\/div><\/div><\/div><div class=\"icon_box vc_custom_1512939663634 standart clearfix\"><div class=\"icon_alignment_left\"><div class=\"icon vc_custom_1512939663632\">\u00a0<\/div><div class=\"icon_text\"><p><strong>1997<\/strong> Trwa rozbudowa szko\u0142y.<\/p><\/div><\/div><\/div><div class=\"icon_box vc_custom_1512939675409 standart clearfix\"><div class=\"icon_alignment_left\"><div class=\"icon vc_custom_1512939675407\">\u00a0<\/div><div class=\"icon_text\"><p><strong>1999<\/strong> W wyniku konkursu dyrektorem zostaje Halina Kubina i pe\u0142ni t\u0119 funkcj\u0119 do sierpnia 2007.<\/p><\/div><\/div><\/div><div class=\"icon_box vc_custom_1512939687365 standart clearfix\"><div class=\"icon_alignment_left\"><div class=\"icon vc_custom_1512939687363\">\u00a0<\/div><div class=\"icon_text\"><p><strong>2007<\/strong> W wyniku konkursu dyrektorem zostaje Barbara Chwedczuk.<\/p><\/div><\/div><\/div>\t\t\t\t\t\t\t\t<\/div>\n\t\t\t\t<\/div>\n\t\t\t\t<\/div>\n\t\t\t\t<\/div>\n\t\t\t\t<\/div>\n\t\t\t\t\t<\/div>\n\t\t\t\t<\/div>\n\t\t<div class=\"elementor-element elementor-element-81a5a03 e-flex e-con-boxed e-con e-parent\" data-id=\"81a5a03\" data-element_type=\"container\" data-settings=\"{&quot;background_background&quot;:&quot;classic&quot;}\">\n\t\t\t\t\t<div class=\"e-con-inner\">\n\t\t<div class=\"elementor-element elementor-element-621ba3f e-con-full e-flex e-con e-child\" data-id=\"621ba3f\" data-element_type=\"container\">\n\t\t<div class=\"elementor-element elementor-element-fda5783 e-con-full e-flex e-con e-child\" data-id=\"fda5783\" data-element_type=\"container\">\n\t\t<div class=\"elementor-element elementor-element-2c487d6 e-con-full e-flex e-con e-child\" data-id=\"2c487d6\" data-element_type=\"container\">\n\t\t\t\t<div class=\"elementor-element elementor-element-e051942 elementor-widget elementor-widget-image\" data-id=\"e051942\" data-element_type=\"widget\" data-widget_type=\"image.default\">\n\t\t\t\t<div class=\"elementor-widget-container\">\n\t\t\t\t\t\t\t\t\t\t\t\t\t\t\t<img decoding=\"async\" width=\"580\" height=\"460\" src=\"https:\/\/lopiaseczno.waw.pl\/wp-content\/uploads\/2024\/10\/ramka1.png\" class=\"attachment-large size-large wp-image-601\" alt=\"\" srcset=\"https:\/\/lopiaseczno.waw.pl\/wp-content\/uploads\/2024\/10\/ramka1.png 883w, https:\/\/lopiaseczno.waw.pl\/wp-content\/uploads\/2024\/10\/ramka1-300x238.png 300w, https:\/\/lopiaseczno.waw.pl\/wp-content\/uploads\/2024\/10\/ramka1-768x609.png 768w\" sizes=\"(max-width: 580px) 100vw, 580px\" \/>\t\t\t\t\t\t\t\t\t\t\t\t\t\t\t<\/div>\n\t\t\t\t<\/div>\n\t\t\t\t<\/div>\n\t\t<div class=\"elementor-element elementor-element-cca2ea9 e-con-full e-flex e-con e-child\" data-id=\"cca2ea9\" data-element_type=\"container\">\n\t\t\t\t<div class=\"elementor-element elementor-element-bad6ada elementor-widget elementor-widget-image\" data-id=\"bad6ada\" data-element_type=\"widget\" data-widget_type=\"image.default\">\n\t\t\t\t<div class=\"elementor-widget-container\">\n\t\t\t\t\t\t\t\t\t\t\t\t\t\t\t<img decoding=\"async\" width=\"580\" height=\"460\" src=\"https:\/\/lopiaseczno.waw.pl\/wp-content\/uploads\/2024\/10\/ramka1.png\" class=\"attachment-large size-large wp-image-601\" alt=\"\" srcset=\"https:\/\/lopiaseczno.waw.pl\/wp-content\/uploads\/2024\/10\/ramka1.png 883w, https:\/\/lopiaseczno.waw.pl\/wp-content\/uploads\/2024\/10\/ramka1-300x238.png 300w, https:\/\/lopiaseczno.waw.pl\/wp-content\/uploads\/2024\/10\/ramka1-768x609.png 768w\" sizes=\"(max-width: 580px) 100vw, 580px\" \/>\t\t\t\t\t\t\t\t\t\t\t\t\t\t\t<\/div>\n\t\t\t\t<\/div>\n\t\t\t\t<\/div>\n\t\t<div class=\"elementor-element elementor-element-521d1ed e-con-full e-flex e-con e-child\" data-id=\"521d1ed\" data-element_type=\"container\">\n\t\t\t\t<div class=\"elementor-element elementor-element-2077eb7 elementor-widget elementor-widget-image\" data-id=\"2077eb7\" data-element_type=\"widget\" data-widget_type=\"image.default\">\n\t\t\t\t<div class=\"elementor-widget-container\">\n\t\t\t\t\t\t\t\t\t\t\t\t\t\t\t<img decoding=\"async\" width=\"580\" height=\"460\" src=\"https:\/\/lopiaseczno.waw.pl\/wp-content\/uploads\/2024\/10\/ramka1.png\" class=\"attachment-large size-large wp-image-601\" alt=\"\" srcset=\"https:\/\/lopiaseczno.waw.pl\/wp-content\/uploads\/2024\/10\/ramka1.png 883w, https:\/\/lopiaseczno.waw.pl\/wp-content\/uploads\/2024\/10\/ramka1-300x238.png 300w, https:\/\/lopiaseczno.waw.pl\/wp-content\/uploads\/2024\/10\/ramka1-768x609.png 768w\" sizes=\"(max-width: 580px) 100vw, 580px\" \/>\t\t\t\t\t\t\t\t\t\t\t\t\t\t\t<\/div>\n\t\t\t\t<\/div>\n\t\t\t\t<\/div>\n\t\t\t\t<\/div>\n\t\t\t\t<\/div>\n\t\t\t\t\t<\/div>\n\t\t\t\t<\/div>\n\t\t<div class=\"elementor-element elementor-element-374673f e-flex e-con-boxed e-con e-parent\" data-id=\"374673f\" data-element_type=\"container\" data-settings=\"{&quot;background_background&quot;:&quot;classic&quot;}\">\n\t\t\t\t\t<div class=\"e-con-inner\">\n\t\t<div class=\"elementor-element elementor-element-5211e90 e-con-full e-flex e-con e-child\" data-id=\"5211e90\" data-element_type=\"container\">\n\t\t<div class=\"elementor-element elementor-element-895525d e-con-full e-flex e-con e-child\" data-id=\"895525d\" data-element_type=\"container\">\n\t\t<div class=\"elementor-element elementor-element-972f5c9 e-con-full e-flex e-con e-child\" data-id=\"972f5c9\" data-element_type=\"container\">\n\t\t\t\t<div class=\"elementor-element elementor-element-d0f4bb9 elementor-widget elementor-widget-text-editor\" data-id=\"d0f4bb9\" data-element_type=\"widget\" data-widget_type=\"text-editor.default\">\n\t\t\t\t<div class=\"elementor-widget-container\">\n\t\t\t\t\t\t\t\t\t<div class=\"icon_box vc_custom_1512939509133 standart clearfix\"><div class=\"icon_alignment_left\"><div class=\"icon_text\"><div class=\"wpb_text_column wpb_content_element  vc_custom_1512942392951\"><div class=\"wpb_wrapper\"><p><strong>W ci\u0105gu 55 lat istnienia Liceum mia\u0142y miejsce liczne wizyty znanych osobisto\u015bci mi\u0119dzy innymi:<\/strong><\/p><\/div><\/div><div class=\"icon_box vc_custom_1512942404364 standart clearfix\"><div class=\"icon_alignment_left\"><div class=\"icon vc_custom_1512942404362\">\u00a0<\/div><div class=\"icon_text\"><p><strong>1959<\/strong> \u2013 Przedstawiciele Wojska Polskiego-gen. in\u017c. Cepa, Czubryt-Borkowski<\/p><\/div><\/div><\/div><div class=\"icon_box vc_custom_1512942414650 standart clearfix\"><div class=\"icon_alignment_left\"><div class=\"icon vc_custom_1512942414649\">\u00a0<\/div><div class=\"icon_text\"><p><strong>3.X.1960<\/strong> \u2013 Kontradmira\u0142 Marynarki Wojennej Studzi\u0144ski z asyst\u0105<\/p><\/div><\/div><\/div><div class=\"icon_box vc_custom_1512942424651 standart clearfix\"><div class=\"icon_alignment_left\"><div class=\"icon vc_custom_1512942424649\">\u00a0<\/div><div class=\"icon_text\"><p><strong>20.IX.1959<\/strong> \u2013 S\u0142awny sportowiec Emil Zatopek<\/p><\/div><\/div><\/div><\/div><\/div><\/div>\t\t\t\t\t\t\t\t<\/div>\n\t\t\t\t<\/div>\n\t\t\t\t<\/div>\n\t\t\t\t<\/div>\n\t\t\t\t<\/div>\n\t\t\t\t\t<\/div>\n\t\t\t\t<\/div>\n\t\t\t\t<\/div>\n\t\t","protected":false},"excerpt":{"rendered":"<p>Historia szko\u0142y Poznaj histori\u0119 swojej szko\u0142y Na przestrzeni swojej historii pod kierownictwem kolejnych dyrektor\u00f3w szko\u0142a skutecznie realizuje podstawowe cele dydaktyczne i wychowawcze. Wychowankowie Liceum zdobywaj\u0105 laury, absolwenci Liceum zdaj\u0105 egzaminy na wy\u017csze studia, zajmuj\u0105 odpowiedzialne stanowiska zawodowe. Uczni\u00f3w przybywa, powi\u0119ksza si\u0119 te\u017c baza szkolna, powstaje m.in. pracownia komputerowa. Wysoki poziom nauki zapewnia fachowa kadra. 1946 [&hellip;]<\/p>\n","protected":false},"author":1,"featured_media":0,"parent":0,"menu_order":0,"comment_status":"closed","ping_status":"closed","template":"elementor_header_footer","meta":{"_acf_changed":false,"inline_featured_image":false,"footnotes":""},"class_list":["post-584","page","type-page","status-publish","hentry"],"acf":[],"_links":{"self":[{"href":"https:\/\/lopiaseczno.waw.pl\/index.php\/wp-json\/wp\/v2\/pages\/584","targetHints":{"allow":["GET"]}}],"collection":[{"href":"https:\/\/lopiaseczno.waw.pl\/index.php\/wp-json\/wp\/v2\/pages"}],"about":[{"href":"https:\/\/lopiaseczno.waw.pl\/index.php\/wp-json\/wp\/v2\/types\/page"}],"author":[{"embeddable":true,"href":"https:\/\/lopiaseczno.waw.pl\/index.php\/wp-json\/wp\/v2\/users\/1"}],"replies":[{"embeddable":true,"href":"https:\/\/lopiaseczno.waw.pl\/index.php\/wp-json\/wp\/v2\/comments?post=584"}],"version-history":[{"count":23,"href":"https:\/\/lopiaseczno.waw.pl\/index.php\/wp-json\/wp\/v2\/pages\/584\/revisions"}],"predecessor-version":[{"id":613,"href":"https:\/\/lopiaseczno.waw.pl\/index.php\/wp-json\/wp\/v2\/pages\/584\/revisions\/613"}],"wp:attachment":[{"href":"https:\/\/lopiaseczno.waw.pl\/index.php\/wp-json\/wp\/v2\/media?parent=584"}],"curies":[{"name":"wp","href":"https:\/\/api.w.org\/{rel}","templated":true}]}}