{"id":572,"date":"2024-10-29T13:06:05","date_gmt":"2024-10-29T13:06:05","guid":{"rendered":"https:\/\/lopiaseczno.waw.pl\/?page_id=572"},"modified":"2024-10-29T13:07:02","modified_gmt":"2024-10-29T13:07:02","slug":"inspektor-ochrony-danych","status":"publish","type":"page","link":"https:\/\/lopiaseczno.waw.pl\/index.php\/inspektor-ochrony-danych\/","title":{"rendered":"Inspektor ochrony danych"},"content":{"rendered":"\t\t<div data-elementor-type=\"wp-page\" data-elementor-id=\"572\" class=\"elementor elementor-572\" data-elementor-post-type=\"page\">\n\t\t\t\t<div class=\"elementor-element elementor-element-501df70 e-flex e-con-boxed e-con e-parent\" data-id=\"501df70\" data-element_type=\"container\" data-settings=\"{&quot;background_background&quot;:&quot;classic&quot;}\">\n\t\t\t\t\t<div class=\"e-con-inner\">\n\t\t\t\t<div class=\"elementor-element elementor-element-e4ec392 elementor-widget elementor-widget-heading\" data-id=\"e4ec392\" data-element_type=\"widget\" data-widget_type=\"heading.default\">\n\t\t\t\t<div class=\"elementor-widget-container\">\n\t\t\t\t\t<h2 class=\"elementor-heading-title elementor-size-default\">Inspektor ochrony danych<\/h2>\t\t\t\t<\/div>\n\t\t\t\t<\/div>\n\t\t\t\t\t<\/div>\n\t\t\t\t<\/div>\n\t\t<div class=\"elementor-element elementor-element-5164822 e-flex e-con-boxed e-con e-parent\" data-id=\"5164822\" data-element_type=\"container\" data-settings=\"{&quot;background_background&quot;:&quot;classic&quot;}\">\n\t\t\t\t\t<div class=\"e-con-inner\">\n\t\t<div class=\"elementor-element elementor-element-6eb4aa8 e-con-full e-flex e-con e-child\" data-id=\"6eb4aa8\" data-element_type=\"container\">\n\t\t<div class=\"elementor-element elementor-element-b72bb8a e-con-full e-flex e-con e-child\" data-id=\"b72bb8a\" data-element_type=\"container\">\n\t\t<div class=\"elementor-element elementor-element-ff32369 e-con-full e-flex e-con e-child\" data-id=\"ff32369\" data-element_type=\"container\">\n\t\t\t\t<div class=\"elementor-element elementor-element-1ae66a1 elementor-widget elementor-widget-text-editor\" data-id=\"1ae66a1\" data-element_type=\"widget\" data-widget_type=\"text-editor.default\">\n\t\t\t\t<div class=\"elementor-widget-container\">\n\t\t\t\t\t\t\t\t\t<p>Z dniem 25 maja 2018r. obowi\u0105zki Inspektora ochrony danych w IV liceum Og\u00f3lnokszta\u0142c\u0105cym w Piasecznie pe\u0142ni pan Mariusz Wawrze\u0144, z kt\u00f3rym kontaktowa\u0107 mo\u017cna si\u0119 poprzez e-mail:\u00a0<a role=\"link\" href=\"mailto:m.wawrzen@piaseczno.pl\">m.wawrzen@piaseczno.pl<\/a><\/p><p><strong>WYPE\u0141NIENIE OBOWI\u0104ZKU INFORMACYJNEGO DLA UCZNI\u00d3W I ICH RODZIC\u00d3W\/OPIEKUN\u00d3W<\/strong><\/p><ol><li><strong>\u00a0<\/strong><strong>\u00a0<\/strong><strong>Informacje dotycz\u0105ce administratora danych<\/strong><\/li><\/ol><p>Administratorem pa\u0144stwa danych przetwarzanych w zwi\u0105zku z rekrutacj\u0105 uczni\u00f3w b\u0119dzie IV Liceum Og\u00f3lnokszta\u0142c\u0105ce im. rtm. Witolda Pileckiego w Piasecznie. Oznacza to, \u017ce dyrektor IV LO w Piasecznie, jako osoba reprezentuj\u0105ca administratora odpowiada za ich przetwarzanie w spos\u00f3b bezpieczny i zgodny z obowi\u0105zuj\u0105cymi przepisami, a w obszarach, kt\u00f3rych nie reguluj\u0105 przepisy, zgodnie z uzyskanymi od Pa\u0144stwa klauzulami zgody. Mog\u0105 si\u0119 Pa\u0144stwo z nami kontaktowa\u0107 w nast\u0119puj\u0105cy spos\u00f3b:<\/p><p>\u2013 listownie na adres:\u00a0 \u00a0 \u00a0 IV Liceum Og\u00f3lnokszta\u0142c\u0105ce im. rtm. Witolda Pileckiego w Piasecznie, ul. Chyliczkowska 17, 05 \u2013 500 Piaseczno<\/p><p>\u2013 poprzez e-mail:\u00a0\u00a0\u00a0\u00a0\u00a0\u00a0\u00a0\u00a0\u00a0\u00a0 sekretariat@lopiaseczno.waw.pl<\/p><p>\u2013 telefonicznie: \u00a0\u00a0\u00a0\u00a0\u00a0\u00a0\u00a0\u00a0\u00a0\u00a0\u00a0\u00a0 (22) 756 74 13<\/p><p>\u2013 faxem:\u00a0\u00a0\u00a0\u00a0\u00a0\u00a0\u00a0\u00a0\u00a0\u00a0\u00a0\u00a0\u00a0\u00a0\u00a0\u00a0\u00a0\u00a0\u00a0\u00a0\u00a0\u00a0\u00a0 (22) 735 56 59<\/p><ol start=\"2\"><li><strong>Inspektor ochrony danych<\/strong><\/li><\/ol><p>Wyznaczyli\u015bmy inspektora ochrony danych. Jest to osoba, z kt\u00f3r\u0105 mog\u0105 si\u0119 Pa\u0144stwo kontaktowa\u0107 we wszystkich sprawach dotycz\u0105cych przetwarzania danych osobowych oraz korzystania z praw zwi\u0105zanych z przetwarzaniem danych. Z inspektorem\u00a0 ochrony danych mog\u0105 si\u0119 Pa\u0144stwo kontaktowa\u0107 w spos\u00f3b nast\u0119puj\u0105cy:<\/p><p>\u2013 listownie na adres: \u00a0\u00a0 Mariusz Wawrze\u0144 \u2013 Inspektor ochrony danych, IV Liceum Og\u00f3lnokszta\u0142c\u0105ce im. rtm. Witolda Pileckiego w Piasecznie, ul. Chyliczkowska 17, 05 \u2013 500 Piaseczno<\/p><p>\u2013 poprzez e-mail:\u00a0\u00a0\u00a0\u00a0\u00a0\u00a0\u00a0 m.wawrzen@piaseczno.pl<\/p><p>\u2013 telefonicznie: \u00a0\u00a0\u00a0\u00a0\u00a0\u00a0\u00a0\u00a0\u00a0\u00a0 (22) 756 61 76<\/p><ol start=\"3\"><li><strong>Cel przetwarzania Pa\u0144stwa danych<\/strong><\/li><\/ol><p>Dane uczni\u00f3w i ich rodzic\u00f3w lub \/i opiekun\u00f3w prawnych w trakcie trwania nauki wykorzystujemy w celu wykonywania ci\u0105\u017c\u0105cych na Szkole obowi\u0105zk\u00f3w prawnych do kt\u00f3rych nale\u017c\u0105:<\/p><ol><li><u>prowadzenia ksi\u0119gi uczni\u00f3w<\/u>\u00a0\u2013 w ksi\u0119dze tej wpisuje si\u0119 imi\u0119 (imiona) i nazwisko, dat\u0119 i miejsce urodzenia, numer PESEL oraz adres zamieszkania ucznia, imiona i\u00a0nazwiska rodzic\u00f3w oraz adresy ich zamieszkania, je\u017celi s\u0105 r\u00f3\u017cne od adresu zamieszkania ucznia, a tak\u017ce dat\u0119 rozpocz\u0119cia nauki w danej szkole oraz oddzia\u0142, do kt\u00f3rego ucznia przyj\u0119to. W ksi\u0119dze uczni\u00f3w odnotowuje si\u0119 dat\u0119 uko\u0144czenia szko\u0142y albo dat\u0119 i przyczyn\u0119 opuszczenia szko\u0142y przez ucznia;<\/li><li><u>prowadzenia dziennika lekcyjnego \u2013 do\u00a0<\/u>dziennika wpisuje si\u0119 nazwiska i imiona uczni\u00f3w albo s\u0142uchaczy, daty i miejsca urodzenia oraz adresy ich zamieszkania, imiona i nazwiska rodzic\u00f3w oraz adresy ich zamieszkania, je\u017celi s\u0105 r\u00f3\u017cne od adresu zamieszkania ucznia albo s\u0142uchacza, adresy poczty elektronicznej rodzic\u00f3w i\u00a0numery ich telefon\u00f3w, je\u017celi je posiadaj\u0105, imiona i nazwiska nauczycieli prowadz\u0105cych zaj\u0119cia edukacyjne oraz tygodniowy plan zaj\u0119\u0107 edukacyjnych. Do dziennika wpisuje si\u0119 r\u00f3wnie\u017c obecno\u015b\u0107 uczni\u00f3w na zaj\u0119ciach edukacyjnych, a\u00a0tak\u017ce liczb\u0119 godzin usprawiedliwionych i nieusprawie\u00addliwionych nieobecno\u015bci na tych zaj\u0119ciach oraz wpisuje si\u0119 tematy przeprowadzonych zaj\u0119\u0107 edukacyjnych, oceny bie\u017c\u0105ce, \u015br\u00f3droczne i roczne (semestralne) oceny klasyfikacyjne z zaj\u0119\u0107 edukacyjnych uzyskane przez uczni\u00f3w oraz \u015br\u00f3droczne i roczne oceny klasyfikacyjne zachowania;<\/li><li><u>prowadzenia arkuszy ocen oraz ksi\u0119gi arkuszy ocen\u00a0<\/u>\u2013 do arkusza ocen wpisuje si\u0119 ko\u0144cowe opisowe oceny klasyfikacyjne z zaj\u0119\u0107 edukacyjnych, roczne opisowe oceny klasyfikacyjne z zaj\u0119\u0107 edukacyjnych i roczne opisowe oceny klasyfikacyjne zachowania, informacje o wynikach egzamin\u00f3w maturalnych<u>;<\/u><\/li><li><u>prowadzenia dziennika pedagoga, psychologa, doradcy zawodowego\u00a0<\/u>\u2013 w dzienniku wpisuje si\u0119 tygodniowy plan zaj\u0119\u0107, zaj\u0119cia i czynno\u015bci przeprowadzone w\u00a0poszcze\u00adg\u00f3lnych dniach, w tym informacje o kontaktach z osobami i instytucjami, z kt\u00f3rymi wsp\u00f3\u0142dzia\u0142a przy wykonywaniu swoich zada\u0144, imiona i nazwiska dzieci, uczni\u00f3w, s\u0142uchaczy lub wychowank\u00f3w, obj\u0119tych r\u00f3\u017cnymi formami pomocy, w\u00a0szczeg\u00f3lno\u015bci pomoc\u0105 psycho\u00adlogiczno-pedagogiczn\u0105;<\/li><\/ol><p>Z danych przetwarzanych do realizacji wy\u017cej wymienionych obowi\u0105zk\u00f3w Szko\u0142a b\u0119dzie korzysta\u0107 przez czas niezb\u0119dny do:<\/p><ol><li>sprawowania opieki nad dzieckiem w trakcie przebywania w szkole oraz rejestracji jego wynik\u00f3w w nauce i zachowaniu,<\/li><li>przez czas, jaki przepis prawa lub instrukcja kancelaryjna szko\u0142y wymaga w zakresie przechowywania poszczeg\u00f3lnych rejestr\u00f3w, dziennik\u00f3w i ksi\u0105g ewidencyjnych.<\/li><li><strong>Zakres przetwarzanych danych o uczniach i ich rodzicach<\/strong><\/li><\/ol><p>Po zako\u0144czeniu rekrutacji i\u00a0przyj\u0119cia kandydat\u00f3w w poczet uczni\u00f3w Szko\u0142y pozyskiwane s\u0105 pozosta\u0142e dane w\u00a0zakre\u00adsie wymienionym w punkcie 3. Wszystkie, wymienione wy\u017cej dane pozyskiwane s\u0105 i\/lub ustalane w oparciu o wyniki nauczania na podstawie przepis\u00f3w prawa (ustawa o systemie o\u015bwiaty oraz rozporz\u0105dzenia Ministra Edukacji Narodowej w sprawie sposobu prowadzenia przez publiczne przedszkola, szko\u0142y i plac\u00f3wki dokumentacji przebiegu nauczania, dzia\u0142alno\u015bci wychowawczej i opieku\u0144czej oraz rodzaj\u00f3w tej dokumentacji).<\/p><p>W trakcie trwania nauki mog\u0105 by\u0107 w szczeg\u00f3lnych przypadkach pozyskiwane inne dane o uczniu takie jak jego wizerunek, informacje o jego udzia\u0142ach w organizowanych przez Szko\u0142\u0119 lub inne instytucje konkursach, olimpiadach, turniejach, zawodach i zdobywanych tam nagrodach w celu promowania Szko\u0142y poprzez ich publikacj\u0119 na stronie internetowej Szko\u0142y lub w innych mediach. Informacje w powy\u017cszym zakresie i celu mog\u0105 by\u0107 jednak pozyskiwane i przetwarzane jedynie pod warunkiem uzyskania zgody ich rodzic\u00f3w lub opiekun\u00f3w lub pe\u0142noletniego ucznia.<\/p><p>Bez odr\u0119bnej zgody mo\u017cna publikowa\u0107 imion i nazwisk laureat\u00f3w konkurs\u00f3w szkolnych i\u00a0olimpiad, ale wy\u0142\u0105cznie w\u00f3wczas, gdyby publikacj\u0119 takich danych przewidywa\u0142 regulamin danego konkursu, olimpiady, kt\u00f3rego akceptacja przez ucznia \/ jego rodzic\u00f3w by\u0142a warunkiem niezb\u0119dnym udzia\u0142u w konkursie\/olimpiadzie. Podobnej zgody wymaga publikacja wyr\u00f3\u017cnionej pracy. Je\u017celi w\u00a0regulaminie konkursu czy te\u017c olimpiady nie przewidziano takiego zapisu, w\u00f3wczas na publikacj\u0119 tych danych potrzebna b\u0119dzie pisemna zgoda uczni\u00f3w (je\u017celi s\u0105 pe\u0142noletni) lub ich rodzic\u00f3w (opiekun\u00f3w) \u2013 je\u015bli uczniowie s\u0105 niepe\u0142noletni.<\/p><ol start=\"5\"><li><strong>Okres przechowywania danych<\/strong><\/li><\/ol><p>Dane uczni\u00f3w przechowywane s\u0105 w zale\u017cno\u015bci od rodzaju dokumentacji odpowiednio:<\/p><ul><li>dziennik lekcyjny przez okres 5 lat;<\/li><li>ksi\u0119gi uczni\u00f3w przez okres 10 lat,<\/li><li>arkusze ocen przez okres 50 lat,<\/li><li>inne ewidencje takie jak rejestr czytelnik\u00f3w biblioteki przez okres nie d\u0142u\u017cszy ni\u017c do zako\u0144czenia nauki i rozliczenia si\u0119 z bibliotek\u0105,<\/li><li>pozosta\u0142e dane dotycz\u0105ce informacji zawartych w dzienniku pedagoga, psychologa, piel\u0119gniarki przechowywane s\u0105 zgodnie z przepisami szczeg\u00f3\u0142owymi w powy\u017cszym zakresie.<\/li><\/ul><ol start=\"6\"><li><strong>Komu przekazujemy Pa\u0144stwa dane i dane Pa\u0144stwa dzieci?<\/strong><\/li><\/ol><p>Dane Pa\u0144stwa i Pa\u0144stwa dzieci szko\u0142a przekazuje:<\/p><ul><li>podmiotom okre\u015blonym w przepisach prawa do kt\u00f3rych nale\u017c\u0105:<\/li><\/ul><ol><li>Minister Edukacji Narodowej \u2013 dane przekazywane poprze system informacji o\u015bwiatowej w zakresie wynikaj\u0105cym z przepis\u00f3w ustawy o\u00a0systemie informacji o\u015bwiatowej;<\/li><li>Okr\u0119gowa Komisja Egzaminacyjna- w zakresie wynikaj\u0105cym z\u00a0rozporz\u0105dze\u00adnia Ministra Edukacji Narodowej w sprawie szczeg\u00f3\u0142owych warunk\u00f3w i sposobu prowadzenia egzaminu egzaminu maturalnego;<\/li><li>s\u0105dom, policji i innym organom i s\u0142u\u017cbom prawnie uprawnionych do ich pozyskiwania i przetwarzania w zwi\u0105zku z realizacj\u0105 swoich zada\u0144 ustawowych \u2013 je\u015bli o nie wyst\u0105pi\u0105.<\/li><\/ol><ul><li>podmiotom przetwarzaj\u0105cym Wasza dane w naszym imieniu przez inne podmioty w zwi\u0105zku z realizacj\u0105 procesu nauczania, w tym:<\/li><\/ul><ol><li>podmiotom obs\u0142uguj\u0105cym nasze systemy teleinformatyczne lub dostarczaj\u0105cym nam us\u0142ugi informatyczne typu: dziennik elektroniczny, arkusz ocen i inne;<\/li><li>podmiotom \u015bwiadcz\u0105cym dla nas us\u0142ugi w zakresie poczty elektronicznej i innych us\u0142ug komunikacji elektronicznej.<\/li><li><strong>Przekazywanie danych poza Europejski Obszar Gospodarczy<\/strong><\/li><\/ol><p>Obecnie nasza szko\u0142a nie planuje przekazywa\u0107 Pa\u0144stwa danych poza EOG (obejmuj\u0105cy Uni\u0119 Europejsk\u0105, Norwegi\u0119, Liechtenstein i Islandi\u0119).<\/p><ol start=\"8\"><li><strong>Przys\u0142uguj\u0105ce uprawnienia zwi\u0105zane z przetwarzaniem Pa\u0144stwa danych<\/strong><\/li><\/ol><p>W zwi\u0105zku z przetwarzaniem danych osobowych przez IV Liceum Og\u00f3lnokszta\u0142c\u0105ce<\/p><p>w Piasecznie przys\u0142uguj\u0105 Pa\u0144stwu nast\u0119puj\u0105ce uprawnienia:<\/p><ul><li>prawo do sprostowanie (poprawienia) danych;<\/li><li>prawo \u017c\u0105dania usuni\u0119cia pa\u0144stwa danych przetwarzanych bezpodstawnie lub umieszczonych na podstawie zgody w naszych serwisach internetowych;<\/li><li>prawo do ograniczenie przetwarzania (wstrzymania operacji na danych lub nieusuwanie danych \u2013 stosownie do z\u0142o\u017conego wniosku);<\/li><li>prawo dost\u0119pu do Pa\u0144stwa danych (uzyskania informacji o przetwarzanych przez nas Waszych danych oraz o \u017c\u0105dania kopii przetwarzanych danych);<\/li><li>prawo do wycofanie zgody na przetwarzanie danych, kt\u00f3rych podstaw\u0105 przetwarzania by\u0142a wyra\u017cona wcze\u015bniej zgoda.<\/li><\/ul><p>Aby skorzysta\u0107 z powy\u017cszych praw, nale\u017cy si\u0119 skontaktowa\u0107 z nami lub z naszym inspektorem ochrony danych (dane kontaktowe zawarte s\u0105 w punktach 1 i 2.<\/p><ol start=\"9\"><li><strong>Prawo sprzeciwu<\/strong><\/li><\/ol><p>Niezale\u017cnie od praw wymienionych wy\u017cej mog\u0105 Pa\u0144stwo w dowolnym momencie wnie\u015b\u0107 sprzeciw wobec przetwarzania Pa\u0144stwa lub Pa\u0144stwa dzieci danych na potrzeby promocji naszej Szko\u0142y. Po przyj\u0119ciu wniosku w tej sprawie jeste\u015bmy zobowi\u0105zani do zaprzestania przetwarzania danych w tym celu.<\/p><p>W szczeg\u00f3lnych sytuacjach mog\u0105 Pa\u0144stwo w dowolnym momencie wnie\u015b\u0107 sprzeciw wobec przetwarzania przez nas Waszych danych osobowych, je\u015bli podstaw\u0105 wykorzystania danych jest nasz prawnie uzasadniony interes lub interes publiczny. W\u00a0takiej sytuacji, po rozpatrzeniu Pa\u0144stwa wniosku, nie b\u0119dziemy ju\u017c mogli przetwarza\u0107 danych osobowych obj\u0119tych sprzeciwem na tej podstawie, chyba \u017ce wyka\u017cemy, i\u017c istniej\u0105:<\/p><ul><li>wa\u017cne prawnie uzasadnione podstawy do przetwarzania danych, kt\u00f3re wed\u0142ug prawa uznaje si\u0119 za nadrz\u0119dne wobec Pa\u0144stwa interes\u00f3w, praw i wolno\u015bci, lub<\/li><li>podstawy do ustalenia, dochodzenia lub obrony roszcze\u0144.<\/li><\/ul><ol start=\"10\"><li><strong>Zgoda<\/strong><\/li><\/ol><p>Je\u017celi wykorzystanie przez nas Pa\u0144stwa lub Pa\u0144stwa dzieci danych nie jest konieczne do wype\u0142nienia obowi\u0105zku prawnego, wykonania umowy lub nie stanowi naszego prawnie uzasadnionego interesu, mo\u017cemy prosi\u0107 o wyra\u017cenie zgody na okre\u015blone sposoby wykorzystania Pa\u0144stwa danych. Taka zgoda mo\u017ce dotyczy\u0107 np. publikowania zdj\u0119\u0107 z\u00a0udzia\u0142u w imprezach szkolnych, udzia\u0142u w olimpiadach i konkursach szkolnych i\u00a0mi\u0119dzyszkolnych na potrzeby akcji promocyjnej Szko\u0142y. Udzielon\u0105 nam zgod\u0119 mog\u0105 Pa\u0144stwo w ka\u017cdej chwili wycofa\u0107 (nie b\u0119dzie to wp\u0142ywa\u0107 na zgodno\u015b\u0107 z prawem wykorzystania Pa\u0144stwa danych przed cofni\u0119ciem takiej zgody).<\/p><ol start=\"11\"><li><strong>Obowi\u0105zek podania danych<\/strong><\/li><\/ol><p>Podanie i przetwarzanie Pa\u0144stwa danych w zakresie wskazanym w punkcie 3 jest obowi\u0105zkiem prawnym. Obowi\u0105zek ich przetwarzania wynika z przepis\u00f3w prawa, a w szczeg\u00f3lno\u015bci z:<\/p><ul><li>Rozporz\u0105dzenie Ministra Edukacji narodowej z dnia 14 maja 2017 r. w sprawie przepro\u00adwadzania post\u0119powania rekrutacyjnego oraz post\u0119powania uzupe\u0142niaj\u0105cego na lata szkolne 2017\/2018- 2019\/20120 do trzyletniego liceum og\u00f3lnokszta\u0142c\u0105cego, czteroletniego technikum i bran\u017cowej szko\u0142y 1 stopnia, dla kandydat\u00f3w b\u0119d\u0105cych absolwentami dotychczasowego gimnazjum (Dz. U. 20-17, poz. 586).<\/li><li>Rozporz\u0105dzenie Ministra Edukacji narodowej z dnia 25 sierpnia 2017 r. w sprawie sposobu prowadzenia przez publiczne przedszkola, szko\u0142y i plac\u00f3wki dokumentacji przebiegu nauczania, dzia\u0142alno\u015bci wychowawczej i opieku\u0144czej oraz rodzaj\u00f3w tej dokumentacji (Dz. U. 2017, poz. 1646).<\/li><\/ul>\t\t\t\t\t\t\t\t<\/div>\n\t\t\t\t<\/div>\n\t\t\t\t<\/div>\n\t\t\t\t<\/div>\n\t\t\t\t<\/div>\n\t\t\t\t\t<\/div>\n\t\t\t\t<\/div>\n\t\t\t\t<\/div>\n\t\t","protected":false},"excerpt":{"rendered":"<p>Inspektor ochrony danych Z dniem 25 maja 2018r. obowi\u0105zki Inspektora ochrony danych w IV liceum Og\u00f3lnokszta\u0142c\u0105cym w Piasecznie pe\u0142ni pan Mariusz Wawrze\u0144, z kt\u00f3rym kontaktowa\u0107 mo\u017cna si\u0119 poprzez e-mail:\u00a0m.wawrzen@piaseczno.pl WYPE\u0141NIENIE OBOWI\u0104ZKU INFORMACYJNEGO DLA UCZNI\u00d3W I ICH RODZIC\u00d3W\/OPIEKUN\u00d3W \u00a0\u00a0Informacje dotycz\u0105ce administratora danych Administratorem pa\u0144stwa danych przetwarzanych w zwi\u0105zku z rekrutacj\u0105 uczni\u00f3w b\u0119dzie IV Liceum Og\u00f3lnokszta\u0142c\u0105ce im. [&hellip;]<\/p>\n","protected":false},"author":1,"featured_media":0,"parent":0,"menu_order":0,"comment_status":"closed","ping_status":"closed","template":"elementor_header_footer","meta":{"_acf_changed":false,"inline_featured_image":false,"footnotes":""},"class_list":["post-572","page","type-page","status-publish","hentry"],"acf":[],"_links":{"self":[{"href":"https:\/\/lopiaseczno.waw.pl\/index.php\/wp-json\/wp\/v2\/pages\/572","targetHints":{"allow":["GET"]}}],"collection":[{"href":"https:\/\/lopiaseczno.waw.pl\/index.php\/wp-json\/wp\/v2\/pages"}],"about":[{"href":"https:\/\/lopiaseczno.waw.pl\/index.php\/wp-json\/wp\/v2\/types\/page"}],"author":[{"embeddable":true,"href":"https:\/\/lopiaseczno.waw.pl\/index.php\/wp-json\/wp\/v2\/users\/1"}],"replies":[{"embeddable":true,"href":"https:\/\/lopiaseczno.waw.pl\/index.php\/wp-json\/wp\/v2\/comments?post=572"}],"version-history":[{"count":7,"href":"https:\/\/lopiaseczno.waw.pl\/index.php\/wp-json\/wp\/v2\/pages\/572\/revisions"}],"predecessor-version":[{"id":580,"href":"https:\/\/lopiaseczno.waw.pl\/index.php\/wp-json\/wp\/v2\/pages\/572\/revisions\/580"}],"wp:attachment":[{"href":"https:\/\/lopiaseczno.waw.pl\/index.php\/wp-json\/wp\/v2\/media?parent=572"}],"curies":[{"name":"wp","href":"https:\/\/api.w.org\/{rel}","templated":true}]}}