{"id":444,"date":"2024-10-29T08:40:23","date_gmt":"2024-10-29T08:40:23","guid":{"rendered":"https:\/\/lopiaseczno.waw.pl\/?page_id=444"},"modified":"2024-10-29T08:42:36","modified_gmt":"2024-10-29T08:42:36","slug":"to-ciekawe","status":"publish","type":"page","link":"https:\/\/lopiaseczno.waw.pl\/index.php\/to-ciekawe\/","title":{"rendered":"To ciekawe&#8230;"},"content":{"rendered":"\t\t<div data-elementor-type=\"wp-page\" data-elementor-id=\"444\" class=\"elementor elementor-444\" data-elementor-post-type=\"page\">\n\t\t\t\t<div class=\"elementor-element elementor-element-501df70 e-flex e-con-boxed e-con e-parent\" data-id=\"501df70\" data-element_type=\"container\" data-settings=\"{&quot;background_background&quot;:&quot;classic&quot;}\">\n\t\t\t\t\t<div class=\"e-con-inner\">\n\t\t\t\t<div class=\"elementor-element elementor-element-e4ec392 elementor-widget elementor-widget-heading\" data-id=\"e4ec392\" data-element_type=\"widget\" data-widget_type=\"heading.default\">\n\t\t\t\t<div class=\"elementor-widget-container\">\n\t\t\t\t\t<h2 class=\"elementor-heading-title elementor-size-default\">To ciekawe...<\/h2>\t\t\t\t<\/div>\n\t\t\t\t<\/div>\n\t\t\t\t\t<\/div>\n\t\t\t\t<\/div>\n\t\t<div class=\"elementor-element elementor-element-5164822 e-flex e-con-boxed e-con e-parent\" data-id=\"5164822\" data-element_type=\"container\" data-settings=\"{&quot;background_background&quot;:&quot;classic&quot;}\">\n\t\t\t\t\t<div class=\"e-con-inner\">\n\t\t<div class=\"elementor-element elementor-element-6eb4aa8 e-con-full e-flex e-con e-child\" data-id=\"6eb4aa8\" data-element_type=\"container\">\n\t\t<div class=\"elementor-element elementor-element-39aad1c e-con-full e-flex e-con e-child\" data-id=\"39aad1c\" data-element_type=\"container\">\n\t\t<div class=\"elementor-element elementor-element-4b8acf2 e-con-full e-flex e-con e-child\" data-id=\"4b8acf2\" data-element_type=\"container\">\n\t\t\t\t<div class=\"elementor-element elementor-element-6668249 elementor-widget elementor-widget-text-editor\" data-id=\"6668249\" data-element_type=\"widget\" data-widget_type=\"text-editor.default\">\n\t\t\t\t<div class=\"elementor-widget-container\">\n\t\t\t\t\t\t\t\t\t<p>Ka\u017cda szko\u0142a ma swojego patrona. Uczniowie jednak rzadko zwracaj\u0105 na niego szczeg\u00f3ln\u0105 uwag\u0119, znaj\u0105 jedynie kilka najwa\u017cniejszych fakt\u00f3w z jego \u017cycia. Nie jest to najlepsza postawa, gdy\u017c od takich ludzi mo\u017cna si\u0119 wiele nauczy\u0107.<\/p><p>Tak samo jest w przypadku naszego liceum. Jego patronem jest rotmistrz Witold Pilecki, polski \u017co\u0142nierz, uczestnik kampanii wrze\u015bniowej 1939r. oraz jeden z dow\u00f3dc\u00f3w powstania warszawskiego. Jak wida\u0107, bohater zas\u0142u\u017cy\u0142 si\u0119 dla dla ojczyzny, ale moim zdaniem zosta\u0142 wybrany na patrona nie tylko ze wzgl\u0119du na zas\u0142ugi, a przede wszystkim z powodu warto\u015bci, jakimi kierowa\u0142 si\u0119 w \u017cyciu.<\/p><p>Pilecki wyr\u00f3\u017cnia\u0142 si\u0119 bezinteresown\u0105 pomoc\u0105 innym i oddaniem potrzebuj\u0105cym. Udowodni\u0142 to wielokrotnie, b\u0119d\u0105c nawet m\u0142odym cz\u0142owiekiem, kiedy zajmowa\u0142 si\u0119 opiek\u0105 spo\u0142eczn\u0105 i zach\u0119ca\u0142 do niej swoich przyjaci\u00f3\u0142 i s\u0105siad\u00f3w. Z pasj\u0105 anga\u017cowa\u0142 si\u0119 w \u017cycie odrodzonej Polski. W czasie okupacji pozwoli\u0142 si\u0119 schwyta\u0107 Niemcom, aby dosta\u0107 si\u0119 do obozu koncentracyjnego w Auschwitz. Tam, pomimo ci\u0119\u017ckich warunk\u00f3w, z determinacj\u0105 tworzy\u0142 konspiracj\u0119. Obozowe prze\u017cycia jak i p\u00f3\u017aniejsze prze\u015bladowania ze strony komunist\u00f3w nie tylko nie za\u0142ama\u0142y Pileckiego, ale dodatkowo mobilizowa\u0142y Go do walki i dzia\u0142ania. Nasz patron by\u0142 cz\u0142owiekiem niez\u0142omnym, ca\u0142y czas wierzy\u0142 w zwyci\u0119stwo, zawsze walczy\u0142 za spraw\u0119 do ko\u0144ca.<\/p><p>Witold Pilecki by\u0142 nie tylko znakomitym i oddanym \u017co\u0142nierzem, ale r\u00f3wnie\u017c niezwykle cnotliwym cz\u0142owiekiem. Jako patron naszej szko\u0142y stanowi doskona\u0142y wz\u00f3r do na\u015bladowania dla nas, m\u0142odych ludzi, gdy\u017c mo\u017cemy nauczy\u0107 si\u0119 od Niego szlachetnej postawy i cech, o kt\u00f3rych, niestety, coraz cz\u0119\u015bciej zapomina si\u0119 w dzisiejszym \u015bwiecie.<\/p><p class=\"text-end\" style=\"text-align: right;\">~ Julia M\u0105czkowska<\/p>\t\t\t\t\t\t\t\t<\/div>\n\t\t\t\t<\/div>\n\t\t\t\t<\/div>\n\t\t\t\t<\/div>\n\t\t\t\t<\/div>\n\t\t\t\t\t<\/div>\n\t\t\t\t<\/div>\n\t\t\t\t<\/div>\n\t\t","protected":false},"excerpt":{"rendered":"<p>To ciekawe&#8230; Ka\u017cda szko\u0142a ma swojego patrona. Uczniowie jednak rzadko zwracaj\u0105 na niego szczeg\u00f3ln\u0105 uwag\u0119, znaj\u0105 jedynie kilka najwa\u017cniejszych fakt\u00f3w z jego \u017cycia. Nie jest to najlepsza postawa, gdy\u017c od takich ludzi mo\u017cna si\u0119 wiele nauczy\u0107. Tak samo jest w przypadku naszego liceum. Jego patronem jest rotmistrz Witold Pilecki, polski \u017co\u0142nierz, uczestnik kampanii wrze\u015bniowej 1939r. [&hellip;]<\/p>\n","protected":false},"author":1,"featured_media":0,"parent":0,"menu_order":0,"comment_status":"closed","ping_status":"closed","template":"elementor_header_footer","meta":{"_acf_changed":false,"inline_featured_image":false,"footnotes":""},"class_list":["post-444","page","type-page","status-publish","hentry"],"acf":[],"_links":{"self":[{"href":"https:\/\/lopiaseczno.waw.pl\/index.php\/wp-json\/wp\/v2\/pages\/444","targetHints":{"allow":["GET"]}}],"collection":[{"href":"https:\/\/lopiaseczno.waw.pl\/index.php\/wp-json\/wp\/v2\/pages"}],"about":[{"href":"https:\/\/lopiaseczno.waw.pl\/index.php\/wp-json\/wp\/v2\/types\/page"}],"author":[{"embeddable":true,"href":"https:\/\/lopiaseczno.waw.pl\/index.php\/wp-json\/wp\/v2\/users\/1"}],"replies":[{"embeddable":true,"href":"https:\/\/lopiaseczno.waw.pl\/index.php\/wp-json\/wp\/v2\/comments?post=444"}],"version-history":[{"count":7,"href":"https:\/\/lopiaseczno.waw.pl\/index.php\/wp-json\/wp\/v2\/pages\/444\/revisions"}],"predecessor-version":[{"id":456,"href":"https:\/\/lopiaseczno.waw.pl\/index.php\/wp-json\/wp\/v2\/pages\/444\/revisions\/456"}],"wp:attachment":[{"href":"https:\/\/lopiaseczno.waw.pl\/index.php\/wp-json\/wp\/v2\/media?parent=444"}],"curies":[{"name":"wp","href":"https:\/\/api.w.org\/{rel}","templated":true}]}}