{"id":40,"date":"2024-10-28T09:40:38","date_gmt":"2024-10-28T09:40:38","guid":{"rendered":"https:\/\/lopiaseczno.waw.pl\/?page_id=40"},"modified":"2026-01-25T21:30:55","modified_gmt":"2026-01-25T20:30:55","slug":"strona-glowna","status":"publish","type":"page","link":"https:\/\/lopiaseczno.waw.pl\/","title":{"rendered":"Strona g\u0142\u00f3wna"},"content":{"rendered":"\t\t<div data-elementor-type=\"wp-page\" data-elementor-id=\"40\" class=\"elementor elementor-40\" data-elementor-post-type=\"page\">\n\t\t\t\t<div class=\"elementor-element elementor-element-15d3721 e-con-full e-flex e-con e-parent\" data-id=\"15d3721\" data-element_type=\"container\">\n\t\t\t\t<div class=\"elementor-element elementor-element-02c7b60 elementor-widget elementor-widget-image\" data-id=\"02c7b60\" data-element_type=\"widget\" data-widget_type=\"image.default\">\n\t\t\t\t<div class=\"elementor-widget-container\">\n\t\t\t\t\t\t\t\t\t\t\t\t\t\t\t<img fetchpriority=\"high\" decoding=\"async\" width=\"3670\" height=\"1321\" src=\"https:\/\/lopiaseczno.waw.pl\/wp-content\/uploads\/2024\/10\/banner2.png\" class=\"attachment-full size-full wp-image-323\" alt=\"\" srcset=\"https:\/\/lopiaseczno.waw.pl\/wp-content\/uploads\/2024\/10\/banner2.png 3670w, https:\/\/lopiaseczno.waw.pl\/wp-content\/uploads\/2024\/10\/banner2-300x108.png 300w, https:\/\/lopiaseczno.waw.pl\/wp-content\/uploads\/2024\/10\/banner2-1024x369.png 1024w, https:\/\/lopiaseczno.waw.pl\/wp-content\/uploads\/2024\/10\/banner2-768x276.png 768w, https:\/\/lopiaseczno.waw.pl\/wp-content\/uploads\/2024\/10\/banner2-1536x553.png 1536w, https:\/\/lopiaseczno.waw.pl\/wp-content\/uploads\/2024\/10\/banner2-2048x737.png 2048w, https:\/\/lopiaseczno.waw.pl\/wp-content\/uploads\/2024\/10\/banner2-1200x432.png 1200w, https:\/\/lopiaseczno.waw.pl\/wp-content\/uploads\/2024\/10\/banner2-1980x713.png 1980w\" sizes=\"(max-width: 3670px) 100vw, 3670px\" \/>\t\t\t\t\t\t\t\t\t\t\t\t\t\t\t<\/div>\n\t\t\t\t<\/div>\n\t\t\t\t<\/div>\n\t\t<div class=\"elementor-element elementor-element-5164822 e-flex e-con-boxed e-con e-parent\" data-id=\"5164822\" data-element_type=\"container\" data-settings=\"{&quot;background_background&quot;:&quot;classic&quot;}\">\n\t\t\t\t\t<div class=\"e-con-inner\">\n\t\t<div class=\"elementor-element elementor-element-6eb4aa8 e-con-full e-flex e-con e-child\" data-id=\"6eb4aa8\" data-element_type=\"container\">\n\t\t\t\t<div class=\"elementor-element elementor-element-8bbeabf elementor-widget elementor-widget-heading\" data-id=\"8bbeabf\" data-element_type=\"widget\" data-widget_type=\"heading.default\">\n\t\t\t\t<div class=\"elementor-widget-container\">\n\t\t\t\t\t<h2 class=\"elementor-heading-title elementor-size-default\">AKTUALNO\u015aCI\n<\/h2>\t\t\t\t<\/div>\n\t\t\t\t<\/div>\n\t\t\t\t<div class=\"elementor-element elementor-element-e0ffbbc e-n-tabs-mobile elementor-widget elementor-widget-n-tabs\" data-id=\"e0ffbbc\" data-element_type=\"widget\" data-settings=\"{&quot;tabs_justify_horizontal&quot;:&quot;start&quot;,&quot;horizontal_scroll&quot;:&quot;disable&quot;}\" data-widget_type=\"nested-tabs.default\">\n\t\t\t\t<div class=\"elementor-widget-container\">\n\t\t\t\t\t\t\t<div class=\"e-n-tabs\" data-widget-number=\"235928508\" aria-label=\"Karty. Otwieraj elementy za pomoc\u0105 Enter lub Spacji, zamykaj za pomoc\u0105 Escape i nawiguj za pomoc\u0105 klawiszy strza\u0142ek.\">\n\t\t\t<div class=\"e-n-tabs-heading\" role=\"tablist\">\n\t\t\t\t\t<button id=\"e-n-tab-title-2359285081\" class=\"e-n-tab-title\" aria-selected=\"true\" data-tab-index=\"1\" role=\"tab\" tabindex=\"0\" aria-controls=\"e-n-tab-content-2359285081\" style=\"--n-tabs-title-order: 1;\">\n\t\t\t\t\t\t<span class=\"e-n-tab-title-text\">\n\t\t\t\tWSZYSTKIE\t\t\t<\/span>\n\t\t<\/button>\n\t\t\t\t<button id=\"e-n-tab-title-2359285082\" class=\"e-n-tab-title\" aria-selected=\"false\" data-tab-index=\"2\" role=\"tab\" tabindex=\"-1\" aria-controls=\"e-n-tab-content-2359285082\" style=\"--n-tabs-title-order: 2;\">\n\t\t\t\t\t\t<span class=\"e-n-tab-title-text\">\n\t\t\t\t INFORMACJE\t\t\t<\/span>\n\t\t<\/button>\n\t\t\t\t<button id=\"e-n-tab-title-2359285083\" class=\"e-n-tab-title\" aria-selected=\"false\" data-tab-index=\"3\" role=\"tab\" tabindex=\"-1\" aria-controls=\"e-n-tab-content-2359285083\" style=\"--n-tabs-title-order: 3;\">\n\t\t\t\t\t\t<span class=\"e-n-tab-title-text\">\n\t\t\t\tINNE PROJEKTY\t\t\t<\/span>\n\t\t<\/button>\n\t\t\t\t\t<\/div>\n\t\t\t<div class=\"e-n-tabs-content\">\n\t\t\t\t<div id=\"e-n-tab-content-2359285081\" role=\"tabpanel\" aria-labelledby=\"e-n-tab-title-2359285081\" data-tab-index=\"1\" style=\"--n-tabs-title-order: 1;\" class=\"e-active elementor-element elementor-element-b6bc621 e-con-full e-flex e-con e-child\" data-id=\"b6bc621\" data-element_type=\"container\">\n\t\t\t\t<div class=\"elementor-element elementor-element-dfcf993 elementor-grid-1 elementor-posts--thumbnail-none elementor-grid-tablet-2 elementor-grid-mobile-1 elementor-widget elementor-widget-posts\" data-id=\"dfcf993\" data-element_type=\"widget\" data-settings=\"{&quot;classic_columns&quot;:&quot;1&quot;,&quot;classic_columns_tablet&quot;:&quot;2&quot;,&quot;classic_columns_mobile&quot;:&quot;1&quot;,&quot;classic_row_gap&quot;:{&quot;unit&quot;:&quot;px&quot;,&quot;size&quot;:35,&quot;sizes&quot;:[]},&quot;classic_row_gap_tablet&quot;:{&quot;unit&quot;:&quot;px&quot;,&quot;size&quot;:&quot;&quot;,&quot;sizes&quot;:[]},&quot;classic_row_gap_mobile&quot;:{&quot;unit&quot;:&quot;px&quot;,&quot;size&quot;:&quot;&quot;,&quot;sizes&quot;:[]}}\" data-widget_type=\"posts.classic\">\n\t\t\t\t<div class=\"elementor-widget-container\">\n\t\t\t\t\t\t\t<div class=\"elementor-posts-container elementor-posts elementor-posts--skin-classic elementor-grid\" role=\"list\">\n\t\t\t\t<article class=\"elementor-post elementor-grid-item post-4982 post type-post status-publish format-standard hentry category-wszystkie\" role=\"listitem\">\n\t\t\t\t<div class=\"elementor-post__text\">\n\t\t\t\t<h3 class=\"elementor-post__title\">\n\t\t\t<a href=\"https:\/\/lopiaseczno.waw.pl\/index.php\/2026\/03\/31\/cyprian-lukasiewicz-z-klasy-4d-laureatem-w-finale-37-konkursu-unii-europejskiej-dla-mlodych-naukowcow-eucys\/\" >\n\t\t\t\tCyprian \u0141ukasiewicz z klasy 4D Laureatem w finale 37. Konkursu Unii Europejskiej dla M\u0142odych Naukowc\u00f3w (EUCYS)\t\t\t<\/a>\n\t\t<\/h3>\n\t\t\t\t<div class=\"elementor-post__meta-data\">\n\t\t\t\t\t<span class=\"elementor-post-date\">\n\t\t\t31 marca, 2026\t\t<\/span>\n\t\t\t\t<\/div>\n\t\t\t\t<div class=\"elementor-post__excerpt\">\n\t\t\t\t\t<\/div>\n\t\t\t\t<\/div>\n\t\t\t\t<\/article>\n\t\t\t\t<article class=\"elementor-post elementor-grid-item post-4977 post type-post status-publish format-standard hentry category-wszystkie\" role=\"listitem\">\n\t\t\t\t<div class=\"elementor-post__text\">\n\t\t\t\t<h3 class=\"elementor-post__title\">\n\t\t\t<a href=\"https:\/\/lopiaseczno.waw.pl\/index.php\/2026\/03\/31\/wyklad-prof-j-pniewskiego-pt-zmiana-klimatu-nauka-versus-postprawda\/\" >\n\t\t\t\tWyk\u0142ad prof. J. Pniewskiego pt:&#8221;  Zmiana klimatu: nauka versus postprawda&#8221;\t\t\t<\/a>\n\t\t<\/h3>\n\t\t\t\t<div class=\"elementor-post__meta-data\">\n\t\t\t\t\t<span class=\"elementor-post-date\">\n\t\t\t31 marca, 2026\t\t<\/span>\n\t\t\t\t<\/div>\n\t\t\t\t<div class=\"elementor-post__excerpt\">\n\t\t\t\t\t<\/div>\n\t\t\t\t<\/div>\n\t\t\t\t<\/article>\n\t\t\t\t<article class=\"elementor-post elementor-grid-item post-4972 post type-post status-publish format-standard hentry category-wszystkie\" role=\"listitem\">\n\t\t\t\t<div class=\"elementor-post__text\">\n\t\t\t\t<h3 class=\"elementor-post__title\">\n\t\t\t<a href=\"https:\/\/lopiaseczno.waw.pl\/index.php\/2026\/03\/31\/dzien-edukacji-prawnej-2\/\" >\n\t\t\t\tDzie\u0144 Edukacji Prawnej\t\t\t<\/a>\n\t\t<\/h3>\n\t\t\t\t<div class=\"elementor-post__meta-data\">\n\t\t\t\t\t<span class=\"elementor-post-date\">\n\t\t\t31 marca, 2026\t\t<\/span>\n\t\t\t\t<\/div>\n\t\t\t\t<div class=\"elementor-post__excerpt\">\n\t\t\t\t\t<\/div>\n\t\t\t\t<\/div>\n\t\t\t\t<\/article>\n\t\t\t\t<article class=\"elementor-post elementor-grid-item post-4963 post type-post status-publish format-standard hentry category-wszystkie\" role=\"listitem\">\n\t\t\t\t<div class=\"elementor-post__text\">\n\t\t\t\t<h3 class=\"elementor-post__title\">\n\t\t\t<a href=\"https:\/\/lopiaseczno.waw.pl\/index.php\/2026\/03\/31\/powiatowe-zawody-w-pilce-recznej-chlopcow\/\" >\n\t\t\t\tPowiatowe zawody w pi\u0142ce r\u0119cznej ch\u0142opc\u00f3w\t\t\t<\/a>\n\t\t<\/h3>\n\t\t\t\t<div class=\"elementor-post__meta-data\">\n\t\t\t\t\t<span class=\"elementor-post-date\">\n\t\t\t31 marca, 2026\t\t<\/span>\n\t\t\t\t<\/div>\n\t\t\t\t<div class=\"elementor-post__excerpt\">\n\t\t\t\t\t<\/div>\n\t\t\t\t<\/div>\n\t\t\t\t<\/article>\n\t\t\t\t<\/div>\n\t\t\n\t\t\t\t\t\t<\/div>\n\t\t\t\t<\/div>\n\t\t\t\t<div class=\"elementor-element elementor-element-d5cf6ba elementor-align-center elementor-widget elementor-widget-button\" data-id=\"d5cf6ba\" data-element_type=\"widget\" data-widget_type=\"button.default\">\n\t\t\t\t<div class=\"elementor-widget-container\">\n\t\t\t\t\t\t\t\t\t<div class=\"elementor-button-wrapper\">\n\t\t\t\t\t<a class=\"elementor-button elementor-button-link elementor-size-sm\" href=\"\/index.php\/aktualnosci\/\">\n\t\t\t\t\t\t<span class=\"elementor-button-content-wrapper\">\n\t\t\t\t\t\t\t\t\t<span class=\"elementor-button-text\">ZOBACZ WI\u0118CEJ<\/span>\n\t\t\t\t\t<\/span>\n\t\t\t\t\t<\/a>\n\t\t\t\t<\/div>\n\t\t\t\t\t\t\t\t<\/div>\n\t\t\t\t<\/div>\n\t\t\t\t<div class=\"elementor-element elementor-element-75cf3cb elementor-hidden-desktop elementor-hidden-tablet elementor-hidden-mobile elementor-post-navigation-borders-yes elementor-widget elementor-widget-post-navigation\" data-id=\"75cf3cb\" data-element_type=\"widget\" data-widget_type=\"post-navigation.default\">\n\t\t\t\t<div class=\"elementor-widget-container\">\n\t\t\t\t\t\t\t<div class=\"elementor-post-navigation\" role=\"navigation\" aria-label=\"Nawigacja wpisu\">\n\t\t\t<div class=\"elementor-post-navigation__prev elementor-post-navigation__link\">\n\t\t\t\t\t\t\t<\/div>\n\t\t\t\t\t\t\t<div class=\"elementor-post-navigation__separator-wrapper\">\n\t\t\t\t\t<div class=\"elementor-post-navigation__separator\"><\/div>\n\t\t\t\t<\/div>\n\t\t\t\t\t\t<div class=\"elementor-post-navigation__next elementor-post-navigation__link\">\n\t\t\t\t\t\t\t<\/div>\n\t\t<\/div>\n\t\t\t\t\t\t<\/div>\n\t\t\t\t<\/div>\n\t\t\t\t<\/div>\n\t\t<div id=\"e-n-tab-content-2359285082\" role=\"tabpanel\" aria-labelledby=\"e-n-tab-title-2359285082\" data-tab-index=\"2\" style=\"--n-tabs-title-order: 2;\" class=\" elementor-element elementor-element-e1988d6 e-con-full e-flex e-con e-child\" data-id=\"e1988d6\" data-element_type=\"container\">\n\t\t\t\t<div class=\"elementor-element elementor-element-38223ae elementor-grid-1 elementor-posts--thumbnail-none elementor-grid-tablet-2 elementor-grid-mobile-1 elementor-widget elementor-widget-posts\" data-id=\"38223ae\" data-element_type=\"widget\" data-settings=\"{&quot;classic_columns&quot;:&quot;1&quot;,&quot;classic_columns_tablet&quot;:&quot;2&quot;,&quot;classic_columns_mobile&quot;:&quot;1&quot;,&quot;classic_row_gap&quot;:{&quot;unit&quot;:&quot;px&quot;,&quot;size&quot;:35,&quot;sizes&quot;:[]},&quot;classic_row_gap_tablet&quot;:{&quot;unit&quot;:&quot;px&quot;,&quot;size&quot;:&quot;&quot;,&quot;sizes&quot;:[]},&quot;classic_row_gap_mobile&quot;:{&quot;unit&quot;:&quot;px&quot;,&quot;size&quot;:&quot;&quot;,&quot;sizes&quot;:[]}}\" data-widget_type=\"posts.classic\">\n\t\t\t\t<div class=\"elementor-widget-container\">\n\t\t\t\t\t\t\t<div class=\"elementor-posts-container elementor-posts elementor-posts--skin-classic elementor-grid\" role=\"list\">\n\t\t\t\t<article class=\"elementor-post elementor-grid-item post-2484 post type-post status-publish format-standard has-post-thumbnail hentry category-informacje\" role=\"listitem\">\n\t\t\t\t<div class=\"elementor-post__text\">\n\t\t\t\t<h3 class=\"elementor-post__title\">\n\t\t\t<a href=\"https:\/\/lopiaseczno.waw.pl\/index.php\/2024\/12\/18\/nowa-legitymacja\/\" >\n\t\t\t\tNowa legitymacja\t\t\t<\/a>\n\t\t<\/h3>\n\t\t\t\t<div class=\"elementor-post__meta-data\">\n\t\t\t\t\t<span class=\"elementor-post-date\">\n\t\t\t18 grudnia, 2024\t\t<\/span>\n\t\t\t\t<\/div>\n\t\t\t\t<div class=\"elementor-post__excerpt\">\n\t\t\t<p>Od roku szkolnego 2024\/25 uczniowie klas pierwszych oraz uczniowie ubiegaj\u0105cy si\u0119 o duplikat legitymacji szkolnej otrzymaj\u0105 now\u0105 legitymacj\u0119.<\/p>\t\t<\/div>\n\t\t\t\t<\/div>\n\t\t\t\t<\/article>\n\t\t\t\t<article class=\"elementor-post elementor-grid-item post-1612 post type-post status-publish format-standard has-post-thumbnail hentry category-informacje category-wszystkie\" role=\"listitem\">\n\t\t\t\t<div class=\"elementor-post__text\">\n\t\t\t\t<h3 class=\"elementor-post__title\">\n\t\t\t<a href=\"https:\/\/lopiaseczno.waw.pl\/index.php\/2023\/03\/21\/lekcja-wos-u-w-sadzie-rejonowym-w-piasecznie\/\" >\n\t\t\t\tLekcja WOS-u w S\u0105dzie Rejonowym w Piasecznie\t\t\t<\/a>\n\t\t<\/h3>\n\t\t\t\t<div class=\"elementor-post__meta-data\">\n\t\t\t\t\t<span class=\"elementor-post-date\">\n\t\t\t21 marca, 2023\t\t<\/span>\n\t\t\t\t<\/div>\n\t\t\t\t<div class=\"elementor-post__excerpt\">\n\t\t\t<p>1 marca 2023 r. tegoroczni maturzy\u015bci naszego liceum odwiedzili siedzib\u0119 S\u0105du Rejonowy w Piasecznie. Jak m\u00f3wili po powrocie &#8211; &#8222;By\u0142a to dla nas wyj\u0105tkowa okazja,\t\t<\/div>\n\t\t\t\t<\/div>\n\t\t\t\t<\/article>\n\t\t\t\t<article class=\"elementor-post elementor-grid-item post-1623 post type-post status-publish format-standard hentry category-informacje category-wszystkie\" role=\"listitem\">\n\t\t\t\t<div class=\"elementor-post__text\">\n\t\t\t\t<h3 class=\"elementor-post__title\">\n\t\t\t<a href=\"https:\/\/lopiaseczno.waw.pl\/index.php\/2022\/11\/07\/konkurs-fotograficzny\/\" >\n\t\t\t\tKonkurs fotograficzny\t\t\t<\/a>\n\t\t<\/h3>\n\t\t\t\t<div class=\"elementor-post__meta-data\">\n\t\t\t\t\t<span class=\"elementor-post-date\">\n\t\t\t7 listopada, 2022\t\t<\/span>\n\t\t\t\t<\/div>\n\t\t\t\t<div class=\"elementor-post__excerpt\">\n\t\t\t\t\t<\/div>\n\t\t\t\t<\/div>\n\t\t\t\t<\/article>\n\t\t\t\t<\/div>\n\t\t\n\t\t\t\t\t\t<\/div>\n\t\t\t\t<\/div>\n\t\t\t\t<\/div>\n\t\t<div id=\"e-n-tab-content-2359285083\" role=\"tabpanel\" aria-labelledby=\"e-n-tab-title-2359285083\" data-tab-index=\"3\" style=\"--n-tabs-title-order: 3;\" class=\" elementor-element elementor-element-d99c4a5 e-con-full e-flex e-con e-child\" data-id=\"d99c4a5\" data-element_type=\"container\">\n\t\t\t\t<div class=\"elementor-element elementor-element-bd11679 elementor-grid-1 elementor-posts--thumbnail-none elementor-grid-tablet-2 elementor-grid-mobile-1 elementor-widget elementor-widget-posts\" data-id=\"bd11679\" data-element_type=\"widget\" data-settings=\"{&quot;classic_columns&quot;:&quot;1&quot;,&quot;classic_columns_tablet&quot;:&quot;2&quot;,&quot;classic_columns_mobile&quot;:&quot;1&quot;,&quot;classic_row_gap&quot;:{&quot;unit&quot;:&quot;px&quot;,&quot;size&quot;:35,&quot;sizes&quot;:[]},&quot;classic_row_gap_tablet&quot;:{&quot;unit&quot;:&quot;px&quot;,&quot;size&quot;:&quot;&quot;,&quot;sizes&quot;:[]},&quot;classic_row_gap_mobile&quot;:{&quot;unit&quot;:&quot;px&quot;,&quot;size&quot;:&quot;&quot;,&quot;sizes&quot;:[]}}\" data-widget_type=\"posts.classic\">\n\t\t\t\t<div class=\"elementor-widget-container\">\n\t\t\t\t\t\t\t<div class=\"elementor-posts-container elementor-posts elementor-posts--skin-classic elementor-grid\" role=\"list\">\n\t\t\t\t<article class=\"elementor-post elementor-grid-item post-3786 post type-post status-publish format-standard hentry category-inne-projekty\" role=\"listitem\">\n\t\t\t\t<div class=\"elementor-post__text\">\n\t\t\t\t<h3 class=\"elementor-post__title\">\n\t\t\t<a href=\"https:\/\/lopiaseczno.waw.pl\/index.php\/2025\/09\/17\/inkluzywna-przyszlosc-wspolne-dzialania-gmin-i-powiatu-piaseczynskiego-na-rzecz-edukacji-wlaczajacej\/\" >\n\t\t\t\tInkluzywna Przysz\u0142o\u015b\u0107: Wsp\u00f3lne dzia\u0142ania Gmin i Powiatu Piaseczy\u0144skiego na rzecz edukacji w\u0142\u0105czaj\u0105cej.\t\t\t<\/a>\n\t\t<\/h3>\n\t\t\t\t<div class=\"elementor-post__meta-data\">\n\t\t\t\t\t<span class=\"elementor-post-date\">\n\t\t\t17 wrze\u015bnia, 2025\t\t<\/span>\n\t\t\t\t<\/div>\n\t\t\t\t<div class=\"elementor-post__excerpt\">\n\t\t\t<p>Inkluzywna Przysz\u0142o\u015b\u0107: Wsp\u00f3lne dzia\u0142ania Gmin i Powiatu Piaseczy\u0144skiego na rzecz edukacji w\u0142\u0105czaj\u0105cej.<\/p>\t\t<\/div>\n\t\t\t\t<\/div>\n\t\t\t\t<\/article>\n\t\t\t\t<article class=\"elementor-post elementor-grid-item post-1540 post type-post status-publish format-standard hentry category-inne-projekty category-wszystkie\" role=\"listitem\">\n\t\t\t\t<div class=\"elementor-post__text\">\n\t\t\t\t<h3 class=\"elementor-post__title\">\n\t\t\t<a href=\"https:\/\/lopiaseczno.waw.pl\/index.php\/2023\/09\/11\/most-do-przyszlosci\/\" >\n\t\t\t\tMost do przysz\u0142o\u015bci!\t\t\t<\/a>\n\t\t<\/h3>\n\t\t\t\t<div class=\"elementor-post__meta-data\">\n\t\t\t\t\t<span class=\"elementor-post-date\">\n\t\t\t11 wrze\u015bnia, 2023\t\t<\/span>\n\t\t\t\t<\/div>\n\t\t\t\t<div class=\"elementor-post__excerpt\">\n\t\t\t<p>Projekt \u201eMost do przysz\u0142o\u015bci! Wsparcie uczni\u00f3w i nauczycieli IV Liceum Og\u00f3lnokszta\u0142c\u0105cego w Piasecznie oraz Zespo\u0142u Szk\u00f3\u0142 Specjalnych w P\u0119cherach\u201d. Od 1 wrze\u015bnia 2023 r. wraz\t\t<\/div>\n\t\t\t\t<\/div>\n\t\t\t\t<\/article>\n\t\t\t\t<\/div>\n\t\t\n\t\t\t\t\t\t<\/div>\n\t\t\t\t<\/div>\n\t\t\t\t<\/div>\n\t\t\t\t\t<\/div>\n\t\t<\/div>\n\t\t\t\t\t\t<\/div>\n\t\t\t\t<\/div>\n\t\t\t\t<\/div>\n\t\t<div class=\"elementor-element elementor-element-7a50a91 e-con-full e-flex e-con e-child\" data-id=\"7a50a91\" data-element_type=\"container\">\n\t\t\t\t<div class=\"elementor-element elementor-element-f07f80b elementor-widget elementor-widget-image\" data-id=\"f07f80b\" data-element_type=\"widget\" data-widget_type=\"image.default\">\n\t\t\t\t<div class=\"elementor-widget-container\">\n\t\t\t\t\t\t\t\t\t\t\t\t\t\t\t<img decoding=\"async\" width=\"1200\" height=\"1200\" src=\"https:\/\/lopiaseczno.waw.pl\/wp-content\/uploads\/2026\/01\/Zlota-tarcza-2026.jpg\" class=\"attachment-full size-full wp-image-4530\" alt=\"\" srcset=\"https:\/\/lopiaseczno.waw.pl\/wp-content\/uploads\/2026\/01\/Zlota-tarcza-2026.jpg 1200w, https:\/\/lopiaseczno.waw.pl\/wp-content\/uploads\/2026\/01\/Zlota-tarcza-2026-300x300.jpg 300w, https:\/\/lopiaseczno.waw.pl\/wp-content\/uploads\/2026\/01\/Zlota-tarcza-2026-1024x1024.jpg 1024w, https:\/\/lopiaseczno.waw.pl\/wp-content\/uploads\/2026\/01\/Zlota-tarcza-2026-150x150.jpg 150w, https:\/\/lopiaseczno.waw.pl\/wp-content\/uploads\/2026\/01\/Zlota-tarcza-2026-768x768.jpg 768w\" sizes=\"(max-width: 1200px) 100vw, 1200px\" \/>\t\t\t\t\t\t\t\t\t\t\t\t\t\t\t<\/div>\n\t\t\t\t<\/div>\n\t\t\t\t<div class=\"elementor-element elementor-element-3fa04ae elementor-widget elementor-widget-heading\" data-id=\"3fa04ae\" data-element_type=\"widget\" data-widget_type=\"heading.default\">\n\t\t\t\t<div class=\"elementor-widget-container\">\n\t\t\t\t\t<h2 class=\"elementor-heading-title elementor-size-default\">TYTU\u0141 Z\u0141OTEJ SZKO\u0141Y \nDLA IV LO W PIASECZNIE!<\/h2>\t\t\t\t<\/div>\n\t\t\t\t<\/div>\n\t\t\t\t<div class=\"elementor-element elementor-element-aff4eb3 elementor-widget elementor-widget-text-editor\" data-id=\"aff4eb3\" data-element_type=\"widget\" data-widget_type=\"text-editor.default\">\n\t\t\t\t<div class=\"elementor-widget-container\">\n\t\t\t\t\t\t\t\t\t<p style=\"text-align: left;\">Z\u0141OTA TARCZA 2026<\/p><p style=\"text-align: left;\"><br class=\"html-br\" \/>Z ogromn\u0105 dum\u0105 informujemy, \u017ce nasze liceum zdoby\u0142o Z\u0142ot\u0105 Tarcz\u0119 2026, zajmuj\u0105c<br class=\"html-br\" \/>&#8211; <strong>85. miejsce w Polsce<\/strong><br class=\"html-br\" \/>&#8211; <strong>35. miejsce na Mazowszu<\/strong><\/p><p style=\"text-align: left;\"><br class=\"html-br\" \/>To wspania\u0142e wyr\u00f3\u017cnienie jest efektem ci\u0119\u017ckiej pracy, zaanga\u017cowania i pasji ca\u0142ej spo\u0142eczno\u015bci szkolnej.<br class=\"html-br\" \/>Gratulacje dla naszych uczni\u00f3w i absolwent\u00f3w \u2013 to Wasze wyniki, ambicje i determinacja buduj\u0105 ten sukces.<br class=\"html-br\" \/>Ogromne podzi\u0119kowania dla nauczycieli \u2013 za profesjonalizm, wsparcie i codzienn\u0105 motywacj\u0119.<br class=\"html-br\" \/>Dzi\u0119kujemy wszystkim, kt\u00f3rzy tworz\u0105 nasze liceum i sprawiaj\u0105, \u017ce mo\u017cemy by\u0107 w gronie najlepszych.<br class=\"html-br\" \/>Jeste\u015bmy dumni!<\/p>\t\t\t\t\t\t\t\t<\/div>\n\t\t\t\t<\/div>\n\t\t\t\t<div class=\"elementor-element elementor-element-a3e34bc elementor-align-justify elementor-widget elementor-widget-button\" data-id=\"a3e34bc\" data-element_type=\"widget\" id=\"btn-rwd\" data-widget_type=\"button.default\">\n\t\t\t\t<div class=\"elementor-widget-container\">\n\t\t\t\t\t\t\t\t\t<div class=\"elementor-button-wrapper\">\n\t\t\t\t\t<a class=\"elementor-button elementor-button-link elementor-size-sm\" href=\"\/index.php\/psycholog-pedagog\/\">\n\t\t\t\t\t\t<span class=\"elementor-button-content-wrapper\">\n\t\t\t\t\t\t\t\t\t<span class=\"elementor-button-text\">PSYCHOLOG \/ PEDAGOG<\/span>\n\t\t\t\t\t<\/span>\n\t\t\t\t\t<\/a>\n\t\t\t\t<\/div>\n\t\t\t\t\t\t\t\t<\/div>\n\t\t\t\t<\/div>\n\t\t\t\t<div class=\"elementor-element elementor-element-51ae1fe elementor-align-justify elementor-widget elementor-widget-button\" data-id=\"51ae1fe\" data-element_type=\"widget\" data-widget_type=\"button.default\">\n\t\t\t\t<div class=\"elementor-widget-container\">\n\t\t\t\t\t\t\t\t\t<div class=\"elementor-button-wrapper\">\n\t\t\t\t\t<a class=\"elementor-button elementor-button-link elementor-size-sm\" href=\"http:\/\/lopiaseczno.waw.pl\/dla_ucznia\/zastepstwa\/zastepstwa.html\">\n\t\t\t\t\t\t<span class=\"elementor-button-content-wrapper\">\n\t\t\t\t\t\t\t\t\t<span class=\"elementor-button-text\">ZAST\u0118PSTWA<\/span>\n\t\t\t\t\t<\/span>\n\t\t\t\t\t<\/a>\n\t\t\t\t<\/div>\n\t\t\t\t\t\t\t\t<\/div>\n\t\t\t\t<\/div>\n\t\t\t\t<div class=\"elementor-element elementor-element-19b5db8 elementor-align-justify elementor-widget elementor-widget-button\" data-id=\"19b5db8\" data-element_type=\"widget\" data-widget_type=\"button.default\">\n\t\t\t\t<div class=\"elementor-widget-container\">\n\t\t\t\t\t\t\t\t\t<div class=\"elementor-button-wrapper\">\n\t\t\t\t\t<a class=\"elementor-button elementor-button-link elementor-size-sm\" href=\"\/index.php\/edukacja\/\">\n\t\t\t\t\t\t<span class=\"elementor-button-content-wrapper\">\n\t\t\t\t\t\t\t\t\t<span class=\"elementor-button-text\">Przydatne linki<\/span>\n\t\t\t\t\t<\/span>\n\t\t\t\t\t<\/a>\n\t\t\t\t<\/div>\n\t\t\t\t\t\t\t\t<\/div>\n\t\t\t\t<\/div>\n\t\t\t\t<\/div>\n\t\t\t\t\t<\/div>\n\t\t\t\t<\/div>\n\t\t<div class=\"elementor-element elementor-element-5f92f9f e-flex e-con-boxed e-con e-parent\" data-id=\"5f92f9f\" data-element_type=\"container\">\n\t\t\t\t\t<div class=\"e-con-inner\">\n\t\t\t\t\t<\/div>\n\t\t\t\t<\/div>\n\t\t\t\t<\/div>\n\t\t","protected":false},"excerpt":{"rendered":"<p>AKTUALNO\u015aCI WSZYSTKIE INFORMACJE INNE PROJEKTY Nasze LO ze Z\u0141OT\u0104 TARCZ\u0104 &#8222;PERSPEKTYW&#8221; 25 stycznia, 2026 Studni\u00f3wka 2026 25 stycznia, 2026 Wicemistrzynie i mistrzowie gminy w koszyk\u00f3wce 3&#215;3 na rok szkolny 2025\/2026 25 stycznia, 2026 Pani Profesor Marta Walentynowicz z Medalem Komisji Edukacji Narodowej! 25 stycznia, 2026 Wielkie gratulacje dla p. Marty Walentynowicz nagrodzonej Medalem Komisji Edukacji [&hellip;]<\/p>\n","protected":false},"author":1,"featured_media":0,"parent":0,"menu_order":0,"comment_status":"closed","ping_status":"closed","template":"elementor_header_footer","meta":{"_acf_changed":false,"inline_featured_image":false,"footnotes":""},"class_list":["post-40","page","type-page","status-publish","hentry"],"acf":[],"_links":{"self":[{"href":"https:\/\/lopiaseczno.waw.pl\/index.php\/wp-json\/wp\/v2\/pages\/40","targetHints":{"allow":["GET"]}}],"collection":[{"href":"https:\/\/lopiaseczno.waw.pl\/index.php\/wp-json\/wp\/v2\/pages"}],"about":[{"href":"https:\/\/lopiaseczno.waw.pl\/index.php\/wp-json\/wp\/v2\/types\/page"}],"author":[{"embeddable":true,"href":"https:\/\/lopiaseczno.waw.pl\/index.php\/wp-json\/wp\/v2\/users\/1"}],"replies":[{"embeddable":true,"href":"https:\/\/lopiaseczno.waw.pl\/index.php\/wp-json\/wp\/v2\/comments?post=40"}],"version-history":[{"count":358,"href":"https:\/\/lopiaseczno.waw.pl\/index.php\/wp-json\/wp\/v2\/pages\/40\/revisions"}],"predecessor-version":[{"id":4549,"href":"https:\/\/lopiaseczno.waw.pl\/index.php\/wp-json\/wp\/v2\/pages\/40\/revisions\/4549"}],"wp:attachment":[{"href":"https:\/\/lopiaseczno.waw.pl\/index.php\/wp-json\/wp\/v2\/media?parent=40"}],"curies":[{"name":"wp","href":"https:\/\/api.w.org\/{rel}","templated":true}]}}