{"id":389,"date":"2024-10-29T08:11:26","date_gmt":"2024-10-29T08:11:26","guid":{"rendered":"https:\/\/lopiaseczno.waw.pl\/?page_id=389"},"modified":"2025-10-28T18:18:00","modified_gmt":"2025-10-28T17:18:00","slug":"sklad-prezydium","status":"publish","type":"page","link":"https:\/\/lopiaseczno.waw.pl\/index.php\/sklad-prezydium\/","title":{"rendered":"Sk\u0142ad prezydium"},"content":{"rendered":"\t\t<div data-elementor-type=\"wp-page\" data-elementor-id=\"389\" class=\"elementor elementor-389\" data-elementor-post-type=\"page\">\n\t\t\t\t<div class=\"elementor-element elementor-element-501df70 e-flex e-con-boxed e-con e-parent\" data-id=\"501df70\" data-element_type=\"container\" data-settings=\"{&quot;background_background&quot;:&quot;classic&quot;}\">\n\t\t\t\t\t<div class=\"e-con-inner\">\n\t\t\t\t<div class=\"elementor-element elementor-element-e4ec392 elementor-widget elementor-widget-heading\" data-id=\"e4ec392\" data-element_type=\"widget\" data-widget_type=\"heading.default\">\n\t\t\t\t<div class=\"elementor-widget-container\">\n\t\t\t\t\t<h2 class=\"elementor-heading-title elementor-size-default\">Sk\u0142ad prezydium<\/h2>\t\t\t\t<\/div>\n\t\t\t\t<\/div>\n\t\t\t\t\t<\/div>\n\t\t\t\t<\/div>\n\t\t<div class=\"elementor-element elementor-element-5164822 e-con-full e-flex e-con e-parent\" data-id=\"5164822\" data-element_type=\"container\" data-settings=\"{&quot;background_background&quot;:&quot;classic&quot;}\">\n\t\t<div class=\"elementor-element elementor-element-6eb4aa8 e-con-full e-flex e-con e-child\" data-id=\"6eb4aa8\" data-element_type=\"container\">\n\t\t\t\t<div class=\"elementor-element elementor-element-c8a3d9d elementor-widget__width-initial elementor-widget elementor-widget-text-editor\" data-id=\"c8a3d9d\" data-element_type=\"widget\" data-widget_type=\"text-editor.default\">\n\t\t\t\t<div class=\"elementor-widget-container\">\n\t\t\t\t\t\t\t\t\t<p><strong>Prezydium w roku szkolnym 2025\/2026:<\/strong><\/p><p>Przewodnicz\u0105ca \u2013 KarolinaSiara<\/p><p>I Wiceprzewodnicz\u0105ca \u2013 Maja Wysocka<\/p><p>II Wiceprzewodnicz\u0105ca \u2013 Zofia Ma\u0144kowska<\/p><p>Sekretarz \u2013 Hanna M\u0105cznik<\/p>\t\t\t\t\t\t\t\t<\/div>\n\t\t\t\t<\/div>\n\t\t\t\t<div class=\"elementor-element elementor-element-32a1e2a elementor-widget__width-initial elementor-widget elementor-widget-text-editor\" data-id=\"32a1e2a\" data-element_type=\"widget\" data-widget_type=\"text-editor.default\">\n\t\t\t\t<div class=\"elementor-widget-container\">\n\t\t\t\t\t\t\t\t\t<p><strong>Prezydium w roku szkolnym 2024\/2025:<\/strong><\/p><p>Przewodnicz\u0105cy \u2013 Cyprian Napirzy\u0144ski<\/p><p>I Wiceprzewodnicz\u0105ca \u2013 Zofia Rychlicka<\/p><p>II Wiceprzewodnicz\u0105ca \u2013 Karolina Siara<\/p><p>Sekretarz \u2013 Maja Wysocka<\/p>\t\t\t\t\t\t\t\t<\/div>\n\t\t\t\t<\/div>\n\t\t<div class=\"elementor-element elementor-element-b72bb8a e-con-full e-flex e-con e-child\" data-id=\"b72bb8a\" data-element_type=\"container\">\n\t\t<div class=\"elementor-element elementor-element-bfd5090 e-con-full e-flex e-con e-child\" data-id=\"bfd5090\" data-element_type=\"container\">\n\t\t\t\t<div class=\"elementor-element elementor-element-1ae66a1 elementor-widget elementor-widget-text-editor\" data-id=\"1ae66a1\" data-element_type=\"widget\" data-widget_type=\"text-editor.default\">\n\t\t\t\t<div class=\"elementor-widget-container\">\n\t\t\t\t\t\t\t\t\t<p><strong>Prezydium w roku szkolnym 2023\/2024:<\/strong><\/p><p>Przewodnicz\u0105cy \u2013 Aleksander Je\u017cowski<\/p><p>I Wiceprzewodnicz\u0105cy \u2013 Cyprian Napirzy\u0144ski<\/p><p>II Wiceprzewodnicz\u0105ca \u2013 Kinga Kucharska<\/p><p>Sekretarz \u2013 Zofia Fica<\/p><p>\u00a0<\/p>\t\t\t\t\t\t\t\t<\/div>\n\t\t\t\t<\/div>\n\t\t\t\t<\/div>\n\t\t<div class=\"elementor-element elementor-element-ff32369 e-con-full e-flex e-con e-child\" data-id=\"ff32369\" data-element_type=\"container\">\n\t\t\t\t<div class=\"elementor-element elementor-element-d2a7413 elementor-widget elementor-widget-text-editor\" data-id=\"d2a7413\" data-element_type=\"widget\" data-widget_type=\"text-editor.default\">\n\t\t\t\t<div class=\"elementor-widget-container\">\n\t\t\t\t\t\t\t\t\t<p><strong>Prezydium w roku szkolnym 2022\/2023:<\/strong><\/p><p>Przewodnicz\u0105cy \u2013 Dominik \u017bak<\/p><p>I Wiceprzewodnicz\u0105cy \u2013 Zygmunt Polana<\/p><p>II Wiceprzewodnicz\u0105cy \u2013 Stanis\u0142aw \u017begna\u0142ek<\/p><p>Sekretarz \u2013 Weronika Szyma\u0144ska<\/p><p>\u00a0<\/p>\t\t\t\t\t\t\t\t<\/div>\n\t\t\t\t<\/div>\n\t\t\t\t<\/div>\n\t\t\t\t<\/div>\n\t\t<div class=\"elementor-element elementor-element-b38122f e-con-full e-flex e-con e-child\" data-id=\"b38122f\" data-element_type=\"container\">\n\t\t<div class=\"elementor-element elementor-element-3f98af2 e-con-full e-flex e-con e-child\" data-id=\"3f98af2\" data-element_type=\"container\">\n\t\t\t\t<div class=\"elementor-element elementor-element-eb9ef6c elementor-widget elementor-widget-text-editor\" data-id=\"eb9ef6c\" data-element_type=\"widget\" data-widget_type=\"text-editor.default\">\n\t\t\t\t<div class=\"elementor-widget-container\">\n\t\t\t\t\t\t\t\t\t<div class=\"wpb_text_column wpb_content_element \"><div class=\"wpb_wrapper\"><p><strong>Prezydium w roku szkolnym 2021\/2022:<\/strong><\/p><p>Przewodnicz\u0105cy \u2013 Szymon Kr\u00f3l<\/p><p>I Wiceprzewodnicz\u0105cy \u2013 Karol Gozdek<\/p><p>II Wiceprzewodnicz\u0105ca \u2013 Nel Paszkiewicz<\/p><p>Sekretarz \u2013 Miko\u0142aj Piosik<\/p><p>\u00a0<\/p><\/div><\/div>\t\t\t\t\t\t\t\t<\/div>\n\t\t\t\t<\/div>\n\t\t\t\t<\/div>\n\t\t<div class=\"elementor-element elementor-element-67347f6 e-con-full e-flex e-con e-child\" data-id=\"67347f6\" data-element_type=\"container\">\n\t\t\t\t<div class=\"elementor-element elementor-element-e646c8d elementor-widget elementor-widget-text-editor\" data-id=\"e646c8d\" data-element_type=\"widget\" data-widget_type=\"text-editor.default\">\n\t\t\t\t<div class=\"elementor-widget-container\">\n\t\t\t\t\t\t\t\t\t<p><strong>Zarz\u0105d w roku szkolnym 2020\/2021:<\/strong><\/p><p>Przewodnicz\u0105ca \u2013 Nel Paszkiewicz<\/p><p>Wiceprzewodnicz\u0105cy \u2013 Jakub Sobolewski<\/p><p>\u00a0<\/p>\t\t\t\t\t\t\t\t<\/div>\n\t\t\t\t<\/div>\n\t\t\t\t<\/div>\n\t\t\t\t<\/div>\n\t\t<div class=\"elementor-element elementor-element-39aad1c e-con-full e-flex e-con e-child\" data-id=\"39aad1c\" data-element_type=\"container\">\n\t\t<div class=\"elementor-element elementor-element-b92abb7 e-con-full e-flex e-con e-child\" data-id=\"b92abb7\" data-element_type=\"container\">\n\t\t\t\t<div class=\"elementor-element elementor-element-646595c elementor-widget elementor-widget-text-editor\" data-id=\"646595c\" data-element_type=\"widget\" data-widget_type=\"text-editor.default\">\n\t\t\t\t<div class=\"elementor-widget-container\">\n\t\t\t\t\t\t\t\t\t<div class=\"wpb_text_column wpb_content_element \"><div class=\"wpb_wrapper\"><p><strong>Zarz\u0105d w roku szkolnym 2019\/2020:<\/strong><\/p><p>Przewodnicz\u0105cy \u2013 Mateusz Kazanowski<\/p><p>Wiceprzewodnicz\u0105ca \u2013 Klaudia Gawrych<\/p><\/div><\/div>\t\t\t\t\t\t\t\t<\/div>\n\t\t\t\t<\/div>\n\t\t\t\t<\/div>\n\t\t<div class=\"elementor-element elementor-element-4b8acf2 e-con-full e-flex e-con e-child\" data-id=\"4b8acf2\" data-element_type=\"container\">\n\t\t\t\t<div class=\"elementor-element elementor-element-6668249 elementor-widget elementor-widget-text-editor\" data-id=\"6668249\" data-element_type=\"widget\" data-widget_type=\"text-editor.default\">\n\t\t\t\t<div class=\"elementor-widget-container\">\n\t\t\t\t\t\t\t\t\t<p><strong>Zarz\u0105d w roku szkolnym 2018\/2019:<\/strong><\/p><p>Przewodnicz\u0105cy \u2013 Patryk Radziun<\/p><p>Wiceprzewodnicz\u0105cy \u2013 Konrad Kotlicki<\/p>\t\t\t\t\t\t\t\t<\/div>\n\t\t\t\t<\/div>\n\t\t\t\t<\/div>\n\t\t\t\t<\/div>\n\t\t\t\t<\/div>\n\t\t\t\t<\/div>\n\t\t\t\t<\/div>\n\t\t","protected":false},"excerpt":{"rendered":"<p>Sk\u0142ad prezydium Prezydium w roku szkolnym 2025\/2026: Przewodnicz\u0105ca \u2013 KarolinaSiara I Wiceprzewodnicz\u0105ca \u2013 Maja Wysocka II Wiceprzewodnicz\u0105ca \u2013 Zofia Ma\u0144kowska Sekretarz \u2013 Hanna M\u0105cznik Prezydium w roku szkolnym 2024\/2025: Przewodnicz\u0105cy \u2013 Cyprian Napirzy\u0144ski I Wiceprzewodnicz\u0105ca \u2013 Zofia Rychlicka II Wiceprzewodnicz\u0105ca \u2013 Karolina Siara Sekretarz \u2013 Maja Wysocka Prezydium w roku szkolnym 2023\/2024: Przewodnicz\u0105cy \u2013 Aleksander [&hellip;]<\/p>\n","protected":false},"author":1,"featured_media":0,"parent":0,"menu_order":0,"comment_status":"closed","ping_status":"closed","template":"elementor_header_footer","meta":{"_acf_changed":false,"inline_featured_image":false,"footnotes":""},"class_list":["post-389","page","type-page","status-publish","hentry"],"acf":[],"_links":{"self":[{"href":"https:\/\/lopiaseczno.waw.pl\/index.php\/wp-json\/wp\/v2\/pages\/389","targetHints":{"allow":["GET"]}}],"collection":[{"href":"https:\/\/lopiaseczno.waw.pl\/index.php\/wp-json\/wp\/v2\/pages"}],"about":[{"href":"https:\/\/lopiaseczno.waw.pl\/index.php\/wp-json\/wp\/v2\/types\/page"}],"author":[{"embeddable":true,"href":"https:\/\/lopiaseczno.waw.pl\/index.php\/wp-json\/wp\/v2\/users\/1"}],"replies":[{"embeddable":true,"href":"https:\/\/lopiaseczno.waw.pl\/index.php\/wp-json\/wp\/v2\/comments?post=389"}],"version-history":[{"count":22,"href":"https:\/\/lopiaseczno.waw.pl\/index.php\/wp-json\/wp\/v2\/pages\/389\/revisions"}],"predecessor-version":[{"id":4081,"href":"https:\/\/lopiaseczno.waw.pl\/index.php\/wp-json\/wp\/v2\/pages\/389\/revisions\/4081"}],"wp:attachment":[{"href":"https:\/\/lopiaseczno.waw.pl\/index.php\/wp-json\/wp\/v2\/media?parent=389"}],"curies":[{"name":"wp","href":"https:\/\/api.w.org\/{rel}","templated":true}]}}