{"id":2735,"date":"2025-02-24T08:56:10","date_gmt":"2025-02-24T08:56:10","guid":{"rendered":"https:\/\/lopiaseczno.waw.pl\/?page_id=2735"},"modified":"2025-02-24T09:02:34","modified_gmt":"2025-02-24T09:02:34","slug":"legitymacja","status":"publish","type":"page","link":"https:\/\/lopiaseczno.waw.pl\/index.php\/legitymacja\/","title":{"rendered":"Legitymacja"},"content":{"rendered":"\t\t<div data-elementor-type=\"wp-page\" data-elementor-id=\"2735\" class=\"elementor elementor-2735\" data-elementor-post-type=\"page\">\n\t\t\t\t<div class=\"elementor-element elementor-element-501df70 e-flex e-con-boxed e-con e-parent\" data-id=\"501df70\" data-element_type=\"container\" data-settings=\"{&quot;background_background&quot;:&quot;classic&quot;}\">\n\t\t\t\t\t<div class=\"e-con-inner\">\n\t\t\t\t<div class=\"elementor-element elementor-element-e4ec392 elementor-widget elementor-widget-heading\" data-id=\"e4ec392\" data-element_type=\"widget\" data-widget_type=\"heading.default\">\n\t\t\t\t<div class=\"elementor-widget-container\">\n\t\t\t\t\t<h2 class=\"elementor-heading-title elementor-size-default\">Legitymacja<\/h2>\t\t\t\t<\/div>\n\t\t\t\t<\/div>\n\t\t\t\t\t<\/div>\n\t\t\t\t<\/div>\n\t\t<div class=\"elementor-element elementor-element-5164822 e-flex e-con-boxed e-con e-parent\" data-id=\"5164822\" data-element_type=\"container\" data-settings=\"{&quot;background_background&quot;:&quot;classic&quot;}\">\n\t\t\t\t\t<div class=\"e-con-inner\">\n\t\t<div class=\"elementor-element elementor-element-6eb4aa8 e-con-full e-flex e-con e-child\" data-id=\"6eb4aa8\" data-element_type=\"container\">\n\t\t<div class=\"elementor-element elementor-element-6923614 e-con-full e-flex e-con e-child\" data-id=\"6923614\" data-element_type=\"container\">\n\t\t<div class=\"elementor-element elementor-element-0a47401 e-con-full e-flex e-con e-child\" data-id=\"0a47401\" data-element_type=\"container\">\n\t\t\t\t<div class=\"elementor-element elementor-element-4d79ed1 elementor-widget elementor-widget-text-editor\" data-id=\"4d79ed1\" data-element_type=\"widget\" data-widget_type=\"text-editor.default\">\n\t\t\t\t<div class=\"elementor-widget-container\">\n\t\t\t\t\t\t\t\t\t<div class=\"icon_box standart clearfix\"><div class=\"icon_alignment_center\"><div class=\"icon_text\"><article id=\"post-7765\" class=\"post-7765 post type-post status-publish format-standard hentry category-aktualnosci\"><div class=\"article-inner\"><div class=\"entry-content\"><p><strong>Nowa legitymacja<\/strong><\/p><p>Od roku szkolnego 2024\/25 uczniowie\u00a0<strong>klas pierwszych<\/strong>\u00a0oraz uczniowie ubiegaj\u0105cy si\u0119\u00a0<strong>o duplikat<\/strong>\u00a0legitymacji szkolnej otrzymaj\u0105 now\u0105 legitymacj\u0119.<\/p><p>W tym celu prosimy o przes\u0142anie zdj\u0119cia cyfrowego (jak do dowodu osobistego) o rozdzielczo\u015bci 492 x 633 px i maksymalnym rozmiarze pliku do 2,5 MB na adres mailowy: legitymacja@lopiaseczno.waw.pl<\/p><p><strong>WA\u017bNE!!!<\/strong><\/p><p>Plik ze zdj\u0119ciem nale\u017cy podpisa\u0107 numerem PESEL ucznia.<\/p><p>Zdj\u0119cia tradycyjne, kt\u00f3re uczniowie dostarczyli podczas rekrutacji nie mog\u0105 by\u0107 u\u017cyte do e-legitymacji i s\u0105 wykorzystywane w dzienniku lekcyjnym Vulcan.<\/p><p>Nauczyciel, do kt\u00f3rego mo\u017cna si\u0119 zg\u0142asza\u0107 w razie problem\u00f3w zwi\u0105zanych z przesy\u0142aniem zdj\u0119\u0107 \u2013 p. \u0141ukasz Sar.<\/p><\/div><footer class=\"entry-meta entry-utility\"><\/footer><\/div><\/article><section id=\"comments\"><div id=\"respond\" class=\"comment-respond\"><h3 id=\"reply-title\" class=\"comment-reply-title\">\u00a0<\/h3><\/div><\/section><\/div><\/div><\/div>\t\t\t\t\t\t\t\t<\/div>\n\t\t\t\t<\/div>\n\t\t\t\t<\/div>\n\t\t\t\t<\/div>\n\t\t\t\t<\/div>\n\t\t\t\t\t<\/div>\n\t\t\t\t<\/div>\n\t\t<div class=\"elementor-element elementor-element-f88ef32 e-flex e-con-boxed e-con e-parent\" data-id=\"f88ef32\" data-element_type=\"container\">\n\t\t\t\t\t<div class=\"e-con-inner\">\n\t\t\t\t\t<\/div>\n\t\t\t\t<\/div>\n\t\t\t\t<\/div>\n\t\t","protected":false},"excerpt":{"rendered":"<p>Legitymacja Nowa legitymacja Od roku szkolnego 2024\/25 uczniowie\u00a0klas pierwszych\u00a0oraz uczniowie ubiegaj\u0105cy si\u0119\u00a0o duplikat\u00a0legitymacji szkolnej otrzymaj\u0105 now\u0105 legitymacj\u0119. W tym celu prosimy o przes\u0142anie zdj\u0119cia cyfrowego (jak do dowodu osobistego) o rozdzielczo\u015bci 492 x 633 px i maksymalnym rozmiarze pliku do 2,5 MB na adres mailowy: legitymacja@lopiaseczno.waw.pl WA\u017bNE!!! Plik ze zdj\u0119ciem nale\u017cy podpisa\u0107 numerem PESEL ucznia. [&hellip;]<\/p>\n","protected":false},"author":2,"featured_media":0,"parent":0,"menu_order":0,"comment_status":"closed","ping_status":"closed","template":"elementor_header_footer","meta":{"_acf_changed":false,"inline_featured_image":false,"footnotes":""},"class_list":["post-2735","page","type-page","status-publish","hentry"],"acf":[],"_links":{"self":[{"href":"https:\/\/lopiaseczno.waw.pl\/index.php\/wp-json\/wp\/v2\/pages\/2735","targetHints":{"allow":["GET"]}}],"collection":[{"href":"https:\/\/lopiaseczno.waw.pl\/index.php\/wp-json\/wp\/v2\/pages"}],"about":[{"href":"https:\/\/lopiaseczno.waw.pl\/index.php\/wp-json\/wp\/v2\/types\/page"}],"author":[{"embeddable":true,"href":"https:\/\/lopiaseczno.waw.pl\/index.php\/wp-json\/wp\/v2\/users\/2"}],"replies":[{"embeddable":true,"href":"https:\/\/lopiaseczno.waw.pl\/index.php\/wp-json\/wp\/v2\/comments?post=2735"}],"version-history":[{"count":7,"href":"https:\/\/lopiaseczno.waw.pl\/index.php\/wp-json\/wp\/v2\/pages\/2735\/revisions"}],"predecessor-version":[{"id":2744,"href":"https:\/\/lopiaseczno.waw.pl\/index.php\/wp-json\/wp\/v2\/pages\/2735\/revisions\/2744"}],"wp:attachment":[{"href":"https:\/\/lopiaseczno.waw.pl\/index.php\/wp-json\/wp\/v2\/media?parent=2735"}],"curies":[{"name":"wp","href":"https:\/\/api.w.org\/{rel}","templated":true}]}}