{"id":2226,"date":"2024-11-04T08:56:29","date_gmt":"2024-11-04T08:56:29","guid":{"rendered":"https:\/\/lopiaseczno.waw.pl\/?page_id=2226"},"modified":"2024-11-04T09:20:32","modified_gmt":"2024-11-04T09:20:32","slug":"edukacja","status":"publish","type":"page","link":"https:\/\/lopiaseczno.waw.pl\/index.php\/edukacja\/","title":{"rendered":"Edukacja"},"content":{"rendered":"\t\t<div data-elementor-type=\"wp-page\" data-elementor-id=\"2226\" class=\"elementor elementor-2226\" data-elementor-post-type=\"page\">\n\t\t\t\t<div class=\"elementor-element elementor-element-501df70 e-flex e-con-boxed e-con e-parent\" data-id=\"501df70\" data-element_type=\"container\" data-settings=\"{&quot;background_background&quot;:&quot;classic&quot;}\">\n\t\t\t\t\t<div class=\"e-con-inner\">\n\t\t\t\t<div class=\"elementor-element elementor-element-e4ec392 elementor-widget elementor-widget-heading\" data-id=\"e4ec392\" data-element_type=\"widget\" data-widget_type=\"heading.default\">\n\t\t\t\t<div class=\"elementor-widget-container\">\n\t\t\t\t\t<h2 class=\"elementor-heading-title elementor-size-default\">EDUKACJA<\/h2>\t\t\t\t<\/div>\n\t\t\t\t<\/div>\n\t\t\t\t\t<\/div>\n\t\t\t\t<\/div>\n\t\t<div class=\"elementor-element elementor-element-5164822 e-flex e-con-boxed e-con e-parent\" data-id=\"5164822\" data-element_type=\"container\" data-settings=\"{&quot;background_background&quot;:&quot;classic&quot;}\">\n\t\t\t\t\t<div class=\"e-con-inner\">\n\t\t<div class=\"elementor-element elementor-element-6eb4aa8 e-con-full e-flex e-con e-child\" data-id=\"6eb4aa8\" data-element_type=\"container\">\n\t\t<div class=\"elementor-element elementor-element-b72bb8a e-con-full e-flex e-con e-child\" data-id=\"b72bb8a\" data-element_type=\"container\">\n\t\t<div class=\"elementor-element elementor-element-6aca655 e-con-full e-flex e-con e-child\" data-id=\"6aca655\" data-element_type=\"container\">\n\t\t\t\t<div class=\"elementor-element elementor-element-9f9e20c elementor-widget elementor-widget-text-editor\" data-id=\"9f9e20c\" data-element_type=\"widget\" data-widget_type=\"text-editor.default\">\n\t\t\t\t<div class=\"elementor-widget-container\">\n\t\t\t\t\t\t\t\t\t<p><a href=\"https:\/\/bip.piaseczno.pl\/public\/\" target=\"_blank\" rel=\"noopener\">BIP Powiat Piaseczy\u0144ski<\/a><\/p><p><a href=\"https:\/\/www.gov.pl\/\" target=\"_blank\" rel=\"noopener\">Ministerstwo Edukacji i Nauki<\/a><\/p><p><a href=\"https:\/\/www.kuratorium.waw.pl\/\" target=\"_blank\" rel=\"noopener\">Mazowieckie Kuratorium O\u015bwiaty<\/a><\/p><p><a href=\"http:\/\/www.cke.edu.pl\/\" target=\"_blank\" rel=\"noopener\">Centralna Komisja Egzaminacyjna<\/a><\/p><p><a href=\"https:\/\/www.oke.waw.pl\/\" target=\"_blank\" rel=\"noopener\">Okr\u0119gowa Komisja Egzaminacyjna<\/a><\/p>\t\t\t\t\t\t\t\t<\/div>\n\t\t\t\t<\/div>\n\t\t\t\t<\/div>\n\t\t\t\t<\/div>\n\t\t\t\t<\/div>\n\t\t\t\t\t<\/div>\n\t\t\t\t<\/div>\n\t\t\t\t<\/div>\n\t\t","protected":false},"excerpt":{"rendered":"<p>EDUKACJA BIP Powiat Piaseczy\u0144ski Ministerstwo Edukacji i Nauki Mazowieckie Kuratorium O\u015bwiaty Centralna Komisja Egzaminacyjna Okr\u0119gowa Komisja Egzaminacyjna<\/p>\n","protected":false},"author":1,"featured_media":0,"parent":0,"menu_order":0,"comment_status":"closed","ping_status":"closed","template":"elementor_header_footer","meta":{"_acf_changed":false,"inline_featured_image":false,"footnotes":""},"class_list":["post-2226","page","type-page","status-publish","hentry"],"acf":[],"_links":{"self":[{"href":"https:\/\/lopiaseczno.waw.pl\/index.php\/wp-json\/wp\/v2\/pages\/2226","targetHints":{"allow":["GET"]}}],"collection":[{"href":"https:\/\/lopiaseczno.waw.pl\/index.php\/wp-json\/wp\/v2\/pages"}],"about":[{"href":"https:\/\/lopiaseczno.waw.pl\/index.php\/wp-json\/wp\/v2\/types\/page"}],"author":[{"embeddable":true,"href":"https:\/\/lopiaseczno.waw.pl\/index.php\/wp-json\/wp\/v2\/users\/1"}],"replies":[{"embeddable":true,"href":"https:\/\/lopiaseczno.waw.pl\/index.php\/wp-json\/wp\/v2\/comments?post=2226"}],"version-history":[{"count":40,"href":"https:\/\/lopiaseczno.waw.pl\/index.php\/wp-json\/wp\/v2\/pages\/2226\/revisions"}],"predecessor-version":[{"id":2301,"href":"https:\/\/lopiaseczno.waw.pl\/index.php\/wp-json\/wp\/v2\/pages\/2226\/revisions\/2301"}],"wp:attachment":[{"href":"https:\/\/lopiaseczno.waw.pl\/index.php\/wp-json\/wp\/v2\/media?parent=2226"}],"curies":[{"name":"wp","href":"https:\/\/api.w.org\/{rel}","templated":true}]}}