{"id":1766,"date":"2024-10-31T11:29:36","date_gmt":"2024-10-31T11:29:36","guid":{"rendered":"https:\/\/lopiaseczno.waw.pl\/?page_id=1766"},"modified":"2024-10-31T11:51:15","modified_gmt":"2024-10-31T11:51:15","slug":"inne-projekty-2","status":"publish","type":"page","link":"https:\/\/lopiaseczno.waw.pl\/index.php\/inne-projekty-2\/","title":{"rendered":"Inne projekty"},"content":{"rendered":"\t\t<div data-elementor-type=\"wp-page\" data-elementor-id=\"1766\" class=\"elementor elementor-1766\" data-elementor-post-type=\"page\">\n\t\t\t\t<div class=\"elementor-element elementor-element-ef547b1 e-flex e-con-boxed e-con e-parent\" data-id=\"ef547b1\" data-element_type=\"container\" data-settings=\"{&quot;background_background&quot;:&quot;classic&quot;}\">\n\t\t\t\t\t<div class=\"e-con-inner\">\n\t\t\t\t<div class=\"elementor-element elementor-element-0c05ad9 elementor-widget elementor-widget-heading\" data-id=\"0c05ad9\" data-element_type=\"widget\" data-widget_type=\"heading.default\">\n\t\t\t\t<div class=\"elementor-widget-container\">\n\t\t\t\t\t<h2 class=\"elementor-heading-title elementor-size-default\">Inne projekty<\/h2>\t\t\t\t<\/div>\n\t\t\t\t<\/div>\n\t\t\t\t\t<\/div>\n\t\t\t\t<\/div>\n\t\t<div class=\"elementor-element elementor-element-1e50561 e-flex e-con-boxed e-con e-parent\" data-id=\"1e50561\" data-element_type=\"container\">\n\t\t\t\t\t<div class=\"e-con-inner\">\n\t\t<div class=\"elementor-element elementor-element-a6dd0bf e-con-full e-flex e-con e-child\" data-id=\"a6dd0bf\" data-element_type=\"container\">\n\t\t\t\t<div class=\"elementor-element elementor-element-dfcf993 elementor-grid-1 elementor-posts--thumbnail-none elementor-grid-tablet-2 elementor-grid-mobile-1 elementor-widget elementor-widget-posts\" data-id=\"dfcf993\" data-element_type=\"widget\" data-settings=\"{&quot;classic_columns&quot;:&quot;1&quot;,&quot;classic_columns_tablet&quot;:&quot;2&quot;,&quot;classic_columns_mobile&quot;:&quot;1&quot;,&quot;classic_row_gap&quot;:{&quot;unit&quot;:&quot;px&quot;,&quot;size&quot;:35,&quot;sizes&quot;:[]},&quot;classic_row_gap_tablet&quot;:{&quot;unit&quot;:&quot;px&quot;,&quot;size&quot;:&quot;&quot;,&quot;sizes&quot;:[]},&quot;classic_row_gap_mobile&quot;:{&quot;unit&quot;:&quot;px&quot;,&quot;size&quot;:&quot;&quot;,&quot;sizes&quot;:[]}}\" data-widget_type=\"posts.classic\">\n\t\t\t\t<div class=\"elementor-widget-container\">\n\t\t\t\t\t\t\t<div class=\"elementor-posts-container elementor-posts elementor-posts--skin-classic elementor-grid\" role=\"list\">\n\t\t\t\t<article class=\"elementor-post elementor-grid-item post-3786 post type-post status-publish format-standard hentry category-inne-projekty\" role=\"listitem\">\n\t\t\t\t<div class=\"elementor-post__text\">\n\t\t\t\t<h3 class=\"elementor-post__title\">\n\t\t\t<a href=\"https:\/\/lopiaseczno.waw.pl\/index.php\/2025\/09\/17\/inkluzywna-przyszlosc-wspolne-dzialania-gmin-i-powiatu-piaseczynskiego-na-rzecz-edukacji-wlaczajacej\/\" >\n\t\t\t\tInkluzywna Przysz\u0142o\u015b\u0107: Wsp\u00f3lne dzia\u0142ania Gmin i Powiatu Piaseczy\u0144skiego na rzecz edukacji w\u0142\u0105czaj\u0105cej.\t\t\t<\/a>\n\t\t<\/h3>\n\t\t\t\t<div class=\"elementor-post__meta-data\">\n\t\t\t\t\t<span class=\"elementor-post-date\">\n\t\t\t17 wrze\u015bnia, 2025\t\t<\/span>\n\t\t\t\t<\/div>\n\t\t\t\t<div class=\"elementor-post__excerpt\">\n\t\t\t<p>Inkluzywna Przysz\u0142o\u015b\u0107: Wsp\u00f3lne dzia\u0142ania Gmin i Powiatu Piaseczy\u0144skiego na rzecz edukacji w\u0142\u0105czaj\u0105cej.<\/p>\t\t<\/div>\n\t\t\t\t<\/div>\n\t\t\t\t<\/article>\n\t\t\t\t<article class=\"elementor-post elementor-grid-item post-1540 post type-post status-publish format-standard hentry category-inne-projekty category-wszystkie\" role=\"listitem\">\n\t\t\t\t<div class=\"elementor-post__text\">\n\t\t\t\t<h3 class=\"elementor-post__title\">\n\t\t\t<a href=\"https:\/\/lopiaseczno.waw.pl\/index.php\/2023\/09\/11\/most-do-przyszlosci\/\" >\n\t\t\t\tMost do przysz\u0142o\u015bci!\t\t\t<\/a>\n\t\t<\/h3>\n\t\t\t\t<div class=\"elementor-post__meta-data\">\n\t\t\t\t\t<span class=\"elementor-post-date\">\n\t\t\t11 wrze\u015bnia, 2023\t\t<\/span>\n\t\t\t\t<\/div>\n\t\t\t\t<div class=\"elementor-post__excerpt\">\n\t\t\t<p>Projekt \u201eMost do przysz\u0142o\u015bci! Wsparcie uczni\u00f3w i nauczycieli IV Liceum Og\u00f3lnokszta\u0142c\u0105cego w Piasecznie oraz Zespo\u0142u Szk\u00f3\u0142 Specjalnych w P\u0119cherach\u201d. Od 1 wrze\u015bnia 2023 r. wraz ze Starostwem Powiatowym w Piasecznie, realizujemy projekt \u201eMost do przysz\u0142o\u015bci! Wsparcie uczni\u00f3w i nauczycieli IV Liceum Og\u00f3lnokszta\u0142c\u0105cego w Piasecznie oraz Zespo\u0142u Szk\u00f3\u0142 Specjalnych w P\u0119cherach\u201d. Projekt jest wsp\u00f3\u0142finansowany przez Uni\u0119 Europejsk\u0105 ze \u015brodk\u00f3w [\u2026]<\/p>\t\t<\/div>\n\t\t\t\t<\/div>\n\t\t\t\t<\/article>\n\t\t\t\t<\/div>\n\t\t\n\t\t\t\t\t\t<\/div>\n\t\t\t\t<\/div>\n\t\t\t\t<\/div>\n\t\t<div class=\"elementor-element elementor-element-a230e1a e-con-full e-flex e-con e-child\" data-id=\"a230e1a\" data-element_type=\"container\">\n\t\t\t\t<div class=\"elementor-element elementor-element-b8b09dc elementor-widget elementor-widget-heading\" data-id=\"b8b09dc\" data-element_type=\"widget\" data-widget_type=\"heading.default\">\n\t\t\t\t<div class=\"elementor-widget-container\">\n\t\t\t\t\t<h2 class=\"elementor-heading-title elementor-size-default\">Filtruj aktualno\u015bci:<\/h2>\t\t\t\t<\/div>\n\t\t\t\t<\/div>\n\t\t\t\t<div class=\"elementor-element elementor-element-0df9542 elementor-widget elementor-widget-wp-widget-archives\" data-id=\"0df9542\" data-element_type=\"widget\" data-widget_type=\"wp-widget-archives.default\">\n\t\t\t\t<div class=\"elementor-widget-container\">\n\t\t\t\t\t<h5>Wed\u0142ug daty dodania:<\/h5><nav aria-label=\"Wed\u0142ug daty dodania:\">\n\t\t\t<ul>\n\t\t\t\t\t<li><a href='https:\/\/lopiaseczno.waw.pl\/index.php\/2026\/03\/'>marzec 2026<\/a>&nbsp;(31)<\/li>\n\t<li><a href='https:\/\/lopiaseczno.waw.pl\/index.php\/2026\/02\/'>luty 2026<\/a>&nbsp;(11)<\/li>\n\t<li><a href='https:\/\/lopiaseczno.waw.pl\/index.php\/2026\/01\/'>stycze\u0144 2026<\/a>&nbsp;(6)<\/li>\n\t<li><a href='https:\/\/lopiaseczno.waw.pl\/index.php\/2025\/12\/'>grudzie\u0144 2025<\/a>&nbsp;(19)<\/li>\n\t<li><a href='https:\/\/lopiaseczno.waw.pl\/index.php\/2025\/11\/'>listopad 2025<\/a>&nbsp;(14)<\/li>\n\t<li><a href='https:\/\/lopiaseczno.waw.pl\/index.php\/2025\/10\/'>pa\u017adziernik 2025<\/a>&nbsp;(17)<\/li>\n\t<li><a href='https:\/\/lopiaseczno.waw.pl\/index.php\/2025\/09\/'>wrzesie\u0144 2025<\/a>&nbsp;(14)<\/li>\n\t<li><a href='https:\/\/lopiaseczno.waw.pl\/index.php\/2025\/08\/'>sierpie\u0144 2025<\/a>&nbsp;(4)<\/li>\n\t<li><a href='https:\/\/lopiaseczno.waw.pl\/index.php\/2025\/07\/'>lipiec 2025<\/a>&nbsp;(3)<\/li>\n\t<li><a href='https:\/\/lopiaseczno.waw.pl\/index.php\/2025\/06\/'>czerwiec 2025<\/a>&nbsp;(18)<\/li>\n\t<li><a href='https:\/\/lopiaseczno.waw.pl\/index.php\/2025\/05\/'>maj 2025<\/a>&nbsp;(6)<\/li>\n\t<li><a href='https:\/\/lopiaseczno.waw.pl\/index.php\/2025\/04\/'>kwiecie\u0144 2025<\/a>&nbsp;(30)<\/li>\n\t<li><a href='https:\/\/lopiaseczno.waw.pl\/index.php\/2025\/03\/'>marzec 2025<\/a>&nbsp;(27)<\/li>\n\t<li><a href='https:\/\/lopiaseczno.waw.pl\/index.php\/2025\/02\/'>luty 2025<\/a>&nbsp;(7)<\/li>\n\t<li><a href='https:\/\/lopiaseczno.waw.pl\/index.php\/2025\/01\/'>stycze\u0144 2025<\/a>&nbsp;(12)<\/li>\n\t<li><a href='https:\/\/lopiaseczno.waw.pl\/index.php\/2024\/12\/'>grudzie\u0144 2024<\/a>&nbsp;(3)<\/li>\n\t<li><a href='https:\/\/lopiaseczno.waw.pl\/index.php\/2023\/11\/'>listopad 2023<\/a>&nbsp;(1)<\/li>\n\t<li><a href='https:\/\/lopiaseczno.waw.pl\/index.php\/2023\/09\/'>wrzesie\u0144 2023<\/a>&nbsp;(1)<\/li>\n\t<li><a href='https:\/\/lopiaseczno.waw.pl\/index.php\/2023\/07\/'>lipiec 2023<\/a>&nbsp;(1)<\/li>\n\t<li><a href='https:\/\/lopiaseczno.waw.pl\/index.php\/2023\/03\/'>marzec 2023<\/a>&nbsp;(1)<\/li>\n\t<li><a href='https:\/\/lopiaseczno.waw.pl\/index.php\/2022\/11\/'>listopad 2022<\/a>&nbsp;(1)<\/li>\n\t<li><a href='https:\/\/lopiaseczno.waw.pl\/index.php\/2022\/10\/'>pa\u017adziernik 2022<\/a>&nbsp;(1)<\/li>\n\t<li><a href='https:\/\/lopiaseczno.waw.pl\/index.php\/2022\/07\/'>lipiec 2022<\/a>&nbsp;(1)<\/li>\n\t<li><a href='https:\/\/lopiaseczno.waw.pl\/index.php\/2022\/06\/'>czerwiec 2022<\/a>&nbsp;(3)<\/li>\n\t<li><a href='https:\/\/lopiaseczno.waw.pl\/index.php\/2022\/04\/'>kwiecie\u0144 2022<\/a>&nbsp;(1)<\/li>\n\t<li><a href='https:\/\/lopiaseczno.waw.pl\/index.php\/2022\/03\/'>marzec 2022<\/a>&nbsp;(1)<\/li>\n\t<li><a href='https:\/\/lopiaseczno.waw.pl\/index.php\/2022\/02\/'>luty 2022<\/a>&nbsp;(2)<\/li>\n\t<li><a href='https:\/\/lopiaseczno.waw.pl\/index.php\/2022\/01\/'>stycze\u0144 2022<\/a>&nbsp;(1)<\/li>\n\t<li><a href='https:\/\/lopiaseczno.waw.pl\/index.php\/2021\/12\/'>grudzie\u0144 2021<\/a>&nbsp;(2)<\/li>\n\t<li><a href='https:\/\/lopiaseczno.waw.pl\/index.php\/2021\/11\/'>listopad 2021<\/a>&nbsp;(1)<\/li>\n\t<li><a href='https:\/\/lopiaseczno.waw.pl\/index.php\/2021\/09\/'>wrzesie\u0144 2021<\/a>&nbsp;(1)<\/li>\n\t<li><a href='https:\/\/lopiaseczno.waw.pl\/index.php\/2021\/08\/'>sierpie\u0144 2021<\/a>&nbsp;(1)<\/li>\n\t<li><a href='https:\/\/lopiaseczno.waw.pl\/index.php\/2021\/07\/'>lipiec 2021<\/a>&nbsp;(1)<\/li>\n\t<li><a href='https:\/\/lopiaseczno.waw.pl\/index.php\/2021\/05\/'>maj 2021<\/a>&nbsp;(2)<\/li>\n\t<li><a href='https:\/\/lopiaseczno.waw.pl\/index.php\/2021\/04\/'>kwiecie\u0144 2021<\/a>&nbsp;(2)<\/li>\n\t<li><a href='https:\/\/lopiaseczno.waw.pl\/index.php\/2021\/03\/'>marzec 2021<\/a>&nbsp;(2)<\/li>\n\t<li><a href='https:\/\/lopiaseczno.waw.pl\/index.php\/2020\/12\/'>grudzie\u0144 2020<\/a>&nbsp;(2)<\/li>\n\t<li><a href='https:\/\/lopiaseczno.waw.pl\/index.php\/2020\/11\/'>listopad 2020<\/a>&nbsp;(1)<\/li>\n\t<li><a href='https:\/\/lopiaseczno.waw.pl\/index.php\/2020\/08\/'>sierpie\u0144 2020<\/a>&nbsp;(1)<\/li>\n\t<li><a href='https:\/\/lopiaseczno.waw.pl\/index.php\/2020\/05\/'>maj 2020<\/a>&nbsp;(2)<\/li>\n\t<li><a href='https:\/\/lopiaseczno.waw.pl\/index.php\/2020\/03\/'>marzec 2020<\/a>&nbsp;(1)<\/li>\n\t<li><a href='https:\/\/lopiaseczno.waw.pl\/index.php\/2020\/02\/'>luty 2020<\/a>&nbsp;(1)<\/li>\n\t<li><a href='https:\/\/lopiaseczno.waw.pl\/index.php\/2020\/01\/'>stycze\u0144 2020<\/a>&nbsp;(2)<\/li>\n\t<li><a href='https:\/\/lopiaseczno.waw.pl\/index.php\/2019\/11\/'>listopad 2019<\/a>&nbsp;(1)<\/li>\n\t<li><a href='https:\/\/lopiaseczno.waw.pl\/index.php\/2019\/10\/'>pa\u017adziernik 2019<\/a>&nbsp;(3)<\/li>\n\t<li><a href='https:\/\/lopiaseczno.waw.pl\/index.php\/2019\/09\/'>wrzesie\u0144 2019<\/a>&nbsp;(1)<\/li>\n\t<li><a href='https:\/\/lopiaseczno.waw.pl\/index.php\/2019\/08\/'>sierpie\u0144 2019<\/a>&nbsp;(2)<\/li>\n\t<li><a href='https:\/\/lopiaseczno.waw.pl\/index.php\/2019\/07\/'>lipiec 2019<\/a>&nbsp;(1)<\/li>\n\t<li><a href='https:\/\/lopiaseczno.waw.pl\/index.php\/2019\/06\/'>czerwiec 2019<\/a>&nbsp;(5)<\/li>\n\t<li><a href='https:\/\/lopiaseczno.waw.pl\/index.php\/2019\/05\/'>maj 2019<\/a>&nbsp;(2)<\/li>\n\t<li><a href='https:\/\/lopiaseczno.waw.pl\/index.php\/2019\/04\/'>kwiecie\u0144 2019<\/a>&nbsp;(2)<\/li>\n\t<li><a href='https:\/\/lopiaseczno.waw.pl\/index.php\/2019\/03\/'>marzec 2019<\/a>&nbsp;(3)<\/li>\n\t<li><a href='https:\/\/lopiaseczno.waw.pl\/index.php\/2019\/02\/'>luty 2019<\/a>&nbsp;(4)<\/li>\n\t<li><a href='https:\/\/lopiaseczno.waw.pl\/index.php\/2019\/01\/'>stycze\u0144 2019<\/a>&nbsp;(3)<\/li>\n\t\t\t<\/ul>\n\n\t\t\t<\/nav>\t\t\t\t<\/div>\n\t\t\t\t<\/div>\n\t\t\t\t<\/div>\n\t\t\t\t\t<\/div>\n\t\t\t\t<\/div>\n\t\t\t\t<\/div>\n\t\t","protected":false},"excerpt":{"rendered":"<p>Inne projekty Filtruj aktualno\u015bci:<\/p>\n","protected":false},"author":1,"featured_media":0,"parent":0,"menu_order":0,"comment_status":"closed","ping_status":"closed","template":"elementor_header_footer","meta":{"_acf_changed":false,"inline_featured_image":false,"footnotes":""},"class_list":["post-1766","page","type-page","status-publish","hentry"],"acf":[],"_links":{"self":[{"href":"https:\/\/lopiaseczno.waw.pl\/index.php\/wp-json\/wp\/v2\/pages\/1766","targetHints":{"allow":["GET"]}}],"collection":[{"href":"https:\/\/lopiaseczno.waw.pl\/index.php\/wp-json\/wp\/v2\/pages"}],"about":[{"href":"https:\/\/lopiaseczno.waw.pl\/index.php\/wp-json\/wp\/v2\/types\/page"}],"author":[{"embeddable":true,"href":"https:\/\/lopiaseczno.waw.pl\/index.php\/wp-json\/wp\/v2\/users\/1"}],"replies":[{"embeddable":true,"href":"https:\/\/lopiaseczno.waw.pl\/index.php\/wp-json\/wp\/v2\/comments?post=1766"}],"version-history":[{"count":13,"href":"https:\/\/lopiaseczno.waw.pl\/index.php\/wp-json\/wp\/v2\/pages\/1766\/revisions"}],"predecessor-version":[{"id":1781,"href":"https:\/\/lopiaseczno.waw.pl\/index.php\/wp-json\/wp\/v2\/pages\/1766\/revisions\/1781"}],"wp:attachment":[{"href":"https:\/\/lopiaseczno.waw.pl\/index.php\/wp-json\/wp\/v2\/media?parent=1766"}],"curies":[{"name":"wp","href":"https:\/\/api.w.org\/{rel}","templated":true}]}}