{"id":1339,"date":"2024-10-30T11:52:38","date_gmt":"2024-10-30T11:52:38","guid":{"rendered":"https:\/\/lopiaseczno.waw.pl\/?page_id=1339"},"modified":"2024-12-17T14:38:20","modified_gmt":"2024-12-17T14:38:20","slug":"psycholog-pedagog","status":"publish","type":"page","link":"https:\/\/lopiaseczno.waw.pl\/index.php\/psycholog-pedagog\/","title":{"rendered":"Psycholog\/Pedagog"},"content":{"rendered":"\t\t<div data-elementor-type=\"wp-page\" data-elementor-id=\"1339\" class=\"elementor elementor-1339\" data-elementor-post-type=\"page\">\n\t\t\t\t<div class=\"elementor-element elementor-element-501df70 e-flex e-con-boxed e-con e-parent\" data-id=\"501df70\" data-element_type=\"container\" data-settings=\"{&quot;background_background&quot;:&quot;classic&quot;}\">\n\t\t\t\t\t<div class=\"e-con-inner\">\n\t\t\t\t<div class=\"elementor-element elementor-element-e4ec392 elementor-widget elementor-widget-heading\" data-id=\"e4ec392\" data-element_type=\"widget\" data-widget_type=\"heading.default\">\n\t\t\t\t<div class=\"elementor-widget-container\">\n\t\t\t\t\t<h2 class=\"elementor-heading-title elementor-size-default\">Psycholog\/Pedagog<\/h2>\t\t\t\t<\/div>\n\t\t\t\t<\/div>\n\t\t\t\t\t<\/div>\n\t\t\t\t<\/div>\n\t\t<div class=\"elementor-element elementor-element-5164822 e-flex e-con-boxed e-con e-parent\" data-id=\"5164822\" data-element_type=\"container\" data-settings=\"{&quot;background_background&quot;:&quot;classic&quot;}\">\n\t\t\t\t\t<div class=\"e-con-inner\">\n\t\t<div class=\"elementor-element elementor-element-6eb4aa8 e-con-full e-flex e-con e-child\" data-id=\"6eb4aa8\" data-element_type=\"container\">\n\t\t<div class=\"elementor-element elementor-element-6923614 e-con-full e-flex e-con e-child\" data-id=\"6923614\" data-element_type=\"container\">\n\t\t<div class=\"elementor-element elementor-element-0a47401 e-con-full e-flex e-con e-child\" data-id=\"0a47401\" data-element_type=\"container\">\n\t\t\t\t<div class=\"elementor-element elementor-element-4d79ed1 elementor-widget elementor-widget-text-editor\" data-id=\"4d79ed1\" data-element_type=\"widget\" data-widget_type=\"text-editor.default\">\n\t\t\t\t<div class=\"elementor-widget-container\">\n\t\t\t\t\t\t\t\t\t<div class=\"icon_box standart clearfix\">\n<div class=\"icon_alignment_center\">\n<div class=\"icon_text\">\n<p>Znalaz\u0142a\u015b b\u0105d\u017a znalaz\u0142e\u015b si\u0119 na stronie psychologa i pedagoga IV Liceum Og\u00f3lnokszta\u0142c\u0105cego w Piasecznie.&nbsp;<\/p>\n<p>Znajdziesz tu gar\u015b\u0107 przydatnych informacji.<\/p>\n<p><\/p>\n<p>Je\u015bli szukasz studi\u00f3w, w kt\u00f3rych mo\u017cesz w pe\u0142ni wykorzysta\u0107 sw\u00f3j potencja\u0142 oraz zdobyt\u0105 wiedz\u0119, polecamy skorzysta\u0107 z poni\u017cszych link\u00f3w. Kliknij, okre\u015bl swoje preferencje, a reszta zrobi si\u0119 sama&nbsp;<img decoding=\"async\" class=\"emoji\" role=\"img\" draggable=\"false\" src=\"https:\/\/s.w.org\/images\/core\/emoji\/15.0.3\/svg\/1f642.svg\" alt=\"\ud83d\ude42\">&nbsp;Dowiesz si\u0119 co musisz zdawa\u0107 by dosta\u0107 si\u0119 tam gdzie chcesz albo gdzie mo\u017cesz si\u0119 dosta\u0107 zdaj\u0105c to co chcesz.<\/p>\n<p><a role=\"link\" href=\"http:\/\/studia.gov.pl\/wybierz-studia\/pages\/search\/wizard\">http:\/\/studia.gov.pl\/wybierz-studia\/pages\/search\/wizard<\/a><\/p>\n<p><a role=\"link\" href=\"https:\/\/www.otouczelnie.pl\/szukaj\/uczelnia\">https:\/\/www.otouczelnie.pl\/szukaj\/uczelnia<\/a><\/p>\n<p><a role=\"link\" href=\"https:\/\/studia.pl\/jakie-studia\">https:\/\/studia.pl\/jakie-studia<\/a><\/p>\n<p><\/p>\n<p>Pami\u0119taj, \u017ce gabinet psychologa i pedagoga jest dla Ciebie.<br>Chcesz pogada\u0107, ponarzeka\u0107 albo dowiedzie\u0107 si\u0119 jak zadba\u0107 o sw\u00f3j rozw\u00f3j osobisty by skutecznie wyznaczy\u0107 sobie cel, a potem znale\u017a\u0107 drog\u0119 do jego realizacji \u2013 porozmawiajmy.<\/p>\n<p><br><\/p>\n<p><\/p>\n<p><strong>A tu lista przydatnych link\u00f3w:<\/strong><\/p>\n<p><a role=\"link\" href=\"http:\/\/www.perspektywy3d.pl\/\">http:\/\/www.perspektywy3d.pl\/<\/a><\/p>\n<p><a role=\"link\" href=\"http:\/\/www.psychologia.net.pl\/testy.php?test=zawod\">http:\/\/www.psychologia.net.pl\/testy.php?test=zawod<\/a><\/p>\n<p><a role=\"link\" href=\"http:\/\/test.oic.lublin.pl\/\">http:\/\/test.oic.lublin.pl\/<\/a><\/p>\n<\/div>\n<\/div>\n<\/div>\t\t\t\t\t\t\t\t<\/div>\n\t\t\t\t<\/div>\n\t\t\t\t<\/div>\n\t\t\t\t<\/div>\n\t\t\t\t<\/div>\n\t\t\t\t\t<\/div>\n\t\t\t\t<\/div>\n\t\t<div class=\"elementor-element elementor-element-f88ef32 e-flex e-con-boxed e-con e-parent\" data-id=\"f88ef32\" data-element_type=\"container\">\n\t\t\t\t\t<div class=\"e-con-inner\">\n\t\t\t\t\t<\/div>\n\t\t\t\t<\/div>\n\t\t\t\t<\/div>\n\t\t","protected":false},"excerpt":{"rendered":"<p>Psycholog\/Pedagog Znalaz\u0142a\u015b b\u0105d\u017a znalaz\u0142e\u015b si\u0119 na stronie psychologa i pedagoga IV Liceum Og\u00f3lnokszta\u0142c\u0105cego w Piasecznie.&nbsp; Znajdziesz tu gar\u015b\u0107 przydatnych informacji. Je\u015bli szukasz studi\u00f3w, w kt\u00f3rych mo\u017cesz w pe\u0142ni wykorzysta\u0107 sw\u00f3j potencja\u0142 oraz zdobyt\u0105 wiedz\u0119, polecamy skorzysta\u0107 z poni\u017cszych link\u00f3w. Kliknij, okre\u015bl swoje preferencje, a reszta zrobi si\u0119 sama&nbsp;&nbsp;Dowiesz si\u0119 co musisz zdawa\u0107 by dosta\u0107 si\u0119 [&hellip;]<\/p>\n","protected":false},"author":1,"featured_media":0,"parent":0,"menu_order":0,"comment_status":"closed","ping_status":"closed","template":"elementor_header_footer","meta":{"_acf_changed":false,"inline_featured_image":false,"footnotes":""},"class_list":["post-1339","page","type-page","status-publish","hentry"],"acf":[],"_links":{"self":[{"href":"https:\/\/lopiaseczno.waw.pl\/index.php\/wp-json\/wp\/v2\/pages\/1339","targetHints":{"allow":["GET"]}}],"collection":[{"href":"https:\/\/lopiaseczno.waw.pl\/index.php\/wp-json\/wp\/v2\/pages"}],"about":[{"href":"https:\/\/lopiaseczno.waw.pl\/index.php\/wp-json\/wp\/v2\/types\/page"}],"author":[{"embeddable":true,"href":"https:\/\/lopiaseczno.waw.pl\/index.php\/wp-json\/wp\/v2\/users\/1"}],"replies":[{"embeddable":true,"href":"https:\/\/lopiaseczno.waw.pl\/index.php\/wp-json\/wp\/v2\/comments?post=1339"}],"version-history":[{"count":19,"href":"https:\/\/lopiaseczno.waw.pl\/index.php\/wp-json\/wp\/v2\/pages\/1339\/revisions"}],"predecessor-version":[{"id":2470,"href":"https:\/\/lopiaseczno.waw.pl\/index.php\/wp-json\/wp\/v2\/pages\/1339\/revisions\/2470"}],"wp:attachment":[{"href":"https:\/\/lopiaseczno.waw.pl\/index.php\/wp-json\/wp\/v2\/media?parent=1339"}],"curies":[{"name":"wp","href":"https:\/\/api.w.org\/{rel}","templated":true}]}}