{"id":1240,"date":"2024-10-30T11:04:48","date_gmt":"2024-10-30T11:04:48","guid":{"rendered":"https:\/\/lopiaseczno.waw.pl\/?page_id=1240"},"modified":"2026-03-02T11:02:26","modified_gmt":"2026-03-02T10:02:26","slug":"rekrutacja","status":"publish","type":"page","link":"https:\/\/lopiaseczno.waw.pl\/index.php\/rekrutacja\/","title":{"rendered":"Rekrutacja"},"content":{"rendered":"\t\t<div data-elementor-type=\"wp-page\" data-elementor-id=\"1240\" class=\"elementor elementor-1240\" data-elementor-post-type=\"page\">\n\t\t\t\t<div class=\"elementor-element elementor-element-501df70 e-flex e-con-boxed e-con e-parent\" data-id=\"501df70\" data-element_type=\"container\" data-settings=\"{&quot;background_background&quot;:&quot;classic&quot;}\">\n\t\t\t\t\t<div class=\"e-con-inner\">\n\t\t\t\t<div class=\"elementor-element elementor-element-e4ec392 elementor-widget elementor-widget-heading\" data-id=\"e4ec392\" data-element_type=\"widget\" data-widget_type=\"heading.default\">\n\t\t\t\t<div class=\"elementor-widget-container\">\n\t\t\t\t\t<h2 class=\"elementor-heading-title elementor-size-default\">Profile klas<\/h2>\t\t\t\t<\/div>\n\t\t\t\t<\/div>\n\t\t\t\t\t<\/div>\n\t\t\t\t<\/div>\n\t\t<div class=\"elementor-element elementor-element-5164822 e-flex e-con-boxed e-con e-parent\" data-id=\"5164822\" data-element_type=\"container\" data-settings=\"{&quot;background_background&quot;:&quot;classic&quot;}\">\n\t\t\t\t\t<div class=\"e-con-inner\">\n\t\t<div class=\"elementor-element elementor-element-6eb4aa8 e-con-full e-flex e-con e-child\" data-id=\"6eb4aa8\" data-element_type=\"container\">\n\t\t<div class=\"elementor-element elementor-element-b72bb8a e-con-full e-flex e-con e-child\" data-id=\"b72bb8a\" data-element_type=\"container\">\n\t\t<div class=\"elementor-element elementor-element-ff32369 e-con-full e-flex e-con e-child\" data-id=\"ff32369\" data-element_type=\"container\">\n\t\t\t\t<div class=\"elementor-element elementor-element-1ae66a1 elementor-widget elementor-widget-text-editor\" data-id=\"1ae66a1\" data-element_type=\"widget\" data-widget_type=\"text-editor.default\">\n\t\t\t\t<div class=\"elementor-widget-container\">\n\t\t\t\t\t\t\t\t\t<p><strong>PROFILE KLAS PIERWSZYCH 2026\/2027<\/strong><\/p><p><strong>Oddzia\u0142y dla absolwent\u00f3w szko\u0142y podstawowej:<\/strong><\/p><ol><li>Odzia\u0142 I A z rozszerzonym zakresem nauczania j. polskiego, historii i wiedzy o spo\u0142ecze\u0144stwie oraz nowymi warsztatami humanistycznymi.<\/li><li>Oddzia\u0142 I B z rozszerzonym zakresem nauczania matematyki, fizyki i j\u0119zyka angielskiego oraz innowacj\u0105 z matematyki &#8211; \u201eRachunek ca\u0142kowy\u201d.<\/li><li>Oddzia\u0142 I C z rozszerzonym zakresem nauczania biologii, chemii i matematyki.<\/li><li>Oddzia\u0142y I E i I F z rozszerzonym zakresem nauczania matematyki, geografii i j\u0119zyka angielskiego oraz innowacj\u0105 z matematyki &#8211; \u201eRachunek ca\u0142kowy\u201d.<\/li><li>Oddzia\u0142 I G z rozszerzonym zakresem nauczania biologii, chemii j. angielskiego.<\/li><\/ol><p>We wszystkich oddzia\u0142ach dla absolwent\u00f3w szko\u0142y podstawowej obowi\u0105zkowym j\u0119zykiem obcym jest j\u0119zyk angielski.<\/p><p>Drugi j\u0119zyk w oddzia\u0142ach A, B, C, E , F i G jest wybierany przez ucznia spo\u015br\u00f3d: j\u0119zyka niemieckiego i j\u0119zyka francuskiego.<\/p><p>Grupy z drugiego j\u0119zyka obcego s\u0105 tworzone po ustaleniu list uczni\u00f3w w\u00a0oddzia\u0142ach. W przypadku braku miejsc w danej grupie j\u0119zykowej, o pierwsze\u0144stwie przyj\u0119cia decyduje suma punkt\u00f3w uzyskanych w procesie rekrutacji.<\/p><p>Deklaruj\u0105c wyb\u00f3r klasy kandydat akceptuje przewidziane dla niej rozszerzenia podstawy programowej.<\/p>\t\t\t\t\t\t\t\t<\/div>\n\t\t\t\t<\/div>\n\t\t\t\t<div class=\"elementor-element elementor-element-25d2067 e-n-tabs-mobile elementor-widget elementor-widget-n-tabs\" data-id=\"25d2067\" data-element_type=\"widget\" data-settings=\"{&quot;tabs_justify_horizontal&quot;:&quot;start&quot;,&quot;horizontal_scroll&quot;:&quot;disable&quot;}\" data-widget_type=\"nested-tabs.default\">\n\t\t\t\t<div class=\"elementor-widget-container\">\n\t\t\t\t\t\t\t<div class=\"e-n-tabs\" data-widget-number=\"39657575\" aria-label=\"Karty. Otwieraj elementy za pomoc\u0105 Enter lub Spacji, zamykaj za pomoc\u0105 Escape i nawiguj za pomoc\u0105 klawiszy strza\u0142ek.\">\n\t\t\t<div class=\"e-n-tabs-heading\" role=\"tablist\">\n\t\t\t\t\t<button id=\"e-n-tab-title-396575751\" class=\"e-n-tab-title\" aria-selected=\"true\" data-tab-index=\"1\" role=\"tab\" tabindex=\"0\" aria-controls=\"e-n-tab-content-396575751\" style=\"--n-tabs-title-order: 1;\">\n\t\t\t\t\t\t<span class=\"e-n-tab-title-text\">\n\t\t\t\tA -humanistyczna\t\t\t<\/span>\n\t\t<\/button>\n\t\t\t\t<button id=\"e-n-tab-title-396575752\" class=\"e-n-tab-title\" aria-selected=\"false\" data-tab-index=\"2\" role=\"tab\" tabindex=\"-1\" aria-controls=\"e-n-tab-content-396575752\" style=\"--n-tabs-title-order: 2;\">\n\t\t\t\t\t\t<span class=\"e-n-tab-title-text\">\n\t\t\t\tB - matematyczno-fizyczna\t\t\t<\/span>\n\t\t<\/button>\n\t\t\t\t<button id=\"e-n-tab-title-396575753\" class=\"e-n-tab-title\" aria-selected=\"false\" data-tab-index=\"3\" role=\"tab\" tabindex=\"-1\" aria-controls=\"e-n-tab-content-396575753\" style=\"--n-tabs-title-order: 3;\">\n\t\t\t\t\t\t<span class=\"e-n-tab-title-text\">\n\t\t\t\tC - biologiczno-chemiczna\t\t\t<\/span>\n\t\t<\/button>\n\t\t\t\t<button id=\"e-n-tab-title-396575754\" class=\"e-n-tab-title\" aria-selected=\"false\" data-tab-index=\"4\" role=\"tab\" tabindex=\"-1\" aria-controls=\"e-n-tab-content-396575754\" style=\"--n-tabs-title-order: 4;\">\n\t\t\t\t\t\t<span class=\"e-n-tab-title-text\">\n\t\t\t\tE, F - matematyczno-geograficzna\t\t\t<\/span>\n\t\t<\/button>\n\t\t\t\t<button id=\"e-n-tab-title-396575755\" class=\"e-n-tab-title\" aria-selected=\"false\" data-tab-index=\"5\" role=\"tab\" tabindex=\"-1\" aria-controls=\"e-n-tab-content-396575755\" style=\"--n-tabs-title-order: 5;\">\n\t\t\t\t\t\t<span class=\"e-n-tab-title-text\">\n\t\t\t\tG - biologiczno-chemiczna z j\u0119zykiem angielskim\t\t\t<\/span>\n\t\t<\/button>\n\t\t\t\t\t<\/div>\n\t\t\t<div class=\"e-n-tabs-content\">\n\t\t\t\t<div id=\"e-n-tab-content-396575751\" role=\"tabpanel\" aria-labelledby=\"e-n-tab-title-396575751\" data-tab-index=\"1\" style=\"--n-tabs-title-order: 1;\" class=\"e-active elementor-element elementor-element-087c59c e-con-full e-flex e-con e-child\" data-id=\"087c59c\" data-element_type=\"container\" data-settings=\"{&quot;background_background&quot;:&quot;classic&quot;}\">\n\t\t\t\t<div class=\"elementor-element elementor-element-b2ce9ca elementor-widget elementor-widget-text-editor\" data-id=\"b2ce9ca\" data-element_type=\"widget\" data-widget_type=\"text-editor.default\">\n\t\t\t\t<div class=\"elementor-widget-container\">\n\t\t\t\t\t\t\t\t\t<div class=\"wpb_text_column wpb_content_element \"><div class=\"wpb_wrapper\"><p><strong>Przedmioty rozszerzone:<\/strong><\/p><ul><li>j\u0119zyk polski<\/li><li>historia<\/li><li>WOS\u00a0<\/li><\/ul><p><strong>J\u0119zykiem obcym wiod\u0105cym jest\u00a0<u>angielski<\/u>\u00a0drugi j\u0119zyk do wyboru:<\/strong><\/p><ul><li>niemiecki<\/li><li>francuski<\/li><\/ul><p><strong>Dodatkowe aktywno\u015bci:<\/strong><\/p><ul><li>wyj\u015bcia do warszawskich\u00a0 teatr\u00f3w i muze\u00f3w<\/li><li>spotkania z lud\u017ami kultury<\/li><li>zaj\u0119cia otwarte w s\u0105dzie<\/li><li>wyj\u015bcia do radia i telewizji<\/li><\/ul><p><strong>Ukierunkowanie na studia wy\u017csze:<\/strong><\/p><ul><li>kierunki humanistyczne np.: socjologia,\u00a0 psychologia, prawo, filologia polska<\/li><\/ul><\/div><\/div>\t\t\t\t\t\t\t\t<\/div>\n\t\t\t\t<\/div>\n\t\t\t\t<\/div>\n\t\t<div id=\"e-n-tab-content-396575752\" role=\"tabpanel\" aria-labelledby=\"e-n-tab-title-396575752\" data-tab-index=\"2\" style=\"--n-tabs-title-order: 2;\" class=\" elementor-element elementor-element-5e54144 e-con-full e-flex e-con e-child\" data-id=\"5e54144\" data-element_type=\"container\" data-settings=\"{&quot;background_background&quot;:&quot;classic&quot;}\">\n\t\t\t\t<div class=\"elementor-element elementor-element-9c7c613 elementor-widget elementor-widget-text-editor\" data-id=\"9c7c613\" data-element_type=\"widget\" data-widget_type=\"text-editor.default\">\n\t\t\t\t<div class=\"elementor-widget-container\">\n\t\t\t\t\t\t\t\t\t<div class=\"wpb_text_column wpb_content_element \"><div class=\"wpb_wrapper\"><p><strong>Przedmioty rozszerzone:<\/strong><\/p><ul><li>matematyka<\/li><li>fizyka<\/li><li>j\u0119zyk angielski\u00a0<\/li><\/ul><p><strong>J\u0119zykiem obcym wiod\u0105cym jest\u00a0<u>angielski<\/u>\u00a0drugi j\u0119zyk do wyboru:<\/strong><\/p><ul><li>niemiecki<\/li><li>francuski<\/li><\/ul><p><strong>Dodatkowe aktywno\u015bci:<\/strong><\/p><ul><li>zaj\u0119cia na Politechnice, wydzia\u0142 MINI ( Akademia MINI)<\/li><li>zaj\u0119cia w instytucie matematycznym PAN<\/li><li>wyjazdy do Narodowego Centrum Bada\u0144 J\u0105drowych w \u015awierku<\/li><li>rozwijaj\u0105ce zaj\u0119cia szachowe, kostki RUBIKA<\/li><\/ul><p><strong>Ukierunkowanie na studia wy\u017csze:<\/strong><\/p><ul><li>kierunki politechniczne np: informatyka, elektronika, mechatronika, budownictwo, architektura, budowa maszyn<\/li><li>wszystkie kierunki na SGGW, UW i innych uczelniach wymagaj\u0105ce zdania matury rozszerzonej z matematyki i fizyki<\/li><\/ul><\/div><\/div>\t\t\t\t\t\t\t\t<\/div>\n\t\t\t\t<\/div>\n\t\t\t\t<\/div>\n\t\t<div id=\"e-n-tab-content-396575753\" role=\"tabpanel\" aria-labelledby=\"e-n-tab-title-396575753\" data-tab-index=\"3\" style=\"--n-tabs-title-order: 3;\" class=\" elementor-element elementor-element-9ee4062 e-con-full e-flex e-con e-child\" data-id=\"9ee4062\" data-element_type=\"container\" data-settings=\"{&quot;background_background&quot;:&quot;classic&quot;}\">\n\t\t\t\t<div class=\"elementor-element elementor-element-3a7fd10 elementor-widget elementor-widget-text-editor\" data-id=\"3a7fd10\" data-element_type=\"widget\" data-widget_type=\"text-editor.default\">\n\t\t\t\t<div class=\"elementor-widget-container\">\n\t\t\t\t\t\t\t\t\t<div class=\"wpb_text_column wpb_content_element \"><div class=\"wpb_wrapper\"><p><strong>Przedmioty rozszerzone klasa pierwsza C<\/strong><\/p><ul><li>matematyka<\/li><li>biologia<\/li><li>chemia\u00a0<\/li><\/ul><p><strong>J\u0119zykiem obcym wiod\u0105cym jest\u00a0<u>angielski<\/u>\u00a0drugi j\u0119zyk do wyboru:<\/strong><\/p><ul><li>niemiecki<\/li><li>francuski<\/li><\/ul><p><strong>Dodatkowe aktywno\u015bci:<\/strong><\/p><ul><li>zaj\u0119cia warsztatowe w Ogrodzie Botanicznym i w Ogrodzie Zoologicznym<\/li><li>warsztaty biotechnologiczne prowadzone przez BiCEN<\/li><li>Muzeum Ewolucji<\/li><li>Lekcje w Centrum Nauki Kopernik<\/li><li>Zaj\u0119cia laboratoryjne w PAN<\/li><li>Warsztaty w Wy\u017cszej Szkole Rehabilitacji<\/li><li>Przygotowanie do olimpiad: biologicznej, chemicznej i ekologicznej<\/li><\/ul><p><strong>Ukierunkowanie na studia wy\u017csze:<\/strong><\/p><ul><li>medycyna<\/li><li>stomatologia<\/li><li>farmacja<\/li><li>zdrowie publiczne<\/li><li>biotechnologia<\/li><li>weterynaria<\/li><li>zootechnika<\/li><li>diagnostyka laboratoryjna<\/li><li>\u017cywienie i dietetyka<\/li><li>psychologia<\/li><li>rehabilitacja<\/li><li>stosunki mi\u0119dzynarodowe<\/li><li>inne studia, na kt\u00f3re wymagana jest rozszerzona matura z biologii i chemii<\/li><\/ul><\/div><\/div>\t\t\t\t\t\t\t\t<\/div>\n\t\t\t\t<\/div>\n\t\t\t\t<\/div>\n\t\t<div id=\"e-n-tab-content-396575754\" role=\"tabpanel\" aria-labelledby=\"e-n-tab-title-396575754\" data-tab-index=\"4\" style=\"--n-tabs-title-order: 4;\" class=\" elementor-element elementor-element-47edac4 e-con-full e-flex e-con e-child\" data-id=\"47edac4\" data-element_type=\"container\" data-settings=\"{&quot;background_background&quot;:&quot;classic&quot;}\">\n\t\t\t\t<div class=\"elementor-element elementor-element-dc9688f elementor-widget elementor-widget-text-editor\" data-id=\"dc9688f\" data-element_type=\"widget\" data-widget_type=\"text-editor.default\">\n\t\t\t\t<div class=\"elementor-widget-container\">\n\t\t\t\t\t\t\t\t\t<div class=\"wpb_text_column wpb_content_element \"><div class=\"wpb_wrapper\"><p><strong>Przedmioty rozszerzone:<\/strong><\/p><ul><li>matematyka<\/li><li>geografia<\/li><li>j\u0119zyk angielski\u00a0<\/li><\/ul><p><strong>J\u0119zykiem obcym wiod\u0105cym jest\u00a0<u>angielski<\/u>\u00a0drugi j\u0119zyk do wyboru:<\/strong><\/p><ul><li>niemiecki<\/li><li>francuski<\/li><\/ul><p><strong>Dodatkowe aktywno\u015bci:<\/strong><\/p><ul><li>Muzeum Geologiczne<\/li><li>Gie\u0142da Papier\u00f3w Warto\u015bciowych<\/li><li>Centrum Pieni\u0105dza<\/li><\/ul><p><strong>Ukierunkowanie na studia wy\u017csze:<\/strong><\/p><ul><li>kierunki ekonomiczne (SGH, UW )<\/li><li>bankowo\u015b\u0107 i finanse<\/li><li>kierunki zwi\u0105zane z administracj\u0105 ,marketingiem i zarz\u0105dzaniem<\/li><li>rachunkowo\u015b\u0107<\/li><li>stosunki mi\u0119dzynarodowe<\/li><li>gospodarka przestrzenna<\/li><li>turystyka i rekreacja oraz wszystkie kierunki wymagaj\u0105ce zdania rozszerzonej matury z matematyki,\u00a0geografii lub j\u0119zyka angielskiego<\/li><\/ul><\/div><\/div>\t\t\t\t\t\t\t\t<\/div>\n\t\t\t\t<\/div>\n\t\t\t\t<\/div>\n\t\t<div id=\"e-n-tab-content-396575755\" role=\"tabpanel\" aria-labelledby=\"e-n-tab-title-396575755\" data-tab-index=\"5\" style=\"--n-tabs-title-order: 5;\" class=\" elementor-element elementor-element-221fdd4 e-con-full e-flex e-con e-child\" data-id=\"221fdd4\" data-element_type=\"container\" data-settings=\"{&quot;background_background&quot;:&quot;classic&quot;}\">\n\t\t\t\t<div class=\"elementor-element elementor-element-be36ad4 elementor-widget elementor-widget-text-editor\" data-id=\"be36ad4\" data-element_type=\"widget\" data-widget_type=\"text-editor.default\">\n\t\t\t\t<div class=\"elementor-widget-container\">\n\t\t\t\t\t\t\t\t\t<div class=\"wpb_text_column wpb_content_element \"><div class=\"wpb_wrapper\"><p><strong>Przedmioty rozszerzone klasa pierwsza G<\/strong><\/p><ul><li>j\u0119zyk angielski<\/li><li>biologia<\/li><li>chemia\u00a0<\/li><\/ul><p><strong>J\u0119zykiem obcym wiod\u0105cym jest\u00a0<u>angielski<\/u>\u00a0drugi j\u0119zyk do wyboru:<\/strong><\/p><ul><li>niemiecki<\/li><li>francuski<\/li><\/ul><p><strong>Dodatkowe aktywno\u015bci:<\/strong><\/p><ul><li>zaj\u0119cia warsztatowe w Ogrodzie Botanicznym i w Ogrodzie Zoologicznym<\/li><li>warsztaty biotechnologiczne prowadzone przez BiCEN<\/li><li>Muzeum Ewolucji<\/li><li>Lekcje w Centrum Nauki Kopernik<\/li><li>Zaj\u0119cia laboratoryjne w PAN<\/li><li>Warsztaty w Wy\u017cszej Szkole Rehabilitacji<\/li><li>Przygotowanie do olimpiad: biologicznej, chemicznej i ekologicznej<\/li><\/ul><p><strong>Ukierunkowanie na studia wy\u017csze:<\/strong><\/p><ul><li>medycyna<\/li><li>stomatologia<\/li><li>farmacja<\/li><li>zdrowie publiczne<\/li><li>biotechnologia<\/li><li>weterynaria<\/li><li>zootechnika<\/li><li>diagnostyka laboratoryjna<\/li><li>\u017cywienie i dietetyka<\/li><li>psychologia<\/li><li>rehabilitacja<\/li><li>stosunki mi\u0119dzynarodowe<\/li><li>inne studia, na kt\u00f3re wymagana jest rozszerzona matura z biologii i chemii<\/li><\/ul><\/div><\/div>\t\t\t\t\t\t\t\t<\/div>\n\t\t\t\t<\/div>\n\t\t\t\t<\/div>\n\t\t\t\t\t<\/div>\n\t\t<\/div>\n\t\t\t\t\t\t<\/div>\n\t\t\t\t<\/div>\n\t\t\t\t<\/div>\n\t\t\t\t<\/div>\n\t\t\t\t<\/div>\n\t\t\t\t\t<\/div>\n\t\t\t\t<\/div>\n\t\t\t\t<\/div>\n\t\t","protected":false},"excerpt":{"rendered":"<p>Profile klas PROFILE KLAS PIERWSZYCH 2026\/2027 Oddzia\u0142y dla absolwent\u00f3w szko\u0142y podstawowej: Odzia\u0142 I A z rozszerzonym zakresem nauczania j. polskiego, historii i wiedzy o spo\u0142ecze\u0144stwie oraz nowymi warsztatami humanistycznymi. Oddzia\u0142 I B z rozszerzonym zakresem nauczania matematyki, fizyki i j\u0119zyka angielskiego oraz innowacj\u0105 z matematyki &#8211; \u201eRachunek ca\u0142kowy\u201d. Oddzia\u0142 I C z rozszerzonym zakresem nauczania [&hellip;]<\/p>\n","protected":false},"author":1,"featured_media":0,"parent":0,"menu_order":0,"comment_status":"closed","ping_status":"closed","template":"elementor_header_footer","meta":{"_acf_changed":false,"inline_featured_image":false,"footnotes":""},"class_list":["post-1240","page","type-page","status-publish","hentry"],"acf":[],"_links":{"self":[{"href":"https:\/\/lopiaseczno.waw.pl\/index.php\/wp-json\/wp\/v2\/pages\/1240","targetHints":{"allow":["GET"]}}],"collection":[{"href":"https:\/\/lopiaseczno.waw.pl\/index.php\/wp-json\/wp\/v2\/pages"}],"about":[{"href":"https:\/\/lopiaseczno.waw.pl\/index.php\/wp-json\/wp\/v2\/types\/page"}],"author":[{"embeddable":true,"href":"https:\/\/lopiaseczno.waw.pl\/index.php\/wp-json\/wp\/v2\/users\/1"}],"replies":[{"embeddable":true,"href":"https:\/\/lopiaseczno.waw.pl\/index.php\/wp-json\/wp\/v2\/comments?post=1240"}],"version-history":[{"count":46,"href":"https:\/\/lopiaseczno.waw.pl\/index.php\/wp-json\/wp\/v2\/pages\/1240\/revisions"}],"predecessor-version":[{"id":4718,"href":"https:\/\/lopiaseczno.waw.pl\/index.php\/wp-json\/wp\/v2\/pages\/1240\/revisions\/4718"}],"wp:attachment":[{"href":"https:\/\/lopiaseczno.waw.pl\/index.php\/wp-json\/wp\/v2\/media?parent=1240"}],"curies":[{"name":"wp","href":"https:\/\/api.w.org\/{rel}","templated":true}]}}