{"id":1019,"date":"2024-10-30T08:53:08","date_gmt":"2024-10-30T08:53:08","guid":{"rendered":"https:\/\/lopiaseczno.waw.pl\/?page_id=1019"},"modified":"2024-10-31T21:36:34","modified_gmt":"2024-10-31T21:36:34","slug":"deklaracja-dostepnosci","status":"publish","type":"page","link":"https:\/\/lopiaseczno.waw.pl\/index.php\/deklaracja-dostepnosci\/","title":{"rendered":"Deklaracja dost\u0119pno\u015bci"},"content":{"rendered":"\t\t<div data-elementor-type=\"wp-page\" data-elementor-id=\"1019\" class=\"elementor elementor-1019\" data-elementor-post-type=\"page\">\n\t\t\t\t<div class=\"elementor-element elementor-element-501df70 e-flex e-con-boxed e-con e-parent\" data-id=\"501df70\" data-element_type=\"container\" data-settings=\"{&quot;background_background&quot;:&quot;classic&quot;}\">\n\t\t\t\t\t<div class=\"e-con-inner\">\n\t\t\t\t<div class=\"elementor-element elementor-element-e4ec392 elementor-widget elementor-widget-heading\" data-id=\"e4ec392\" data-element_type=\"widget\" data-widget_type=\"heading.default\">\n\t\t\t\t<div class=\"elementor-widget-container\">\n\t\t\t\t\t<h2 class=\"elementor-heading-title elementor-size-default\">Deklaracja dost\u0119pno\u015bci<\/h2>\t\t\t\t<\/div>\n\t\t\t\t<\/div>\n\t\t\t\t\t<\/div>\n\t\t\t\t<\/div>\n\t\t<div class=\"elementor-element elementor-element-5164822 e-flex e-con-boxed e-con e-parent\" data-id=\"5164822\" data-element_type=\"container\" data-settings=\"{&quot;background_background&quot;:&quot;classic&quot;}\">\n\t\t\t\t\t<div class=\"e-con-inner\">\n\t\t<div class=\"elementor-element elementor-element-6eb4aa8 e-con-full e-flex e-con e-child\" data-id=\"6eb4aa8\" data-element_type=\"container\">\n\t\t<div class=\"elementor-element elementor-element-b72bb8a e-con-full e-flex e-con e-child\" data-id=\"b72bb8a\" data-element_type=\"container\">\n\t\t<div class=\"elementor-element elementor-element-9a78831 e-con-full e-flex e-con e-child\" data-id=\"9a78831\" data-element_type=\"container\">\n\t\t\t\t<\/div>\n\t\t<div class=\"elementor-element elementor-element-2d9f294 e-con-full e-flex e-con e-child\" data-id=\"2d9f294\" data-element_type=\"container\">\n\t\t\t\t<div class=\"elementor-element elementor-element-13c896a elementor-widget elementor-widget-image\" data-id=\"13c896a\" data-element_type=\"widget\" data-widget_type=\"image.default\">\n\t\t\t\t<div class=\"elementor-widget-container\">\n\t\t\t\t\t\t\t\t\t\t\t\t\t\t\t<img fetchpriority=\"high\" decoding=\"async\" width=\"500\" height=\"200\" src=\"https:\/\/lopiaseczno.waw.pl\/wp-content\/uploads\/2024\/10\/dostepnosc-500x200-1.jpg\" class=\"attachment-full size-full wp-image-1021\" alt=\"\" srcset=\"https:\/\/lopiaseczno.waw.pl\/wp-content\/uploads\/2024\/10\/dostepnosc-500x200-1.jpg 500w, https:\/\/lopiaseczno.waw.pl\/wp-content\/uploads\/2024\/10\/dostepnosc-500x200-1-300x120.jpg 300w\" sizes=\"(max-width: 500px) 100vw, 500px\" \/>\t\t\t\t\t\t\t\t\t\t\t\t\t\t\t<\/div>\n\t\t\t\t<\/div>\n\t\t\t\t<\/div>\n\t\t<div class=\"elementor-element elementor-element-6bf4b39 e-con-full e-flex e-con e-child\" data-id=\"6bf4b39\" data-element_type=\"container\">\n\t\t\t\t<\/div>\n\t\t\t\t<\/div>\n\t\t<div class=\"elementor-element elementor-element-6923614 e-con-full e-flex e-con e-child\" data-id=\"6923614\" data-element_type=\"container\">\n\t\t<div class=\"elementor-element elementor-element-0a47401 e-con-full e-flex e-con e-child\" data-id=\"0a47401\" data-element_type=\"container\">\n\t\t\t\t<div class=\"elementor-element elementor-element-ac5eaf9 elementor-widget elementor-widget-text-editor\" data-id=\"ac5eaf9\" data-element_type=\"widget\" data-widget_type=\"text-editor.default\">\n\t\t\t\t<div class=\"elementor-widget-container\">\n\t\t\t\t\t\t\t\t\t<p>IV Liceum Og\u00f3lnokszta\u0142c\u0105ce zobowi\u0105zuje si\u0119 zapewni\u0107 dost\u0119pno\u015b\u0107 strony internetowej lopiaseczno.waw.pl zgodnie z ustaw\u0105 z dnia 4 kwietnia 2019 r. o dost\u0119pno\u015bci cyfrowej stron internetowych i aplikacji mobilnych podmiot\u00f3w publicznych. O\u015bwiadczenie w sprawie dost\u0119pno\u015bci ma zastosowanie do serwisu&nbsp;<a role=\"link\" href=\"https:\/\/www.lopiaseczno.waw.pl\/\">lopiaseczno.waw.pl<\/a><\/p><p><br><\/p>\n<p><\/p>\n<p>Data publikacji strony internetowej: 01.09.2010<\/p>\n<p>Data ostatniej du\u017cej aktualizacji: 01.10.2017<\/p><p><br><\/p>\n<p><\/p>\n<p>Strona internetowa jest zgodna z ustaw\u0105 o dost\u0119pno\u015bci cyfrowej stron internetowych i aplikacji mobilnych podmiot\u00f3w publicznych.<\/p>\n<p>O\u015bwiadczenie sporz\u0105dzono dnia 27.11.2019. Deklaracj\u0119 sporz\u0105dzono na podstawie samooceny przeprowadzonej przez podmiot publiczny.<\/p><p><br><\/p>\n<p><\/p>\n<p>Na stronie internetowej mo\u017cna korzysta\u0107 ze standardowych skr\u00f3t\u00f3w klawiaturowych.<\/p>\n<p>W przypadku problem\u00f3w z dost\u0119pno\u015bci\u0105 strony internetowej prosimy o kontakt. Osob\u0105 odpowiedzialn\u0105 jest \u0141ukasz Sar ,adres poczty elektronicznej lo_pias@lopiaseczno.waw.pl<\/p>\n<p><\/p>\n<p>Ka\u017cdy ma prawo do wyst\u0105pienia z \u017c\u0105daniem zapewnienia dost\u0119pno\u015bci cyfrowej strony internetowej, aplikacji mobilnej lub jakiego\u015b ich elementu. Ka\u017cdy mo\u017ce tak\u017ce za\u017c\u0105da\u0107 udost\u0119pnienia informacji za pomoc\u0105 alternatywnego sposobu dost\u0119pu, np. odczytanie niedost\u0119pnego cyfrowo dokumentu. \u017b\u0105danie powinno zawiera\u0107 dane osoby zg\u0142aszaj\u0105cej \u017c\u0105danie, wskazanie, o jaki element strony internetowej chodzi oraz spos\u00f3b kontakt.<\/p>\n<p><\/p>\n<p>Je\u017celi osoba \u017c\u0105daj\u0105ca zg\u0142asza potrzeb\u0119 otrzymania informacji za pomoc\u0105 alternatywnego sposobu dost\u0119pu, powinna tak\u017ce okre\u015bli\u0107 dogodny dla niej spos\u00f3b przedstawienia tej informacji. IV LO im. rtm. W. Pileckiego do\u0142o\u017cy wszelkich stara\u0144, aby spe\u0142ni\u0107 \u017c\u0105danie nie p\u00f3\u017aniej ni\u017c w ci\u0105gu 7 dni. Je\u017celi dotrzymanie tego terminu nie b\u0119dzie mo\u017cliwe, IV LO im. rtm.<\/p>\n<ol>\n<li>Pileckiego niezw\u0142ocznie poinformuje o tym fakcie \u017c\u0105daj\u0105cego oraz podejmie dzia\u0142ania zmierzaj\u0105ce do realizacji \u017c\u0105dania w terminie nie d\u0142u\u017cszym ni\u017c 2 miesi\u0105ce. W przypadkach, gdyby spe\u0142nienie \u017c\u0105dania by\u0142o niemo\u017cliwe, IV LO im. rtm. W. Pileckiego zobowi\u0105zuje si\u0119 zaproponowania alternatywnego zapewnienia dost\u0119pu do informacji.<\/li>\n<\/ol>\n<p>W przypadku, braku realizacji \u017c\u0105dania zapewnienia dost\u0119pno\u015bci lub alternatywnego sposobu dost\u0119pu do informacji, wnosz\u0105cy \u017c\u0105danie mo\u017cne z\u0142o\u017cy\u0107 skarg\u0119 w sprawie zapewniana dost\u0119pno\u015bci cyfrowej strony internetowej, lub jej elementu. Po wyczerpaniu wskazanej wy\u017cej procedury mo\u017cna tak\u017ce z\u0142o\u017cy\u0107 wniosek do Rzecznika Praw Obywatelskich. Strona internetowa Rzecznika Praw Obywatelskich:&nbsp;<a role=\"link\" href=\"https:\/\/www.rpo.gov.pl\/\">https:\/\/www.rpo.gov.pl\/<\/a>.<\/p>\n<p><\/p>\n<p>IV LO im. rtm. W. Pileckiego nie posiada t\u0142umacza j\u0119zyka migowego.<\/p><p><br><\/p>\n<p><\/p>\n<p><strong>Dost\u0119pno\u015b\u0107 architektoniczna<\/strong><\/p>\n<p>Dane teleadresowe plac\u00f3wki:<\/p>\n<p>IV Liceum Og\u00f3lnokszta\u0142c\u0105ce im.rtm. Witolda Pileckiego ul. Chyliczkowska 17<\/p>\n<p>05-500 Piaseczno<\/p>\n<p>Tel. 22 756 74 13<\/p>\n<p>mail:&nbsp;<a role=\"link\" href=\"mailto:sekretariat@lopiaseczno.waw.pl\">sekretariat@lopiaseczno.waw.pl<\/a><\/p><p><br><\/p>\n<p><\/p>\n<p>IV Liceum Og\u00f3lnokszta\u0142c\u0105ce im. rtm. Witolda Pileckiego jest dwupi\u0119trowym wolnostoj\u0105cym, budynkiem. Na terenie szkolnym znajduje si\u0119 boisko \u201eOrlik\u201d. Do budynku szko\u0142y wchodzi si\u0119 wej\u015bciem g\u0142\u00f3wnym&nbsp; od strony ul.&nbsp;<span style=\"font-size: inherit; text-align: inherit; letter-spacing: -0.015em;\">Chyliczkowskiej. Wej\u015bcie g\u0142\u00f3wne nie jest wyposa\u017cone w podjazd , umo\u017cliwiaj\u0105cy wjazd osobom poruszaj\u0105cym si\u0119 na w\u00f3zkach inwalidzkich. Do szko\u0142y prowadz\u0105 schody. Wej\u015bcie do Szko\u0142y jest mo\u017cliwe przy u\u017cyciu pochylni od strony hali sportowej. Nie wyznaczono miejsca parkingowego dla os\u00f3b niepe\u0142nosprawnych. Toalety dla os\u00f3b niepe\u0142nosprawnych znajduj\u0105 si\u0119 w nowej cz\u0119\u015bci szko\u0142y.<\/span><\/p>\n<p>W budynku Szko\u0142y nie ma windy.<\/p>\n<p>W budynku szko\u0142y nie ma oznacze\u0144 w alfabecie Braille\u00b4a, oznacze\u0144 kontrastowych lub w druku powi\u0119kszonym dla os\u00f3b niewidomych i s\u0142abowidz\u0105cych, nie mo\u017cna skorzysta\u0107 z t\u0142umacza j\u0119zyka migowego.<\/p>\t\t\t\t\t\t\t\t<\/div>\n\t\t\t\t<\/div>\n\t\t\t\t<\/div>\n\t\t\t\t<\/div>\n\t\t\t\t<\/div>\n\t\t\t\t\t<\/div>\n\t\t\t\t<\/div>\n\t\t\t\t<\/div>\n\t\t","protected":false},"excerpt":{"rendered":"<p>Deklaracja dost\u0119pno\u015bci IV Liceum Og\u00f3lnokszta\u0142c\u0105ce zobowi\u0105zuje si\u0119 zapewni\u0107 dost\u0119pno\u015b\u0107 strony internetowej lopiaseczno.waw.pl zgodnie z ustaw\u0105 z dnia 4 kwietnia 2019 r. o dost\u0119pno\u015bci cyfrowej stron internetowych i aplikacji mobilnych podmiot\u00f3w publicznych. O\u015bwiadczenie w sprawie dost\u0119pno\u015bci ma zastosowanie do serwisu&nbsp;lopiaseczno.waw.pl Data publikacji strony internetowej: 01.09.2010 Data ostatniej du\u017cej aktualizacji: 01.10.2017 Strona internetowa jest zgodna z ustaw\u0105 [&hellip;]<\/p>\n","protected":false},"author":1,"featured_media":0,"parent":0,"menu_order":0,"comment_status":"closed","ping_status":"closed","template":"elementor_header_footer","meta":{"_acf_changed":false,"inline_featured_image":false,"footnotes":""},"class_list":["post-1019","page","type-page","status-publish","hentry"],"acf":[],"_links":{"self":[{"href":"https:\/\/lopiaseczno.waw.pl\/index.php\/wp-json\/wp\/v2\/pages\/1019","targetHints":{"allow":["GET"]}}],"collection":[{"href":"https:\/\/lopiaseczno.waw.pl\/index.php\/wp-json\/wp\/v2\/pages"}],"about":[{"href":"https:\/\/lopiaseczno.waw.pl\/index.php\/wp-json\/wp\/v2\/types\/page"}],"author":[{"embeddable":true,"href":"https:\/\/lopiaseczno.waw.pl\/index.php\/wp-json\/wp\/v2\/users\/1"}],"replies":[{"embeddable":true,"href":"https:\/\/lopiaseczno.waw.pl\/index.php\/wp-json\/wp\/v2\/comments?post=1019"}],"version-history":[{"count":10,"href":"https:\/\/lopiaseczno.waw.pl\/index.php\/wp-json\/wp\/v2\/pages\/1019\/revisions"}],"predecessor-version":[{"id":2159,"href":"https:\/\/lopiaseczno.waw.pl\/index.php\/wp-json\/wp\/v2\/pages\/1019\/revisions\/2159"}],"wp:attachment":[{"href":"https:\/\/lopiaseczno.waw.pl\/index.php\/wp-json\/wp\/v2\/media?parent=1019"}],"curies":[{"name":"wp","href":"https:\/\/api.w.org\/{rel}","templated":true}]}}